{"id":887,"date":"2017-06-07T20:51:14","date_gmt":"2017-06-07T18:51:14","guid":{"rendered":"https:\/\/speefak.spdns.de\/www.cc-trade.info\/?page_id=887"},"modified":"2019-02-24T19:02:19","modified_gmt":"2019-02-24T18:02:19","slug":"cryptowatch","status":"publish","type":"page","link":"https:\/\/speefak.spdns.de\/www.cc-trade.info\/charts-analysen\/cryptowatch\/","title":{"rendered":"Cryptowatch"},"content":{"rendered":"<p><strong>Cryptowatch ist eines der f\u00fchrenden B\u00f6rsenportale in Bezug auf Charts und den Handel mit <a href=\"https:\/\/speefak.spdns.de\/www.cc-trade.info\/\">Kryptow\u00e4hrungen<\/a>. Cryptowatch bietet von Echtzeit Chartdarstellungen der Kurse \u00fcber gehandeltes Volumen sowie grundlegender B\u00f6rsenkennwerte bis hin zu direktem Handel in Echtzeit alles was zum Handel n\u00f6tig ist.<\/strong><\/p>\n<hr \/>\n<p>Cryptowatch ging erstmals 2014 online und war Anfangs nur ein Portal zur Chartdarstellung. Mit der Zeit wurden immer mehr Funktionen implementiert. Im M\u00e4rz 2017 kaufte <a href=\"https:\/\/speefak.spdns.de\/www.cc-trade.info\/boersen\/www-kraken-com\/\" target=\"_blank\" rel=\"noopener noreferrer\">Kraken<\/a> das Portal auf und baute es mit dem bisherigen Entwickler und Programmierer\u00a0Artur Sapek zu einer vollst\u00e4ndigen Handelsplattform aus. Nach einem erfolgreichen Update Anfang Januar 2018 wurde die Geschwindigkeit der Seite stark verbessert sodass sekundenschneller Handel wieder m\u00f6glich wurde<\/p>\n<hr \/>\n<p style=\"text-align: center;\">Das Standardseitenlayout stellt alle auf Cryptowatch gelisteten Kryptow\u00e4hrungen und dessen Futures als Chart der letzten 24 Stunden dar.<\/p>\n<p style=\"text-align: center;\"><div id=\"metaslider-id-1352\" style=\"width: 100%; margin: 0 auto;\" class=\"ml-slider-3-108-0 metaslider metaslider-nivo metaslider-1352 ml-slider has-dots-nav ms-theme-default\" role=\"region\" aria-label=\"cryptowatch\" data-height=\"430\" data-width=\"700\">\n    <div id=\"metaslider_container_1352\">\n        <div class='slider-wrapper theme-default'><div class='ribbon'><\/div><div id='metaslider_1352' class='nivoSlider'><a href=\"https:\/\/speefak.spdns.de\/www.cc-trade.info\/wp-content\/uploads\/2018\/01\/cryptowatch_slider0.jpg\" target=\"_self\"><img loading=\"lazy\" decoding=\"async\" src=\"https:\/\/speefak.spdns.de\/www.cc-trade.info\/wp-content\/uploads\/2018\/01\/cryptowatch_slider0-700x430.jpg\" height=\"430\" width=\"700\" alt=\"\" class=\"slider-1352 slide-1365 msDefaultImage\" \/><\/a><a href=\"https:\/\/speefak.spdns.de\/www.cc-trade.info\/wp-content\/uploads\/2017\/05\/cryptowatch_slider1.jpg\" target=\"_self\"><img loading=\"lazy\" decoding=\"async\" src=\"https:\/\/speefak.spdns.de\/www.cc-trade.info\/wp-content\/uploads\/2017\/05\/cryptowatch_slider1-700x430.jpg\" height=\"430\" width=\"700\" alt=\"\" class=\"slider-1352 slide-1367 msDefaultImage\" \/><\/a><a href=\"https:\/\/speefak.spdns.de\/www.cc-trade.info\/wp-content\/uploads\/2017\/05\/cryptowatch_slider2.jpg\" target=\"_self\"><img loading=\"lazy\" decoding=\"async\" src=\"https:\/\/speefak.spdns.de\/www.cc-trade.info\/wp-content\/uploads\/2017\/05\/cryptowatch_slider2-700x430.jpg\" height=\"430\" width=\"700\" alt=\"\" class=\"slider-1352 slide-1368 msDefaultImage\" \/><\/a><a href=\"https:\/\/speefak.spdns.de\/www.cc-trade.info\/wp-content\/uploads\/2017\/05\/cryptowatch_slider3.jpg\" target=\"_self\"><img loading=\"lazy\" decoding=\"async\" src=\"https:\/\/speefak.spdns.de\/www.cc-trade.info\/wp-content\/uploads\/2017\/05\/cryptowatch_slider3-700x430.jpg\" height=\"430\" width=\"700\" alt=\"\" class=\"slider-1352 slide-1369 msDefaultImage\" \/><\/a><a href=\"https:\/\/speefak.spdns.de\/www.cc-trade.info\/wp-content\/uploads\/2017\/05\/cryptowatch_slider4.jpg\" target=\"_self\"><img loading=\"lazy\" decoding=\"async\" src=\"https:\/\/speefak.spdns.de\/www.cc-trade.info\/wp-content\/uploads\/2017\/05\/cryptowatch_slider4-700x430.jpg\" height=\"430\" width=\"700\" alt=\"\" class=\"slider-1352 slide-1370 msDefaultImage\" \/><\/a><a href=\"https:\/\/speefak.spdns.de\/www.cc-trade.info\/wp-content\/uploads\/2017\/05\/cryptowatch_slider5.jpg\" target=\"_self\"><img loading=\"lazy\" decoding=\"async\" src=\"https:\/\/speefak.spdns.de\/www.cc-trade.info\/wp-content\/uploads\/2017\/05\/cryptowatch_slider5-700x430.jpg\" height=\"430\" width=\"700\" alt=\"\" class=\"slider-1352 slide-1371 msDefaultImage\" \/><\/a><\/div><\/div>\n        \n    <\/div>\n<\/div><\/p>\n<hr \/>\n<h3>Der Handel auf Cryptowatch<\/h3>\n<p>Der Handel auf Cryptowatch setzt ein Depot bei einer von Cryptowatch via API unterst\u00fctzen B\u00f6rse voraus. Damit ist der Kauf und Verkauf diverser Kryptow\u00e4hrungen m\u00f6glich.\u00a0 Die Nutzung der Website ist in Verbindung mit einem Krakendepot kostenlos.<\/p>\n<p>Cryptowatch bietet neben Handelsfunktionen ( Market, Limit, Settle Psotition, Stop Loss etc. ) einige sehr n\u00fctzliche Funktionen wie z.B. Alarme bei Erreichen eines voreinstellten Kurses.<\/p>\n","protected":false},"excerpt":{"rendered":"<p>Cryptowatch ist eines der f\u00fchrenden B\u00f6rsenportale in Bezug auf Charts und den Handel mit Kryptow\u00e4hrungen. Cryptowatch bietet von Echtzeit Chartdarstellungen der Kurse \u00fcber gehandeltes Volumen sowie grundlegender B\u00f6rsenkennwerte bis hin zu direktem Handel in&#46;&#46;&#46;<\/p>\n","protected":false},"author":1,"featured_media":1372,"parent":67,"menu_order":0,"comment_status":"closed","ping_status":"closed","template":"page-templates\/child-menu.php","meta":{"footnotes":""},"class_list":["post-887","page","type-page","status-publish","has-post-thumbnail","hentry"],"_links":{"self":[{"href":"https:\/\/speefak.spdns.de\/www.cc-trade.info\/wp-json\/wp\/v2\/pages\/887","targetHints":{"allow":["GET"]}}],"collection":[{"href":"https:\/\/speefak.spdns.de\/www.cc-trade.info\/wp-json\/wp\/v2\/pages"}],"about":[{"href":"https:\/\/speefak.spdns.de\/www.cc-trade.info\/wp-json\/wp\/v2\/types\/page"}],"author":[{"embeddable":true,"href":"https:\/\/speefak.spdns.de\/www.cc-trade.info\/wp-json\/wp\/v2\/users\/1"}],"replies":[{"embeddable":true,"href":"https:\/\/speefak.spdns.de\/www.cc-trade.info\/wp-json\/wp\/v2\/comments?post=887"}],"version-history":[{"count":0,"href":"https:\/\/speefak.spdns.de\/www.cc-trade.info\/wp-json\/wp\/v2\/pages\/887\/revisions"}],"up":[{"embeddable":true,"href":"https:\/\/speefak.spdns.de\/www.cc-trade.info\/wp-json\/wp\/v2\/pages\/67"}],"wp:featuredmedia":[{"embeddable":true,"href":"https:\/\/speefak.spdns.de\/www.cc-trade.info\/wp-json\/wp\/v2\/media\/1372"}],"wp:attachment":[{"href":"https:\/\/speefak.spdns.de\/www.cc-trade.info\/wp-json\/wp\/v2\/media?parent=887"}],"curies":[{"name":"wp","href":"https:\/\/api.w.org\/{rel}","templated":true}]}}