{"id":869,"date":"2017-06-07T19:16:51","date_gmt":"2017-06-07T17:16:51","guid":{"rendered":"https:\/\/speefak.spdns.de\/www.cc-trade.info\/?page_id=869"},"modified":"2020-04-04T16:17:21","modified_gmt":"2020-04-04T14:17:21","slug":"www-kraken-com","status":"publish","type":"page","link":"https:\/\/speefak.spdns.de\/www.cc-trade.info\/boersen\/www-kraken-com\/","title":{"rendered":"Kraken"},"content":{"rendered":"<h3>Kraken<\/h3>\n<p><strong>Kraken wurde im Jahr 2011 gegr\u00fcndet und ist eine in San Francisco ans\u00e4ssige Kryptob\u00f6rse auf der eine Vielzahl an Kryptow\u00e4hrungen gehandelt werden k\u00f6nnen. Zu dem Portfolio der Handelsplattform z\u00e4hlen u.a. bereits Coinsetter, Cavirtex und Clevercoin. Im M\u00e4rz 2017 kaufte Kraken das B\u00f6rsenportal Cryptowatch auf.<br \/>\n<\/strong><\/p>\n<hr \/>\n<p style=\"text-align: left;\">Kraken ist eine der ersten Kryptob\u00f6rsen die es am Markt gab und dementsprechend etabliert.\u00a0 Der Handel ist entweder \u00fcber das websiteeigene Interface m\u00f6glich oder\u00a0 \u00fcber Cryptowatch.de via Kraken API . Kauf und Verkauf Anweisungen ( Orders ) werden in der Regel schnell im Tradingbackend\u00a0 von Kraken eingepflegt, jedoch kommt es zu Sto\u00dfzeiten des \u00d6fteren zu Verz\u00f6gerungen. Die Cryptowatch Kraken API weist meist eine geringe Latenz als die Kraken websiteeigene Handelsplattform auf, die auch gerne mal komplett aus dem Backend f\u00fcr einige Minuten aussteigt. F\u00fcr den Schnellen Handel ( Daytrading ) ist das Kraken Interface daher weniger geeignet. Cryptowatch.de ist da die bessere Wahl.<\/p>\n<hr \/>\n<p style=\"text-align: center;\">Auf der Kraken Startseite werden Kontost\u00e4nde, Kurse etc. \u00fcbersichtlich dargestellt :<\/p>\n<p><img loading=\"lazy\" decoding=\"async\" class=\"size-full wp-image-874 aligncenter\" src=\"https:\/\/speefak.spdns.de\/www.cc-trade.info\/wp-content\/uploads\/2017\/06\/Kraken_Main.png\" alt=\"\" width=\"844\" height=\"938\" srcset=\"https:\/\/speefak.spdns.de\/www.cc-trade.info\/wp-content\/uploads\/2017\/06\/Kraken_Main.png 844w, https:\/\/speefak.spdns.de\/www.cc-trade.info\/wp-content\/uploads\/2017\/06\/Kraken_Main-135x150.png 135w, https:\/\/speefak.spdns.de\/www.cc-trade.info\/wp-content\/uploads\/2017\/06\/Kraken_Main-144x160.png 144w, https:\/\/speefak.spdns.de\/www.cc-trade.info\/wp-content\/uploads\/2017\/06\/Kraken_Main-691x768.png 691w, https:\/\/speefak.spdns.de\/www.cc-trade.info\/wp-content\/uploads\/2017\/06\/Kraken_Main-270x300.png 270w\" sizes=\"auto, (max-width: 844px) 100vw, 844px\" \/><\/p>\n<hr \/>\n<p style=\"text-align: center;\">Eine Kauf- und Verkaufs\u00fcbersicht auf Kraken sieht wie folgt aus<\/p>\n<p style=\"text-align: center;\"><img loading=\"lazy\" decoding=\"async\" class=\"size-full wp-image-875 aligncenter\" src=\"https:\/\/speefak.spdns.de\/www.cc-trade.info\/wp-content\/uploads\/2017\/06\/Kraken_Deposit.png\" alt=\"\" width=\"844\" height=\"938\" srcset=\"https:\/\/speefak.spdns.de\/www.cc-trade.info\/wp-content\/uploads\/2017\/06\/Kraken_Deposit.png 844w, https:\/\/speefak.spdns.de\/www.cc-trade.info\/wp-content\/uploads\/2017\/06\/Kraken_Deposit-135x150.png 135w, https:\/\/speefak.spdns.de\/www.cc-trade.info\/wp-content\/uploads\/2017\/06\/Kraken_Deposit-144x160.png 144w, https:\/\/speefak.spdns.de\/www.cc-trade.info\/wp-content\/uploads\/2017\/06\/Kraken_Deposit-691x768.png 691w, https:\/\/speefak.spdns.de\/www.cc-trade.info\/wp-content\/uploads\/2017\/06\/Kraken_Deposit-270x300.png 270w\" sizes=\"auto, (max-width: 844px) 100vw, 844px\" \/><\/p>\n<hr \/>\n<p style=\"text-align: left;\">\n","protected":false},"excerpt":{"rendered":"<p>Kraken Kraken wurde im Jahr 2011 gegr\u00fcndet und ist eine in San Francisco ans\u00e4ssige Kryptob\u00f6rse auf der eine Vielzahl an Kryptow\u00e4hrungen gehandelt werden k\u00f6nnen. Zu dem Portfolio der Handelsplattform z\u00e4hlen u.a. bereits Coinsetter, Cavirtex&#46;&#46;&#46;<\/p>\n","protected":false},"author":1,"featured_media":1380,"parent":87,"menu_order":0,"comment_status":"closed","ping_status":"closed","template":"page-templates\/child-menu.php","meta":{"footnotes":""},"class_list":["post-869","page","type-page","status-publish","has-post-thumbnail","hentry"],"_links":{"self":[{"href":"https:\/\/speefak.spdns.de\/www.cc-trade.info\/wp-json\/wp\/v2\/pages\/869","targetHints":{"allow":["GET"]}}],"collection":[{"href":"https:\/\/speefak.spdns.de\/www.cc-trade.info\/wp-json\/wp\/v2\/pages"}],"about":[{"href":"https:\/\/speefak.spdns.de\/www.cc-trade.info\/wp-json\/wp\/v2\/types\/page"}],"author":[{"embeddable":true,"href":"https:\/\/speefak.spdns.de\/www.cc-trade.info\/wp-json\/wp\/v2\/users\/1"}],"replies":[{"embeddable":true,"href":"https:\/\/speefak.spdns.de\/www.cc-trade.info\/wp-json\/wp\/v2\/comments?post=869"}],"version-history":[{"count":0,"href":"https:\/\/speefak.spdns.de\/www.cc-trade.info\/wp-json\/wp\/v2\/pages\/869\/revisions"}],"up":[{"embeddable":true,"href":"https:\/\/speefak.spdns.de\/www.cc-trade.info\/wp-json\/wp\/v2\/pages\/87"}],"wp:featuredmedia":[{"embeddable":true,"href":"https:\/\/speefak.spdns.de\/www.cc-trade.info\/wp-json\/wp\/v2\/media\/1380"}],"wp:attachment":[{"href":"https:\/\/speefak.spdns.de\/www.cc-trade.info\/wp-json\/wp\/v2\/media?parent=869"}],"curies":[{"name":"wp","href":"https:\/\/api.w.org\/{rel}","templated":true}]}}