{"id":495,"date":"2017-05-31T08:24:23","date_gmt":"2017-05-31T06:24:23","guid":{"rendered":"https:\/\/speefak.spdns.de\/www.cc-trade.info\/?page_id=495"},"modified":"2018-01-24T01:52:49","modified_gmt":"2018-01-24T00:52:49","slug":"mining","status":"publish","type":"page","link":"https:\/\/speefak.spdns.de\/www.cc-trade.info\/technik\/mining\/","title":{"rendered":"Mining"},"content":{"rendered":"<h3>Mining &#8211; was steckt dahinter<\/h3>\n<p><strong>Mining ist ein Prozess, bei dem Recheneinleistung eines globalen, dezentralen Netzwerks aus Minern zur Transaktionsverarbeitung, Absicherung und Synchronisierung aller Nutzer im Netzwerk zur Verf\u00fcgung gestellt wird. Keine Einzelperson hat Kontrolle \u00fcber das Netzwerk. Die Auszahlung der jeweiligen Anteile einer Kryptow\u00e4hrung richtet sich nach der zur Verf\u00fcgung gestellten Rechenkapazit\u00e4t ( Hashrate ).<br \/>\n<\/strong><\/p>\n<p>In traditionellen Fiat-W\u00e4hrungssystemen drucken Regierungen bzw. Zentralbanken, wenn Bedarf besteht, mehr und mehr Geld. Bei den Kryptow\u00e4hrungen hingegen wird gar kein Geld gedruckt- der Wert an sich wird selbst oder in der Cloud (Cloudmining)\u00a0 &#8220;gesch\u00fcrft&#8221;. Rund um den Globus minen (errechnen) Computer Bitcoins und konkurrieren dabei miteinander.<\/p>\n<hr \/>\n<h3>Technischer Hintergrund<\/h3>\n<p>W\u00e4hrend dem Mining f\u00fchrt der Computer eine kryptographische Hashfunktion (zwei Runden SHA256) aus. Den sogenannten Block Header. F\u00fcr jeden neuen Hash benutzt die Mining-Software eine andere zuf\u00e4llig generierte Zahl f\u00fcr den Block-Header. Diese Nummer wird Nonce genannt. Abh\u00e4ngig von der Nonce und allem anderem, das im Block enthalten ist, erstellt die Hashfunktion einen Hash wie dieser:<\/p>\n<p>93ef6f358fbb998c60802496863052290d4c63735b7fe5bdaac821de96a53a9a<\/p>\n<p>Sie sehen dieser Hash ist eine ziemlich lange Nummer. (Es ist eine Hexadezimalzahl. Das heisst die Buchstaben A-F sind die Nummern 10-15). Um das Mining schwierig zu machen gibt es noch die Ziel-Schwierigkeit. Um einen g\u00fcltigen Block zu erstellen muss der Miner einen Hash finden, der kleiner als die Ziel-Schwierigkeit ist. Sagen wir zum Beispiel die Ziel-Schwierigkeit betr\u00e4gt<\/p>\n<p>1000000000000000000000000000000000000000000000000000000000000000<\/p>\n<p>Jede Nummer, die mit einer 0 beginnt, w\u00e4re somit kleiner als die Ziel-Schwierigkeit. z.B.:<br \/>\n0787a6fd6e0782f7f8058fbef45f5c17fe89086ad4e78a1520d06505acb4522f<\/p>\n<p>Wenn wir nun die Ziel-Schwierigkeit auf<\/p>\n<p>0100000000000000000000000000000000000000000000000000000000000000<\/p>\n<p>reduzieren, brauchen wir nun zwei Nullen am Anfang, um kleiner als sie zu sein:<\/p>\n<p>00db27957bd0ba06a5af9e6c81226d74312a7028cf9a08fa125e49f15cae4979<\/p>\n<p>Weil die Ziel-Schwierigkeit eine so lange Zahl ist, benutzt man \u00fcblicherweise eine kleinere Nummer um die Ziel-Schwierigkeit anzugeben. Diese Nummer wird Mining-Schwierigkeit genannt. Die Mining-Schwierigkeit stellt dar, wie viel schwieriger es ist, den aktuellen Block gegen\u00fcber dem Ersten zu erstellen. Eine Schwierigkeit von 70000 bedeutet, dass der aktuelle Block 70000 Mal mehr Arbeit ben\u00f6tigt, als Satoshi Nakamoto ben\u00f6tigte, um den ersten Block zu erstellen. Um Fair zu bleiben muss gesagt werden, dass damals das Mining viel langsamer und weniger optimiert war.<\/p>\n<p>Die Schwierigkeit wird alle 2016 Bl\u00f6cke angepasst. Das Netzwerk versucht, die Schwierigkeit so anzupassen, dass es das mit der Leistung des gesamten Netzwerks ungef\u00e4hr 14 Tage dauert um 2016 Bl\u00f6cke herzustellen. Deshalb steigt wenn die Leistung des Netzwerks zunimmt, die Schwierigkeit ebenfalls.<\/p>\n<p>Die Gesamtheit der berechneten Bl\u00f6cke wird als <a href=\"https:\/\/speefak.spdns.de\/www.cc-trade.info\/projekte\/die-blockchain\/\">Blockchain<\/a> bezeichnet und bildet die Basis aller Kryptow\u00e4hrungen.<\/p>\n<hr \/>\n<h3>Hardware<\/h3>\n<p>Es gibt verschiedene Varianten Kryptow\u00e4hrungen zu minen. Die Unterschiede betreffen Hard,- und Software. Anfangs war das &#8220;Mining&#8221; mit einer CPU der einzige Weg Kryptow\u00e4hrungen zu minen. Der Umstand, dass Grafikkarten die Arbeit parallel berechnen k\u00f6nnen f\u00fchrte zu einer Erh\u00f6hung der Mining-Leistung um das 50 bis 100-fache, w\u00e4hrend der Stromverbrauch f\u00fcr ein MHash gegen\u00fcber der CPU sank.<\/p>\n<p>Nach dem \u00dcbergang von der CPU zur GPU wurde schon bald die Verwendung von Field Programmable Gate Arrays (FPGA) als Haupt-Mining-Plattform eingel\u00e4utet. FPGAs bewirkten keine 50 bis 100-fache Erh\u00f6huung der Hashrate wie bei Wechsel von CPU zur GPU, stellte aber einen grossen Schritt in der Verbesserung der Energieeffizienz dar.<\/p>\n<p>Eine typische 600 MH\/s Grafikkarte hat einen Verbrauch von etwa 400 Watt, w\u00e4hrend ein FPGA mit einer Hashrate von 826 MH\/s nur 80 Watt ben\u00f6tigt. Dies stellt eine f\u00fcnffache Erh\u00f6hung der Energieeffizienz dar. Die Energieeffizient ist ein wichtiger Bestandteil des Gewinns, was viele Personen dazu bewog, FPGA&#8217;s anstatt GPU&#8217;s zu verwenden.<\/p>\n<p>Mit dem Aufkommen von Anwendungsspezifisch integrierten Schaltungen (Application Specific Integrated Circuit ASIC), wurde die Energieeffizienz und Rechenkapazit\u00e4t enorm gesteigert. Die Tatsache, dass ein ASIC nur spezifische Aufgaben erledigen kann, f\u00fchrte zu einer 100-fachen Erh\u00f6hung der Hashrate w\u00e4hrend der Stromverbrauch im Verh\u00e4ltnis zu fr\u00fcheren Generation stark sank. Das Ger\u00e4t von Butterfly Labs zum Beispiel, hat eine Hashrate von 60 GH\/s (1 Gigahash sind 1000 Megahash. 1 GH\/s = 1000 MH\/s) bei einem Stromverbrauch von 60 Watt. Verglichen zur GPU Era ist das eine 100-fache Erh\u00f6hung der Hashrate, w\u00e4hrend der Stromverbrauch um das siebenfache sank.<\/p>\n<p>Anders als FPGA&#8217;s k\u00f6nnen ASIC&#8217;s keine anderen Arbeiten ausf\u00fchren. Ein ASIC, das f\u00fcr das Minen gebaut wurde, kann und wird immer nur minen.<\/p>\n<p>Anders als die fr\u00fchere Mining-Hardware ist ASIC die letzte Generation, welche fortan weiterentwickelt wird. CPU&#8217;s wurden durch GPU&#8217;s ersetzt, welche durch FPGA&#8217;s ersetzt wurden, die nun von ASIC&#8217;s ersetzt werden. Es gibt zurzeit keine Anzeichen, dass ASIC&#8217;s in der n\u00e4heren Zukunft ersetzen werden. Es wird eine schrittweise Weiterentwicklung der Effizienz der ASIC Produkte geben. Niemand wird aber die Leistung um das 50 bis 100-fache erh\u00f6hen oder den Stromverbrauch gegen\u00fcber der vorg\u00e4ngigen Version drastisch reduzieren.<\/p>\n<p>Der Stromverbrauch ist im Verh\u00e4ltnis zur Hashrate der wichtigste Faktor eines ASIC-Produktes. Ausserdem ist die Lebenszeit l\u00e4nger als die gesamte Geschichte des Minings. Es ist sehr wahrscheinlich, dass ein ASIC-Ger\u00e4t, das heute gekauft wird in zwei Jahren noch gen\u00fcgend energieeffizient ist und sein Ertrag die Stromkosten \u00fcbertrifft. Der Ertrag wird auch von den W\u00e4hrungskursen bestimmt. Man kann aber in der Regel sagen: &#8220;Je h\u00f6her die Energieeffizienz, desto h\u00f6her der Ertrag&#8221;.<\/p>\n<hr \/>\n<h3>Software<\/h3>\n<p>Wie auch bei der Hardware gibt es in der Art des Minings ebenfalls unterschiedliche Ans\u00e4tze :\u00a0 Alleine oder als Mitglied eines Pools. Bei einem Pool wird der Gewinn aus jedem Block, der ein Mitglied generiert durch alle Mitglieder des Pools geteilt. Der Vorteil den Sie durch den Beitritt eines Pools erhalten sind regelm\u00e4\u00dfigere und gleichm\u00e4\u00dfigere Auszahlungen. Diese fallen jedoch kleiner aus. Wenn Sie alleine minen erhalten Sie gr\u00f6\u00dfere und unregelm\u00e4\u00dfigere Auszahlungen, m\u00fcssen allerdings viel Hardware investieren um mit den Minigfarmen oder Mininspools mithalten zu k\u00f6nnen.<\/p>\n<p>&nbsp;<\/p>\n","protected":false},"excerpt":{"rendered":"<p>Mining &#8211; was steckt dahinter Mining ist ein Prozess, bei dem Recheneinleistung eines globalen, dezentralen Netzwerks aus Minern zur Transaktionsverarbeitung, Absicherung und Synchronisierung aller Nutzer im Netzwerk zur Verf\u00fcgung gestellt wird. Keine Einzelperson hat&#46;&#46;&#46;<\/p>\n","protected":false},"author":1,"featured_media":1344,"parent":239,"menu_order":2,"comment_status":"closed","ping_status":"closed","template":"page-templates\/child-menu.php","meta":{"footnotes":""},"class_list":["post-495","page","type-page","status-publish","has-post-thumbnail","hentry"],"_links":{"self":[{"href":"https:\/\/speefak.spdns.de\/www.cc-trade.info\/wp-json\/wp\/v2\/pages\/495","targetHints":{"allow":["GET"]}}],"collection":[{"href":"https:\/\/speefak.spdns.de\/www.cc-trade.info\/wp-json\/wp\/v2\/pages"}],"about":[{"href":"https:\/\/speefak.spdns.de\/www.cc-trade.info\/wp-json\/wp\/v2\/types\/page"}],"author":[{"embeddable":true,"href":"https:\/\/speefak.spdns.de\/www.cc-trade.info\/wp-json\/wp\/v2\/users\/1"}],"replies":[{"embeddable":true,"href":"https:\/\/speefak.spdns.de\/www.cc-trade.info\/wp-json\/wp\/v2\/comments?post=495"}],"version-history":[{"count":0,"href":"https:\/\/speefak.spdns.de\/www.cc-trade.info\/wp-json\/wp\/v2\/pages\/495\/revisions"}],"up":[{"embeddable":true,"href":"https:\/\/speefak.spdns.de\/www.cc-trade.info\/wp-json\/wp\/v2\/pages\/239"}],"wp:featuredmedia":[{"embeddable":true,"href":"https:\/\/speefak.spdns.de\/www.cc-trade.info\/wp-json\/wp\/v2\/media\/1344"}],"wp:attachment":[{"href":"https:\/\/speefak.spdns.de\/www.cc-trade.info\/wp-json\/wp\/v2\/media?parent=495"}],"curies":[{"name":"wp","href":"https:\/\/api.w.org\/{rel}","templated":true}]}}