{"id":228,"date":"2017-05-15T10:42:33","date_gmt":"2017-05-15T08:42:33","guid":{"rendered":"https:\/\/speefak.spdns.de\/www.cc-trade.info\/?page_id=228"},"modified":"2019-02-24T17:19:16","modified_gmt":"2019-02-24T16:19:16","slug":"bitcoin-der-pionier","status":"publish","type":"page","link":"https:\/\/speefak.spdns.de\/www.cc-trade.info\/kryptowaehrungen\/bitcoin-der-pionier\/","title":{"rendered":"Bitcoin &#8211; Der Pionier"},"content":{"rendered":"<h2>Bitcoin &#8211; Der Pionier<\/h2>\n<p><strong><img loading=\"lazy\" decoding=\"async\" class=\"size-full wp-image-1675 alignright\" src=\"https:\/\/speefak.spdns.de\/www.cc-trade.info\/wp-content\/uploads\/2019\/02\/btc_sw.png\" alt=\"\" width=\"128\" height=\"128\" \/>Das Bitcoin-Netzwerk entstand am 3. Januar 2009 mit der Sch\u00f6pfung der ersten 50 Bitcoins. und war das erste seiner Art. Das Konzept der Kryptow\u00e4hrungen, in diesem Fall Bitcoin, wurde 2008 von Satoshi Nakamoto vorgeschlagen. Bisher wurd<\/strong><strong>e nicht bekannt, ob der Name f\u00fcr eine Person, ein Pseudonym oder eine Gruppe von Personen steht. Die grundlegenden Fehler sowie die einseitige Kontrolle des bisherigen Geldsystems veranlassten Satoshi Nakamoto den Bitcoincode zu entwickeln.<\/strong><\/p>\n<blockquote><p>\u201eDas Kernproblem konventioneller W\u00e4hrungen ist das Ausma\u00df an Vertrauen, das n\u00f6tig ist, damit sie funktionieren. Der Zentralbank muss vertraut werden, dass sie die W\u00e4hrung nicht entwertet, doch die Geschichte des Fiatgeldes ist voll von Verrat an diesem Vertrauen. Banken muss vertraut werden, dass sie unser Geld aufbewahren und es elektronisch transferieren, doch sie verleihen es in Wellen von Kreditblasen mit einem kleinen Bruchteil an Deckung. Wir m\u00fcssen den Banken unsere Privatsph\u00e4re anvertrauen, vertrauen, dass sie Identit\u00e4tsdieben nicht die M\u00f6glichkeit geben, unsere Konten leerzur\u00e4umen. Ihre massiven Zusatzkosten machen Micropayments unm\u00f6glich.<br \/>\nEine Generation fr\u00fcher hatten Nutzer von Time-Sharing-Computersystemen ein \u00e4hnliches Problem. Vor dem Aufkommen von starker Verschl\u00fcsselung mussten die User sich auf Passwortschutz f\u00fcr ihre Daten verlassen und dem Systemadministrator vertrauen, dass dieser ihre Informationen vertraulich hielt. Diese Privatsph\u00e4re konnte jederzeit aufgehoben werden, wenn der Administrator zu dem Schluss kam, dass sie weniger wog als andere Belange, oder auf Anweisung seiner Vorgesetzten. Dann aber wurde starke Verschl\u00fcsselung f\u00fcr die Masse der Nutzer verf\u00fcgbar, und Vertrauen war nicht l\u00e4nger n\u00f6tig. Daten konnten auf eine Weise gesichert werden, die einen Zugriff durch Dritte \u2013 egal aus welchem Grund, egal mit wie guten Entschuldigungen, egal was sonst \u2013 unm\u00f6glich machten.<br \/>\nEs ist Zeit, dass wir dasselbe mit Geld machen. Mit einer elektronischen W\u00e4hrung, die auf einem kryptografischen Beweis beruht und kein Vertrauen in Mittelsm\u00e4nner ben\u00f6tigt, ist Geld sicher und kann m\u00fchelos transferiert werden.\u201c<\/p>\n<p>\u2013 <span class=\"Person\">Satoshi Nakamoto<\/span><\/p><\/blockquote>\n<hr \/>\n<h2>Woher kommen Bitcoins und wie viele gibt es ?<\/h2>\n<p>Im Gegensatz zum herk\u00f6mmlichem Geldsystem, in dem immer mehr Einheiten in Umlauf gebracht werden k\u00f6nnen, ist das bei Kryptow\u00e4hrungen nicht m\u00f6glich.<\/p>\n<p>Kryptow\u00e4hrungen sind so konzipiert, dass die gesamte Anzahl der sich am Ende im System befindlichen Einheiten ab dem Startzeitpunkt der W\u00e4hrung bereits fest steht. Eine Geldentwertung wie z.b. durch Inflation gibt es im System der Kryptow\u00e4hrungen nicht. Auch spielt der der Zins im Kryptow\u00e4hrungssystem kaum eine Rolle, da nur mit den Einheiten gehandelt werden kann auf der Zugriff besteht. All die erodierenden Funktion des bisherigen Geldsystems, wie extrem hohe Transaktionsgeb\u00fchren, Zinsen, Inflation, extrem lange Transaktionszeiten, Intransparenz des gesamten Systems an sich uvm. werden durch das Konzept der Kryptow\u00e4hrungen irrelevant.<\/p>\n<div class=\"Vorlage_Zitat\">\n<p>Neue Bitcoins werden, wie bei fast allen <a href=\"https:\/\/speefak.spdns.de\/www.cc-trade.info\/kryptowaehrungen\/\" target=\"_blank\" rel=\"noopener noreferrer\">Kryptow\u00e4hrungen<\/a>, im Laufe der Zeit durch das sogenannte Mining erzeugt. Dabei konkurrieren alle Teilnehmer um einen Betrag, der etwa alle zehn Minuten an einen der Teilnehmer ausgesch\u00fcttet wird, sowie um den Erwerb der Transaktionsgeb\u00fchren. Das Ergebnis der aufwendigen Berechnung dient der Best\u00e4tigung von fremden Zahlungen und sichert den Betrieb des Bitcoin-Netzes. Die maximale Geldmenge ist durch das Netzwerkprotokoll auf 21 Millionen Einheiten festgelegt und kann nicht durch einzelne Teilnehmer beeinflusst werden. Aktuell sind ca. 16 Millionen von 21 Millionen verf\u00fcgbaren Bitcoins gesch\u00fcrft worden.<\/p>\n<hr \/>\n<h2>Wer kontrolliert das Bitcoinsystem<\/h2>\n<p>Bitcoin basiert ausschlie\u00dflich auf Mathematik. Es gibt kein Institutionengef\u00fcge, das hinter Bitcoin steht und f\u00fcr dessen Werthaltigkeit einsteht. Weltweit benutzen Menschen eine Software die einer mathematischen Formel folgt, um Bitcoins zu generieren. Diese Formel ist frei verf\u00fcgbar.<\/p>\n<p>Die Software ist eine sogenannte \u201eOpen Source\u201c-Software, was bedeutet, dass jeder nachschauen kann, was diese Software genau macht und ob sie ihren Zweck erf\u00fcllt. Die Bitcoin zugrunde liegende Technologie ist unter dem Namen &#8220;<a href=\"https:\/\/www.btc-echo.de\/was-ist-die-blockchain\/\">Blockchain<\/a>&#8221; bekannt und st\u00f6\u00dft derzeit, genauso wie Bitcoin, auf gro\u00dfes Interesse Seitens vieler Unternehmen, Institutionen und Regierungen. Entscheidungen werden \u00fcber einen im Programmcode festgelegten Konsens-Mechanismus vom Netzwerk getroffen und eben nicht durch eine einzelne Instanz.<\/p>\n<hr \/>\n<h2>Vorteile des Bitcoin<\/h2>\n<ul>\n<li><strong>Bitcoin ist dezentral aufgebaut<\/strong><br \/>\nDas Netzwerk wird von keiner zentralen Institution kontrolliert. Jeder Computer der Bitcoins errechnet und transferiert ist Teil des Netzwerks. Das bedeutet, keine zentrale Institution kann mit einer monet\u00e4ren Richtlinie die Oberhand \u00fcber Bitcoin erlangen \u2013 oder den Nutzern die Bitcoins wegnehmen. Wenn das System einmal aus irgendeinem Grund offline gehen sollte, bleiben die Coins dennoch erhalten. Das gesamte Protokoll kann auf der Festplatte abgespeichert oder sogar auf Papier ausgedruckt werden.<\/li>\n<li><strong>Bitcoin<b> ist leicht zu handhaben<\/b><\/strong><br \/>\nBanken machen es einem oft schwer ein Konto oder Gesch\u00e4ftskonto zu er\u00f6ffnen, was oftmals mit vielen b\u00fcrokratischen H\u00fcrden verbunden ist. Jeder kann ein Bitcoin-Konto (Wallet) er\u00f6ffnen, ohne irgendwelche Nachweise zu erbringen.<\/li>\n<li><strong>Bitcoin ist Pseudoanonym<\/strong><br \/>\nNutzer k\u00f6nnen mehrere BTC-Konten (Wallets) besitzen. Diesen sind keine Namen, Wohnadressen oder andere pers\u00f6nlichen Informationen zugeordnet.<\/li>\n<li><strong>Bitcoin Zahlungen sind zu 100% transparent<\/strong><br \/>\nDas Netzwerk speichert jede einzelne Transaktion in einem riesigen Register, auch Blockchain genannt. Die Blockchain wei\u00df alles. Wenn jemand eine \u00f6ffentliche BTC-Adresse besitzt, kann jeder einsehen, wie viele Bitcoins sich auf diesem Konto befinden. Sie wissen allerdings nicht wem diese Adresse geh\u00f6rt. Viele Nutzer benutzen dennoch wechselnde Adressen und transferieren nur Teile von Bitcoins an eine Adresse.<\/li>\n<li><strong>Bitcoin ist schnell (Peer-to-Peer)<\/strong><br \/>\nBitcoin kann \u00fcberall hin versendet werden und es dauert nur wenige Minuten bis das Netzwerk die Zahlung best\u00e4tigt. Eine Bitcoin-\u00dcberweisung erfolgt Peer-to-Peer, d.h. es schaltet sich kein Mittelsmann dazwischen, sodass die Transaktion, im Gegensatz zu Bank\u00fcberweisungen, direkt von A nach B gesendet wird.<\/li>\n<\/ul>\n<hr \/>\n<p class=\"watch-title-container\" style=\"text-align: center;\"><iframe loading=\"lazy\" src=\"https:\/\/www.youtube.com\/embed\/icJ_FMBbK6k\" width=\"600\" height=\"400\" frameborder=\"0\" allowfullscreen=\"allowfullscreen\"><\/iframe><\/p>\n<hr \/>\n<\/div>\n","protected":false},"excerpt":{"rendered":"<p>Bitcoin &#8211; Der Pionier Das Bitcoin-Netzwerk entstand am 3. Januar 2009 mit der Sch\u00f6pfung der ersten 50 Bitcoins. und war das erste seiner Art. Das Konzept der Kryptow\u00e4hrungen, in diesem Fall Bitcoin, wurde 2008&#46;&#46;&#46;<\/p>\n","protected":false},"author":1,"featured_media":1395,"parent":140,"menu_order":1,"comment_status":"closed","ping_status":"closed","template":"page-templates\/child-menu.php","meta":{"footnotes":""},"class_list":["post-228","page","type-page","status-publish","has-post-thumbnail","hentry"],"_links":{"self":[{"href":"https:\/\/speefak.spdns.de\/www.cc-trade.info\/wp-json\/wp\/v2\/pages\/228","targetHints":{"allow":["GET"]}}],"collection":[{"href":"https:\/\/speefak.spdns.de\/www.cc-trade.info\/wp-json\/wp\/v2\/pages"}],"about":[{"href":"https:\/\/speefak.spdns.de\/www.cc-trade.info\/wp-json\/wp\/v2\/types\/page"}],"author":[{"embeddable":true,"href":"https:\/\/speefak.spdns.de\/www.cc-trade.info\/wp-json\/wp\/v2\/users\/1"}],"replies":[{"embeddable":true,"href":"https:\/\/speefak.spdns.de\/www.cc-trade.info\/wp-json\/wp\/v2\/comments?post=228"}],"version-history":[{"count":0,"href":"https:\/\/speefak.spdns.de\/www.cc-trade.info\/wp-json\/wp\/v2\/pages\/228\/revisions"}],"up":[{"embeddable":true,"href":"https:\/\/speefak.spdns.de\/www.cc-trade.info\/wp-json\/wp\/v2\/pages\/140"}],"wp:featuredmedia":[{"embeddable":true,"href":"https:\/\/speefak.spdns.de\/www.cc-trade.info\/wp-json\/wp\/v2\/media\/1395"}],"wp:attachment":[{"href":"https:\/\/speefak.spdns.de\/www.cc-trade.info\/wp-json\/wp\/v2\/media?parent=228"}],"curies":[{"name":"wp","href":"https:\/\/api.w.org\/{rel}","templated":true}]}}