{"id":225,"date":"2017-04-01T10:41:39","date_gmt":"2017-04-01T08:41:39","guid":{"rendered":"https:\/\/speefak.spdns.de\/www.cc-trade.info\/?page_id=225"},"modified":"2019-02-24T18:48:42","modified_gmt":"2019-02-24T17:48:42","slug":"ethereum-der-smart-contract-coin","status":"publish","type":"page","link":"https:\/\/speefak.spdns.de\/www.cc-trade.info\/kryptowaehrungen\/ethereum-der-smart-contract-coin\/","title":{"rendered":"Ethereum \u2013 Der Smart Contract Coin"},"content":{"rendered":"<h2>Ethereum \u2013 Der Smart Contract Coin<\/h2>\n<p><strong><img loading=\"lazy\" decoding=\"async\" class=\"size-full wp-image-1674 alignright\" src=\"https:\/\/speefak.spdns.de\/www.cc-trade.info\/wp-content\/uploads\/2019\/02\/eth_sw.png\" alt=\"\" width=\"128\" height=\"128\" \/>Ethereum wurde urspr\u00fcnglich Ende 2013 von Vitalik Buterin allgemein beschrieben und Anfang 2014 von Gavin Wood im <\/strong><strong>sogenannten \u201eyellow paper\u201c formalisiert beschrieben. Im Juli 2015 wurde der Betrieb von Ethereum gestartet.<\/strong><\/p>\n<p>Nur 7 Monate sp\u00e4ter, am 29. Februar 2016, hatte die in Ethereum verwendete Kryptow\u00e4hrung Ether eine Marktkapitalisierung von \u00fcber 500 Millionen US-Dollar. Weitere zwei Wochen sp\u00e4ter, am 12. M\u00e4rz 2016, hatte sich diese bereits verdoppelt und Ether konnte eine Marktkapitalisierung von \u00fcber einer Milliarde Dollar verzeichnen. Die Entwicklung wird von der Ethereum Foundation geleitet, einer schweizerischen Non-profit-Stiftung.<\/p>\n<hr \/>\n<h3>Technik<\/h3>\n<p>Ethereum basiert wie auch Bitcoin auf der Blockchain-Technologie. Im Unterschied zu Bitcoin ist Ethereum jedoch keine reine Kryptow\u00e4hrung, sondern eine Plattform f\u00fcr sogenannte Dapps (Distributed Apps), die aus Smart Contracts bestehen. F\u00fcr Smart Contracts gibt es eine Vielzahl von Anwendungen, unter anderem E-Voting-Systeme, virtuelle Organisationen, Identity-Management und Crowdfunding.<\/p>\n<p>Erstellt wird Ethereum momentan noch durch einen sogenannten Proof of Work Algorithmus, welcher im Laufe der Entwicklungsphasen jedoch durch den Proof of Stake Algorithmus ersetzt werden soll.<\/p>\n<p>Beim Ethereum-Mining wird auf der CPU oder der GPU ein spezieller Algorithmus ausgef\u00fchrt, sodass sich die Ethereum-Miner an der Rechenleistung des Netzwerks beteiligen k\u00f6nnen. Als Belohnung erhalten die Ethereum-Miner daf\u00fcr im Gegenzug Ether. Um ihre Leistung zu b\u00fcndeln und so die Chancen auf eine Belohnung zu erh\u00f6hen, schlie\u00dfen sich die Ethereum-Miner in Pools (Gruppen) zusammen und b\u00fcndeln ihre Leistung.<\/p>\n<hr \/>\n<h3>Entwicklungsphasen<\/h3>\n<p>Im Juli 2015 wurde die Ethereum Frontier Phase gestartet. Ethereum Frontier war das Grundger\u00fcst f\u00fcr Ethereum, und die Hauptfunktionen bestanden in der Implementierung eines Proof of Work Algorithmus und verteilt ausgef\u00fchrten Programmen, sog. Smart Contracts. Im M\u00e4rz 2016 wechselten die Entwickler von der Frontierphase zu dem n\u00e4chsten Zwischenziel: Homestead. Homestead sorgte vor allem daf\u00fcr, dass die Nutzung von Ethereum sicherer wird, da Fehler behoben wurden. Die weiteren Hauptziele der Ethereum-Entwickler sind Metropolis und Serenity. Im Zwischenziel Metropolis sollen Anwendungen f\u00fcr den Endverbraucher und somit eine \u201eMainstream-Phase\u201c entstehen. Das Endziel Serenity sorgt f\u00fcr den Wechsel vom Proof of Work Algorithmus zu einem Proof of Stake Algorithmus.<\/p>\n<hr \/>\n<h3>The DAO<\/h3>\n<p><span lang=\"en\" xml:lang=\"en\">Eine DAO (Decentralized Autonomous Organization) ist eine Organisation, dessen Managementstruktur und -regeln digital und unver\u00e4nderbar durch einen Smart Contract festgeschrieben und dezentral (hier durch das Ethereum-Netzwerk) ausgef\u00fchrt werden. Daher sind konventionelle Strukturen wie Vorst\u00e4nde oder Entscheidungsgremien nicht mehr n\u00f6tig.<br \/>\n<\/span><\/p>\n<p>Die Aufgabe von The DAO besteht darin, Ether (die Standard-Kryptow\u00e4hrung in Ethereum) durch Verkauf von Stimmberechtigungsanteilen einzunehmen, ein Entscheidungsgremium \u00fcber die Verwendung des gesammelten Ethers abzuhalten und entsprechend das gesammelte Ether zu \u00fcberweisen. Es handelt sich also um eine autonome und automatisierte Investmentfirma. The DAO wurde im April 2016 in die Blockchain hochgeladen und durchlief ein Crowdfunding bis zum 28. Mai 2016 (gekauft wurde mit der Kryptow\u00e4hrung Ether). The DAO Token, die zur Stimmabgabe f\u00fcr die in The DAO getroffenen Entscheidungen berechtigen, k\u00f6nnen auf diversen Kryptob\u00f6rsen gehandelt werden.<\/p>\n<hr \/>\n<h3>Die Spaltung der Ethereum Blockchain<\/h3>\n<p>Am 17. Juni 2016 wurden durch einen Fehler im Smart Contract von The DAO 3,6 Millionen Ether mit einem Marktwert von ca. 65 Millionen Euro entwendet. Eine Ver\u00e4nderung der Blockchain, auf den Status vor dem Diebstahl ( englisch \u201a<span lang=\"en\" xml:lang=\"en\">hard fork<\/span>\u2018) war in der\u00a0Gemeinschaft sehr umstritten, da dies eine neue, korrigierte Blockchain ergeben w\u00fcrde und das Prinzip der Unver\u00e4nderbarkeit der <a href=\"https:\/\/speefak.spdns.de\/www.cc-trade.info\/projekte\/die-blockchain\/\">Blockchain<\/a> in Frage stellte.<\/p>\n<p>Durch die Abstimmung, dessen Ergebnis der Beschluss des Hard Fork war, wurden die gestohlenen Ether unbrauchbar. Allerdings spaltete dieser Schritt die Gemeinschaft und es entstanden zwei Blockchains, von denen die urspr\u00fcngliche als Ethereum Classic (ETC) weitergef\u00fchrt wird. Die Ethereum Foundation hat anhand verschiedener Metriken und einer erneuten Abstimmung der Gemeinschaft entschieden, ihre Entwicklungst\u00e4tigkeit nur auf die abgespaltene Hauptblockchain (Ethereum\u00a0 ETH) zu beschr\u00e4nken und sich nicht mit Ethereum Classic zu besch\u00e4ftigen.<\/p>\n<hr \/>\n","protected":false},"excerpt":{"rendered":"<p>Ethereum \u2013 Der Smart Contract Coin Ethereum wurde urspr\u00fcnglich Ende 2013 von Vitalik Buterin allgemein beschrieben und Anfang 2014 von Gavin Wood im sogenannten \u201eyellow paper\u201c formalisiert beschrieben. Im Juli 2015 wurde der Betrieb&#46;&#46;&#46;<\/p>\n","protected":false},"author":1,"featured_media":1391,"parent":140,"menu_order":4,"comment_status":"closed","ping_status":"closed","template":"page-templates\/child-menu.php","meta":{"footnotes":""},"class_list":["post-225","page","type-page","status-publish","has-post-thumbnail","hentry"],"_links":{"self":[{"href":"https:\/\/speefak.spdns.de\/www.cc-trade.info\/wp-json\/wp\/v2\/pages\/225","targetHints":{"allow":["GET"]}}],"collection":[{"href":"https:\/\/speefak.spdns.de\/www.cc-trade.info\/wp-json\/wp\/v2\/pages"}],"about":[{"href":"https:\/\/speefak.spdns.de\/www.cc-trade.info\/wp-json\/wp\/v2\/types\/page"}],"author":[{"embeddable":true,"href":"https:\/\/speefak.spdns.de\/www.cc-trade.info\/wp-json\/wp\/v2\/users\/1"}],"replies":[{"embeddable":true,"href":"https:\/\/speefak.spdns.de\/www.cc-trade.info\/wp-json\/wp\/v2\/comments?post=225"}],"version-history":[{"count":0,"href":"https:\/\/speefak.spdns.de\/www.cc-trade.info\/wp-json\/wp\/v2\/pages\/225\/revisions"}],"up":[{"embeddable":true,"href":"https:\/\/speefak.spdns.de\/www.cc-trade.info\/wp-json\/wp\/v2\/pages\/140"}],"wp:featuredmedia":[{"embeddable":true,"href":"https:\/\/speefak.spdns.de\/www.cc-trade.info\/wp-json\/wp\/v2\/media\/1391"}],"wp:attachment":[{"href":"https:\/\/speefak.spdns.de\/www.cc-trade.info\/wp-json\/wp\/v2\/media?parent=225"}],"curies":[{"name":"wp","href":"https:\/\/api.w.org\/{rel}","templated":true}]}}