{"id":216,"date":"2017-05-15T11:23:10","date_gmt":"2017-05-15T09:23:10","guid":{"rendered":"https:\/\/speefak.spdns.de\/www.cc-trade.info\/?page_id=216"},"modified":"2018-01-24T02:30:08","modified_gmt":"2018-01-24T01:30:08","slug":"die-blockchain","status":"publish","type":"page","link":"https:\/\/speefak.spdns.de\/www.cc-trade.info\/technik\/die-blockchain\/","title":{"rendered":"Die Blockchain"},"content":{"rendered":"<h2>Was ist die Blockchain<\/h2>\n<p><strong>Die aller <a href=\"https:\/\/speefak.spdns.de\/www.cc-trade.info\/kryptowaehrungen\/\">Kryptow\u00e4hrungen<\/a> zugrunde liegende Technologie nennt sich Blockchain. Das Prinzip der Blockchain ist so genial wie einfach und verschiebt die Kontrolle und Verifizierung sowie Speicherung von Informationen von einer zentralen Instanz wie Banken, Staaten und Konzernen hin zu einer rein mathematisch, dezentralen und \u00f6ffentlichen Datenbank, einsehbar f\u00fcr jedermann und auf tausenden Computern gespeichert.<\/strong><\/p>\n<p>Dabei hat jede Blockchain Ihr eigenes Protokoll sowie ihren eigenen Client f\u00fcr den Zugriff auf die Informationen in der entsprechenden Blockchain. Das erm\u00f6glicht\u00a0 teils grundlegend andere Funktionen der Blockchains. Die <a href=\"https:\/\/speefak.spdns.de\/www.cc-trade.info\/bitcoin-die-mutter-aller-kryptowaehrungen\/\">Bitcoin<\/a> Blockchain ist nur f\u00fcr die Speicherung von Kontost\u00e4nden der Bitcoinkonten gedacht &#8211; also ein reines Zahlungssystem. Weiterentwicklungen wie der <a href=\"https:\/\/speefak.spdns.de\/www.cc-trade.info\/kryptowaehrungen\/ethereum-mehr-als-nur-ein-zahlungsmittel\/\">Ethereum<\/a> erm\u00f6glichen die Umsetzung ganzer Projekte und Programme mit Hilfe der Blockchain. Andere Protokolle wie der <a href=\"https:\/\/speefak.spdns.de\/www.cc-trade.info\/kryptowaehrungen\/ripple-2\/\">Ripple<\/a> greifen das aktuelle Banksystem der Schuldverschreibungen auf und beschleunigen dies extrem.<\/p>\n<hr \/>\n<h2>Wie funktioniert die Blockchain<\/h2>\n<p>Informationen werden in der Blockchain in sogenannten Bl\u00f6cken ( Blocks ) gespeichert. Die Art der Information ( Finanztransaktionen, Vertr\u00e4ge, Testament, Aktien, Kaufvertr\u00e4ge etc. ) ist dabei zweitrangig, muss allerdings in einen Block passen. Die <a href=\"https:\/\/bitinfocharts.com\/de\/comparison\/size-btc-eth-xrp-bch-ltc-dash-xmr.html#3m\" target=\"_blank\" rel=\"noopener\">Blockgr\u00f6\u00dfe<\/a> variiert bei den verschiedenen Blockchains.<\/p>\n<p>F\u00fcr jeden Block wird eine Pr\u00fcfsumme berechnet. Diese Pr\u00fcfsumme ist Bestandteil des darauf folgenden Blocks. Die daraus resultiere Blockkette &#8211; die Blockchain &#8212; ist damit gegen Manipulation gesch\u00fctzt, da die Ver\u00e4nderung eines bereits in der Kette befindlichen Blocks eine Pr\u00fcfsummen\u00e4nderung ALLER darauf folgenden Bl\u00f6cke verursachen w\u00fcrde und dies vom System sofort erkannt wird. Die Verifizierung der Blockchain, dessen Kopien auf tausenden bis millionen Computern redundant vorliegen erfolgt \u00fcber den abgleich der Pr\u00fcfsummen der Bl\u00f6cke. Weicht nun die Pr\u00fcfsumme einer Blockchain von der Kopie der anderen Blockchains ab, erkennt das Netzwerk diese Blockchain als ung\u00fcltig und verwirft diese.<\/p>\n<p>Zus\u00e4tzlich zur Pr\u00fcfsumme des vorhergehenden Blocks enth\u00e4lt ein Block auch immer die Pr\u00fcfsumme der gesamten Kette.<\/p>\n<hr \/>\n<h2>Wer berechnet die Bl\u00f6cke der Blockchain<\/h2>\n<p>Jeder Block wird durch das sogenannte Mining verifiziert und versiegelt. Einmal verifiziert ist der Block und die darin enthaltene Information f\u00fcr alle Ewigkeit, unver\u00e4nderlich und f\u00fcr jeden sichtbar gespeichert. Da gespeicherte Informationen f\u00fcr jeden im Original verf\u00fcgbar sind, ist die Blockchain entsprechend transparent. Korruption und Manipulation ist im System nicht vorgesehen. Die Bl\u00f6cke werden dabei durch Miner berechnet und verifiziert. Miner agieren als eine Art Buchhalterkollektiv, das sich gegenseitig permanent \u00fcberpr\u00fcft.<\/p>\n<p>Die Berechnung der Bl\u00f6cke erfolgt dabei nach strengen Regeln der <a href=\"https:\/\/speefak.spdns.de\/www.cc-trade.info\/2017\/05\/11\/ein-kleiner-ausflug-in-die-welt-der-kryptografie\/\">Kryptografie<\/a>. Demnach ist eine Pr\u00fcfsumme ( Hashwert oder Hash ) nur aus einem bestehenden Datenbestand berechenbar. Der umgekehrte Weg, durch die Pr\u00fcfsumme den Datensatz wiederherzustellen ist dagegen unm\u00f6glich.<\/p>\n<p>Um die Pr\u00fcsumme eines Blockes zu bestimmen, z.b. die ersten 5 Stellen m\u00fcssen den wert 0 haben um als verifizierter Block zu gelten, wird vor jeder Berechnung der Blockpr\u00fcfsumme eine Variable eingef\u00fcgt &#8211; die Nounce. Ergibt die Pr\u00fcfsumme eines Blockes den Hash 040340&#8230;. ist dieser laut Definition nicht g\u00fcltig. Jetzt wird nur die Nounce ver\u00e4ndert, jedoch nicht die Daten in dem Block selbst und die Pr\u00fcfsumme erneut berechnet. Dieser Vorgang wird solange wiederholt bis die Pr\u00fcfsumme des Blocks die o.g. Vorgaben erf\u00fcllt und mit 00000h43ui &#8230; beginnt. Damit ist der Block g\u00fcltig, wird von anderen Minern des Netzwerks \u00fcberpr\u00fcft und bei g\u00fcltiger Verifizierung der Blockchain hinzugef\u00fcgt. Die Transaktionsgeb\u00fchren der im verifizierten Block get\u00e4tigten Transaktionen werden dabei dem Miner, der den Block berechnet hat gutgeschrieben. Der gesamte Vorgang wird Mining genannt.<\/p>\n<hr \/>\n<h2>Absicherung durch \u00f6ffentliche und private Schl\u00fcssel<\/h2>\n<p>Um an einem auf Blockchain basierenden System teilzunehmen, braucht es eine Zugangssoftware. Diese Zugangssoftware, die sogenannte Wallet, basiert auf einem Schl\u00fcsselpaar, bestehend aus einem privaten und einem \u00f6ffentlichen Schl\u00fcssel. Der \u00f6ffentliche Schl\u00fcssel ist f\u00fcr jeden sichtbar. Der private Schl\u00fcssel ist geheim und vergleichbar mit einem Passwort. Jede Transaktion oder Bewegung innerhalb der Blockchain wird mit Hilfe des privaten Schl\u00fcssels signiert. Ohne Signatur ist die Transaktion ung\u00fcltig. Da das Schl\u00fcsselpaar auf einer asymmetrischen Verschl\u00fcsselung basiert, ist es unm\u00f6glich, nur anhand des \u00f6ffentlichen Schl\u00fcssels den privaten Schl\u00fcssel zu erraten.<\/p>\n<hr \/>\n<h2>Anwendungsgebiete der Blockchain<\/h2>\n<p>Die Blockchain Technologie erm\u00f6glicht der Informationsindustrie nie geahnte M\u00f6glichkeiten. Im Vertragswesen oder im Steuerrecht, also \u00fcberall dort wo Transparenz und Nachvollziehbarkeit erforderlich ist. In der Finanzbranche k\u00f6nnten internationale \u00dcberweisungen, das Settlement von Wertpapieren oder Settlement von \u00dcberweisungen zwischen Banken \u00fcber Blockchain abgewickelt werden. In der Finanzbranche besch\u00e4ftigt man sich eingehend mit Blockchain. Die CITI-Bank arbeitet angeblich an \u00fcber vierzig Blockchain-Projekten, die New Yorker B\u00f6rse \u00fcberlegt daran, den Aktienhandel \u00fcber die Blockchain effizienter zu machen und laut einer Studie von Santander k\u00f6nnten Banken j\u00e4hrlich 20 Mrd. EUR einsparen.<\/p>\n<p>Marktreife Anwendungen gibt es bereits jede Menge :<\/p>\n<ul>\n<li><strong>Smart Contract<br \/>\n<\/strong>Ein \u00fcber Blockchain abgewickelter Autokauf schaltet den digitalen Autoschl\u00fcssel f\u00fcr den neuen Eigent\u00fcmer frei, nachdem der definierte Betrag auf dem Konto des Verk\u00e4ufers eingegangen ist. Beim Ausbleiben einer Raten-Zahlung wird der Wagen gesperrt. Vertr\u00e4ge werden so wertneutral ausgef\u00fchrt und zwar exakt so, wie sie urspr\u00fcnglich definiert waren. Bei Smart Contracts handelt es sich im Prinzip um ausf\u00fchrbaren Programmcode in Form einer Wenn-Dann-Bedingung: Sobald ein Ereignis mit direktem Bezug zu einem Vertragsinhalt eingetreten ist, l\u00f6st es die entsprechende Aktion aus. Der digitale Vertrag kommuniziert \u00fcber Blockchain ohne einen Intermedi\u00e4r direkt mit dem Objekt \u2013 zum Beispiel einem Auto. <a class=\"ext-link wpel-icon-right\" href=\"https:\/\/speefak.spdns.de\/www.cc-trade.info\/kryptowaehrungen\/etherium\/\" target=\"_blank\" rel=\"nofollow external noopener noreferrer\" data-wpel-link=\"external\">Ethereum<\/a> bietet diese M\u00f6glichkeit beispielsweise.<\/li>\n<li><strong>Banking the Unbanked<\/strong><br \/>\nZugang zu einer Finanzinfrastruktur von Entwicklungsl\u00e4ndern kann ebenfalls \u00fcber Blockchain abgebildet werden. Bei einer auf Blockchain basierenden W\u00e4hrung ben\u00f6tigt man formelle Aufnahmekriterien nicht mehr, denn mit Kryptow\u00e4hrungen kann jeder ein Konto in Form eines Wallets er\u00f6ffnen und Herr seiner Finanzen sein, unabh\u00e4ngig von Ort und Zeit.<\/li>\n<li><strong>Banken-Infrastruktur<\/strong><br \/>\nDie Struktur der Banken ist seit Jahrzehnten unver\u00e4ndert. Der Prozess zur Wert\u00fcbertragung mit Banken als Intermedi\u00e4r ist seit \u00fcber 150 Jahren der gleiche. Das Prinzip der Blockchain kann das grundlegend ver\u00e4ndern. Die Abwicklung von Transaktionen und die \u00dcbertragung von Werten dauert in der Blockchain nicht mehr Tage, sondern wenige Sekunden bis Minuten.<\/li>\n<li><strong>Micro Payments<\/strong><br \/>\nDa Kryptow\u00e4hrungen wie Bitcoins sich nahezu beliebig st\u00fcckeln lassen und die bei einer Transaktion anfallenden Geb\u00fchren nur etwa 1 Prozent betragen, sind sie pr\u00e4destiniert f\u00fcr Micropayments und damit einhergehend f\u00fcr digitale G\u00fcter wie Zeitungsartikel, Apps oder Musiktitel.<\/li>\n<li><strong>Musikindustrie<\/strong><br \/>\nEin auf Blockchain basierender Musikdienst ist ein \u00f6ffentlicher dezentraler Musikladen, in dem es keine Plattenvertr\u00e4ge mehr braucht und K\u00fcnstler die Rechte an der eigenen Musik verwalten und die Bedingungen f\u00fcr die Nutzung der Musik festlegen. Das Verh\u00e4ltnis zwischen Fan und dem K\u00fcnstler ver\u00e4ndert sich in einem System dramatisch. Fans k\u00f6nnten f\u00fcr die Unterst\u00fctzung der K\u00fcnstler und das Verbreiten von Musik partizipieren und damit Teil des Erfolges sein.<\/li>\n<li><strong>Wahlsysteme<\/strong><br \/>\nEin auf Blockchain basierendes Wahlsystem w\u00e4re nicht nur vor Manipulation gesch\u00fctzt, sondert auch anonym und sicher. Vor allem k\u00f6nnen die W\u00e4hler von zu Hause w\u00e4hlen, ohne zu einer Wahlurne zu gehen. Fehler beim Ausz\u00e4hlen sind ausgeschlossen.<\/li>\n<li><strong>Versicherungen<\/strong><br \/>\nWie Smart Contracts auch, k\u00f6nnten Versicherungen funktionieren. Die Versicherung und Versicherungsnehmer einigen sich auf ein Regelwerk und die Blockchain setzt dieses Regelwerk fair und neutral um. Das Fahrverhalten wird \u00fcber die Blockchain analysiert und passt automatisch die Beitr\u00e4ge an. Vorsichtige Fahrer werden belohnt, risikobereite Fahrer zahlen mehr. Ein Regelwerk in der Blockchain setzt dieses System autark und wertneutral um.<\/li>\n<\/ul>\n<hr \/>\n<p class=\"watch-title-container\" style=\"text-align: center;\"><iframe loading=\"lazy\" src=\"https:\/\/www.youtube.com\/embed\/X0aSInvwHaA?ecver=1\" width=\"600\" height=\"400\" frameborder=\"0\" allowfullscreen=\"allowfullscreen\"><\/iframe><\/p>\n<hr \/>\n","protected":false},"excerpt":{"rendered":"<p>Was ist die Blockchain Die aller Kryptow\u00e4hrungen zugrunde liegende Technologie nennt sich Blockchain. Das Prinzip der Blockchain ist so genial wie einfach und verschiebt die Kontrolle und Verifizierung sowie Speicherung von Informationen von einer&#46;&#46;&#46;<\/p>\n","protected":false},"author":1,"featured_media":1307,"parent":239,"menu_order":1,"comment_status":"closed","ping_status":"closed","template":"page-templates\/child-menu.php","meta":{"footnotes":""},"class_list":["post-216","page","type-page","status-publish","has-post-thumbnail","hentry"],"_links":{"self":[{"href":"https:\/\/speefak.spdns.de\/www.cc-trade.info\/wp-json\/wp\/v2\/pages\/216","targetHints":{"allow":["GET"]}}],"collection":[{"href":"https:\/\/speefak.spdns.de\/www.cc-trade.info\/wp-json\/wp\/v2\/pages"}],"about":[{"href":"https:\/\/speefak.spdns.de\/www.cc-trade.info\/wp-json\/wp\/v2\/types\/page"}],"author":[{"embeddable":true,"href":"https:\/\/speefak.spdns.de\/www.cc-trade.info\/wp-json\/wp\/v2\/users\/1"}],"replies":[{"embeddable":true,"href":"https:\/\/speefak.spdns.de\/www.cc-trade.info\/wp-json\/wp\/v2\/comments?post=216"}],"version-history":[{"count":0,"href":"https:\/\/speefak.spdns.de\/www.cc-trade.info\/wp-json\/wp\/v2\/pages\/216\/revisions"}],"up":[{"embeddable":true,"href":"https:\/\/speefak.spdns.de\/www.cc-trade.info\/wp-json\/wp\/v2\/pages\/239"}],"wp:featuredmedia":[{"embeddable":true,"href":"https:\/\/speefak.spdns.de\/www.cc-trade.info\/wp-json\/wp\/v2\/media\/1307"}],"wp:attachment":[{"href":"https:\/\/speefak.spdns.de\/www.cc-trade.info\/wp-json\/wp\/v2\/media?parent=216"}],"curies":[{"name":"wp","href":"https:\/\/api.w.org\/{rel}","templated":true}]}}