{"id":208,"date":"2017-05-15T09:34:15","date_gmt":"2017-05-15T07:34:15","guid":{"rendered":"https:\/\/speefak.spdns.de\/www.cc-trade.info\/?page_id=208"},"modified":"2019-02-26T11:45:25","modified_gmt":"2019-02-26T10:45:25","slug":"der-banken-coin","status":"publish","type":"page","link":"https:\/\/speefak.spdns.de\/www.cc-trade.info\/kryptowaehrungen\/der-banken-coin\/","title":{"rendered":"Ripple &#8211; Der Banken Coin"},"content":{"rendered":"<h2>Das Ripplenetzwerk<\/h2>\n<p><strong><img loading=\"lazy\" decoding=\"async\" class=\"wp-image-1727 size-full alignright\" src=\"https:\/\/speefak.spdns.de\/www.cc-trade.info\/wp-content\/uploads\/2019\/02\/xrp_v2_sw.png\" alt=\"\" width=\"128\" height=\"128\" \/>Im Kern basiert Ripple, wie alle Kryptow\u00e4hrungen, auf einer gemeinsamen Datenbank, der <a href=\"https:\/\/speefak.spdns.de\/www.cc-trade.info\/projekte\/die-blockchain\/\" target=\"_blank\" rel=\"noopener noreferrer\">Blockchain<\/a>. Im Gegensatz zu anderen Kryptow\u00e4hrungen wird der Ripple Coin nicht durch <a href=\"https:\/\/speefak.spdns.de\/www.cc-trade.info\/projekte\/mining\/\">Mining <\/a>erschaffen, sondern alle Einheiten sind direkt aktiv. Der Ripple Coin selbst dienst als Transaktiongeb\u00fchr um digitale Wertpapiere oder Fiatw\u00e4hrungen zu handeln.<br \/>\n<\/strong><\/p>\n<p>Neben dem Zahlungsnetzwerk und dem verteilten Handelsplatz enth\u00e4lt Ripple auch eine eigene interne Kryptow\u00e4hrung <i>XRP<\/i> (manchmal als <i>Ripples<\/i> bezeichnet). Diese kann optional zur Wertaufbewahrung oder als Handelsmedium verwendet werden. Das Netzwerk ist w\u00e4hrungsneutral.<\/p>\n<hr \/>\n<h2>Ripple Labs &#8211; die Erfinder des Ripplenetzwerks<\/h2>\n<p>Ripple Labs ist die Gesellschaft, die das Ripple-Protokoll entwickelt. Sie wird von mehreren Investoren getragen, darunter Andreessen Horowitz, Google Ventures, IDG Technology Venture Investment Fund, Lightspeed Venture Partners, Camp One Ventures, Core Innovation Capital, Venture 51, Bitcoin Opportunity Fund sowie diverse Einzelpersonen.<\/p>\n<p>Im Gegensatz zu vielen anderen Gesellschaften der IT-Branche wird der Ertrag von Ripple Labs weder aus Geb\u00fchren noch aus Werbung generiert, sondern besteht allein aus der erhofften Wertsteigerung der einbehaltenen 25 Mrd XRP. Prim\u00e4res Gesch\u00e4ftsziel ist daher die weite Verbreitung und Maximierung des Nutzens von XRP f\u00fcr die Benutzer, so dass die Nachfrage nach XRP und somit aufgrund des begrenzten Angebots der Wert steigt.<\/p>\n<p>Die Besonderheit dieses Gesch\u00e4ftsmodells f\u00fchrt dazu, dass XRP zus\u00e4tzlich zu den Funktionen innerhalb des Zahlungsnetzwerks Aspekte eines Anteils am Grundkapital von Ripple Labs aufweist (vergleichbar mit einer Aktie). Durch den Erwerb von XRP k\u00f6nnen Investoren am wirtschaftlichen Erfolg bzw. Misserfolg der Gesellschaft teilhaben.<\/p>\n<p>Karl-Theodor zu Guttenberg ist seit Juli 2014 Berater bei Ripple Labs.<\/p>\n<hr \/>\n<h2>Funktionsweise<\/h2>\n<p>Die meisten modernen Geldsysteme basieren auf Vertrauen. Dies gilt insbesondere f\u00fcr digitale Konten von Fiat-W\u00e4hrungen. Ein Saldo von 100\u20ac auf einem Bankkonto erfordert das Vertrauen, dass die Bank das Geld auf Verlangen auszahlt. Ripple ist der Versuch, diesen Mechanismus auf eine online-W\u00e4hrung zu \u00fcbertragen, indem Verbindlichkeiten zwischen Individuen und Institutionen in einem weltweiten \u00f6ffentlichen Register aufgezeichnet werden.<\/p>\n<p>Im Register ist durch &#8220;Schuldscheine&#8221; ( <a title=\"Schuldschein\" href=\"https:\/\/de.wikipedia.org\/wiki\/Schuldschein\">IOUs<\/a> ) gespeichert, wie viel von welcher W\u00e4hrung eine Person einer anderen schuldet und umgekehrt. Ein unausgeglichenes IOU-Saldo besteht also immer aus privaten Verbindlichkeiten zwischen Individuen. Ein wichtiger Spezialfall sind Ripple-Gateways. Diese nehmen etablierte Zahlungsmittel an und stellen daf\u00fcr IOUs aus, die sie bei Bedarf jederzeit wieder einl\u00f6sen. Die Rolle eines Ripple-Gateways \u00e4hnelt also der einer Bank. Allerdings sind s\u00e4mtliche Verbindlichkeiten des Gateways im verteilten Ripple-Register gespeichert anstatt in den eigenen B\u00fcchern. Das Einl\u00f6sen von Gateway-IOUs bedeutet immer, dass eine Zahlung au\u00dferhalb des Ripple-Netzwerks stattfindet, z.B. durch Bargeld oder eine \u00dcberweisung.<\/p>\n<p>Wenn Zahlungen innerhalb des Ripple-Systems stattfinden, werden die Verbindlichkeiten zwischen den beteiligten Individuen entsprechend angepasst.<\/p>\n<p>Es werden 100 \u20ac auf ein Konto beim Gateway eingezahlt. Damit hat man einen Zahlungsanspruch von 100\u20ac gegen\u00fcber dem Gateway. Genau wie bei jeder Einzahlung auf ein Bankkonto. Jetzt kann dieses Geld \u00fcber Ripple in sekundenschnelle zu einem anderen Gateway umgebucht werden. Dieses zahlt dem Empf\u00e4nger die 100\u20ac aus, \u00fcbrig bleibt der Anspruch des fremden Gateways gegen\u00fcber meinem Gateway.<\/p>\n<p>Damit bietet der Ripple als erste Kryptow\u00e4hrung, die M\u00f6glichkeit Verbindlichkeiten global und direkt gegeneinander aufzurechnen. Kreditzinsen, CFD uvm. w\u00fcrden damit auf einen Schlag ihre manipulativen Eigenschaften im Geldsystem verlieren und das Geldsystem w\u00fcrde wieder zu dem werden was es eigentlich sein sollte : Ein Tauschsystem f\u00fcr Waren und Dienstleistungen f\u00fcr jeden unter seiner eigenen Kontrolle anstatt eines von den USA und dem Dollar global diktierten Machtinstrumentes.<\/p>\n<hr \/>\n<h2>Unterschiede zu anderen Kryptow\u00e4hrungen<\/h2>\n<p>Das Ripple Netzwerk unterschiedet sich in einigen Kernpunkten grundlegend von denen anderer Kryptow\u00e4hrungen :<\/p>\n<ul>\n<li>Zum einen deckt Ripple auch die Schnittstellen zu realen W\u00e4hrungen ab. Gerade hier, bei den B\u00f6rsen, ihrer Zuverl\u00e4ssigkeit und den Umrechnungskursen, waren andere Kryptow\u00e4hrungen bisher weniger innovativ.<\/li>\n<li>Zum anderen ist Ripple weniger auf Konfrontationskurs zu etablierten Finanzstrukturen ausgelegt. Im Gegenteil, es bietet von Anfang an die M\u00f6glichkeit, unterschiedlich stark regulierte Payment-Strukturen auf Basis seines Protokolls zu realisieren. Banken sind quasi nat\u00fcrliche Gateways in die Ripple-Welt.<\/li>\n<li>Eine wesentlich m\u00e4chtigere Lobby, die Banken selbst, stehen hinter dem Ripple, was dem Ripple nach nur 4 Jahren den zweiten\u00a0 Platz 2 im Marktapitalisierungranking einbrachte.<\/li>\n<li>Das Ripple Netzwerk wurde direkt mit allen verf\u00fcgbaren Coins erschaffen, insgesamt 100 Milliarden Coins, mining wie bei anderen Kryptow\u00e4hrungen ist im Ripple Netzwerk nicht vorgesehen.<\/li>\n<\/ul>\n<hr \/>\n<p style=\"text-align: center;\">Funktionsweise des Ripple im globalen Zahlungsverkehr :<\/p>\n<p style=\"text-align: center;\"><iframe loading=\"lazy\" src=\"https:\/\/www.youtube.com\/embed\/5e2jDFL1kKI?ecver=1\" width=\"600\" height=\"400\" frameborder=\"0\" allowfullscreen=\"allowfullscreen\"><\/iframe><\/p>\n<hr \/>\n<p style=\"text-align: center;\">\n","protected":false},"excerpt":{"rendered":"<p>Das Ripplenetzwerk Im Kern basiert Ripple, wie alle Kryptow\u00e4hrungen, auf einer gemeinsamen Datenbank, der Blockchain. Im Gegensatz zu anderen Kryptow\u00e4hrungen wird der Ripple Coin nicht durch Mining erschaffen, sondern alle Einheiten sind direkt aktiv.&#46;&#46;&#46;<\/p>\n","protected":false},"author":1,"featured_media":1280,"parent":140,"menu_order":10,"comment_status":"closed","ping_status":"closed","template":"page-templates\/child-menu.php","meta":{"footnotes":""},"class_list":["post-208","page","type-page","status-publish","has-post-thumbnail","hentry"],"_links":{"self":[{"href":"https:\/\/speefak.spdns.de\/www.cc-trade.info\/wp-json\/wp\/v2\/pages\/208","targetHints":{"allow":["GET"]}}],"collection":[{"href":"https:\/\/speefak.spdns.de\/www.cc-trade.info\/wp-json\/wp\/v2\/pages"}],"about":[{"href":"https:\/\/speefak.spdns.de\/www.cc-trade.info\/wp-json\/wp\/v2\/types\/page"}],"author":[{"embeddable":true,"href":"https:\/\/speefak.spdns.de\/www.cc-trade.info\/wp-json\/wp\/v2\/users\/1"}],"replies":[{"embeddable":true,"href":"https:\/\/speefak.spdns.de\/www.cc-trade.info\/wp-json\/wp\/v2\/comments?post=208"}],"version-history":[{"count":0,"href":"https:\/\/speefak.spdns.de\/www.cc-trade.info\/wp-json\/wp\/v2\/pages\/208\/revisions"}],"up":[{"embeddable":true,"href":"https:\/\/speefak.spdns.de\/www.cc-trade.info\/wp-json\/wp\/v2\/pages\/140"}],"wp:featuredmedia":[{"embeddable":true,"href":"https:\/\/speefak.spdns.de\/www.cc-trade.info\/wp-json\/wp\/v2\/media\/1280"}],"wp:attachment":[{"href":"https:\/\/speefak.spdns.de\/www.cc-trade.info\/wp-json\/wp\/v2\/media?parent=208"}],"curies":[{"name":"wp","href":"https:\/\/api.w.org\/{rel}","templated":true}]}}