{"id":1559,"date":"2018-05-23T18:53:41","date_gmt":"2018-05-23T16:53:41","guid":{"rendered":"https:\/\/speefak.spdns.de\/www.cc-trade.info\/?page_id=1559"},"modified":"2018-05-23T20:43:17","modified_gmt":"2018-05-23T18:43:17","slug":"kontakt","status":"publish","type":"page","link":"https:\/\/speefak.spdns.de\/www.cc-trade.info\/kontakt\/","title":{"rendered":"Kont@kt"},"content":{"rendered":"<div class=\"caldera-grid\" id=\"caldera_form_1\" data-cf-ver=\"1.9.7\" data-cf-form-id=\"CF5b05ac3f919d4\"><div id=\"caldera_notices_1\" data-spinner=\"https:\/\/speefak.spdns.de\/www.cc-trade.info\/wp-admin\/images\/spinner.gif\"><\/div><form data-instance=\"1\" class=\"CF5b05ac3f919d4 caldera_forms_form cfajax-trigger\" method=\"POST\" enctype=\"multipart\/form-data\" id=\"CF5b05ac3f919d4_1\" data-form-id=\"CF5b05ac3f919d4\" aria-label=\"www.cc-trade.info Kont@kt\" data-target=\"#caldera_notices_1\" data-template=\"#cfajax_CF5b05ac3f919d4-tmpl\" data-cfajax=\"CF5b05ac3f919d4\" data-load-element=\"_parent\" data-load-class=\"cf_processing\" data-post-disable=\"0\" data-action=\"cf_process_ajax_submit\" data-request=\"https:\/\/speefak.spdns.de\/www.cc-trade.info\/cf-api\/CF5b05ac3f919d4\" data-hiderows=\"true\">\r\n<input type=\"hidden\" id=\"_cf_verify_CF5b05ac3f919d4\" name=\"_cf_verify\" value=\"62950544a3\"  data-nonce-time=\"1775414674\" \/><input type=\"hidden\" name=\"_wp_http_referer\" value=\"\/www.cc-trade.info\/wp-json\/wp\/v2\/pages\/1559\" \/><div id=\"cf2-CF5b05ac3f919d4_1\"><\/div><input type=\"hidden\" name=\"_cf_frm_id\" value=\"CF5b05ac3f919d4\">\r\n<input type=\"hidden\" name=\"_cf_frm_ct\" value=\"1\">\r\n<input type=\"hidden\" name=\"cfajax\" value=\"CF5b05ac3f919d4\">\r\n<input type=\"hidden\" name=\"_cf_cr_pst\" value=\"1559\">\r\n<div class=\"hide\" style=\"display:none; overflow:hidden;height:0;width:0;\">\r\n<label>Company<\/label><input type=\"text\" name=\"company\" value=\"\" autocomplete=\"off\">\r\n<\/div><div id=\"CF5b05ac3f919d4_1-row-1\"  class=\"row  first_row\"><div  class=\"col-sm-12  single\"><div class=\"\"><p>Vielen Dank f\u00fcr den Besuch unserer Website. Wenn Sie noch Fragen zu unseren Inhalten haben oder W\u00fcnsche, f\u00fcllen Sie einfach unten stehendes Formular aus und senden Sie es an uns. Sie erhalten in jedem Fall kurzfristig eine Antwort von uns. <\/p>\n<hr>\n<\/div><\/div><\/div><div id=\"CF5b05ac3f919d4_1-row-2\"  class=\"row \"><div  class=\"col-sm-4  first_col\"><div data-field-wrapper=\"fld_8768091\" class=\"form-group\" id=\"fld_8768091_1-wrap\">\r\n\t<label id=\"fld_8768091Label\" for=\"fld_8768091_1\" class=\"control-label\">Vorname<\/label>\r\n\t<div class=\"\">\r\n\t\t<input    type=\"text\" data-field=\"fld_8768091\" class=\" form-control\" id=\"fld_8768091_1\" name=\"fld_8768091\" value=\"\" data-type=\"text\"   aria-labelledby=\"fld_8768091Label\" >\t\t\t<\/div>\r\n<\/div>\r\n<\/div><div  class=\"col-sm-4 \"><div data-field-wrapper=\"fld_9970286\" class=\"form-group\" id=\"fld_9970286_1-wrap\">\r\n\t<label id=\"fld_9970286Label\" for=\"fld_9970286_1\" class=\"control-label\">Name <span aria-hidden=\"true\" role=\"presentation\" class=\"field_required\" style=\"color:#ee0000;\">*<\/span><\/label>\r\n\t<div class=\"\">\r\n\t\t<input   required type=\"text\" data-field=\"fld_9970286\" class=\" form-control\" id=\"fld_9970286_1\" name=\"fld_9970286\" value=\"\" data-type=\"text\" aria-required=\"true\"   aria-labelledby=\"fld_9970286Label\" >\t\t\t<\/div>\r\n<\/div>\r\n<\/div><div  class=\"col-sm-4  last_col\"><div data-field-wrapper=\"fld_6009157\" class=\"form-group\" id=\"fld_6009157_1-wrap\">\r\n\t<label id=\"fld_6009157Label\" for=\"fld_6009157_1\" class=\"control-label\">Email Adresse <span aria-hidden=\"true\" role=\"presentation\" class=\"field_required\" style=\"color:#ee0000;\">*<\/span><\/label>\r\n\t<div class=\"\">\r\n\t\t<input   required type=\"email\" data-field=\"fld_6009157\" class=\" form-control\" id=\"fld_6009157_1\" name=\"fld_6009157\" value=\"\" data-type=\"email\" aria-required=\"true\"   aria-labelledby=\"fld_6009157Label\" >\t\t\t<\/div>\r\n<\/div>\r\n<\/div><\/div><div id=\"CF5b05ac3f919d4_1-row-3\"  class=\"row \"><div  class=\"col-sm-12  single\"><\/div><\/div><div id=\"CF5b05ac3f919d4_1-row-4\"  class=\"row \"><div  class=\"col-sm-12  single\"><div data-field-wrapper=\"fld_7683514\" class=\"form-group\" id=\"fld_7683514_1-wrap\">\r\n\t<label id=\"fld_7683514Label\" for=\"fld_7683514_1\" class=\"control-label\">Nachricht \/ Anfrage <span aria-hidden=\"true\" role=\"presentation\" class=\"field_required\" style=\"color:#ee0000;\">*<\/span><\/label>\r\n\t<div class=\"\">\r\n\t\t<textarea name=\"fld_7683514\" value=\"\" data-field=\"fld_7683514\" class=\"form-control\" id=\"fld_7683514_1\" rows=\"7\"  required=\"required\"  aria-labelledby=\"fld_7683514Label\" ><\/textarea>\n\t\t\t<\/div>\r\n<\/div>\r\n<\/div><\/div><div id=\"CF5b05ac3f919d4_1-row-5\"  class=\"row \"><div  class=\"col-sm-12  single\"><div data-field-wrapper=\"fld_7908577\" class=\"form-group\" id=\"fld_7908577_1-wrap\">\r\n<div class=\"\">\r\n\t<input  class=\"btn btn-default\" type=\"submit\" name=\"fld_7908577\" id=\"fld_7908577_1\" value=\"Senden\" data-field=\"fld_7908577\"  >\n<\/div>\r\n<\/div>\r\n\t<input class=\"button_trigger_1\" type=\"hidden\" name=\"fld_7908577\" id=\"fld_7908577_1_btn\" value=\"\" data-field=\"fld_7908577\"  \/>\n<\/div><\/div><div id=\"CF5b05ac3f919d4_1-row-6\"  class=\"row  last_row\"><div  class=\"col-sm-12  single\"><div class=\"\"><p><a href=\"https:\/\/speefak.spdns.de\/www.cc-trade.info\/rechtliches\/datenschutzerklaerung\/\" target=\"_blank\" >EU-Datenschutz-Grundverordnung (EU-DSGVO)<\/a><\/p>\n<\/div><\/div><\/div><\/form>\r\n<\/div>\r\n\n<p>&nbsp;<\/p>\n","protected":false},"excerpt":{"rendered":"<p>&nbsp;<\/p>\n","protected":false},"author":1,"featured_media":0,"parent":0,"menu_order":28,"comment_status":"closed","ping_status":"closed","template":"page-templates\/child-menu.php","meta":{"footnotes":""},"class_list":["post-1559","page","type-page","status-publish","hentry"],"_links":{"self":[{"href":"https:\/\/speefak.spdns.de\/www.cc-trade.info\/wp-json\/wp\/v2\/pages\/1559","targetHints":{"allow":["GET"]}}],"collection":[{"href":"https:\/\/speefak.spdns.de\/www.cc-trade.info\/wp-json\/wp\/v2\/pages"}],"about":[{"href":"https:\/\/speefak.spdns.de\/www.cc-trade.info\/wp-json\/wp\/v2\/types\/page"}],"author":[{"embeddable":true,"href":"https:\/\/speefak.spdns.de\/www.cc-trade.info\/wp-json\/wp\/v2\/users\/1"}],"replies":[{"embeddable":true,"href":"https:\/\/speefak.spdns.de\/www.cc-trade.info\/wp-json\/wp\/v2\/comments?post=1559"}],"version-history":[{"count":0,"href":"https:\/\/speefak.spdns.de\/www.cc-trade.info\/wp-json\/wp\/v2\/pages\/1559\/revisions"}],"wp:attachment":[{"href":"https:\/\/speefak.spdns.de\/www.cc-trade.info\/wp-json\/wp\/v2\/media?parent=1559"}],"curies":[{"name":"wp","href":"https:\/\/api.w.org\/{rel}","templated":true}]}}