{"id":1407,"date":"2018-01-24T16:56:08","date_gmt":"2018-01-24T15:56:08","guid":{"rendered":"https:\/\/speefak.spdns.de\/www.cc-trade.info\/?page_id=1407"},"modified":"2019-02-24T19:11:20","modified_gmt":"2019-02-24T18:11:20","slug":"dash-schnell-und-anonym","status":"publish","type":"page","link":"https:\/\/speefak.spdns.de\/www.cc-trade.info\/kryptowaehrungen\/dash-schnell-und-anonym\/","title":{"rendered":"Dash &#8211; Schnell und anonym"},"content":{"rendered":"<h2>Dash &#8211; Schnell und anonym<strong><br \/>\n<img loading=\"lazy\" decoding=\"async\" class=\"wp-image-1669 size-full alignright\" src=\"https:\/\/speefak.spdns.de\/www.cc-trade.info\/wp-content\/uploads\/2019\/02\/dash_sw.png\" alt=\"\" width=\"128\" height=\"128\" \/><\/strong><\/h2>\n<p><strong>Der Dash Coin, ein Synonym f\u00fcr Digital Cash, wurde 2014 unter dem Namen Darkcoin von Evan Duffield entwickelt. Dash\/Darkcoin galt lange Zeit als W\u00e4hrung f\u00fcr kriminelle Geldgesch\u00e4fte oder um Ertr\u00e4ge aus Diesem in Fiatw\u00e4hrungen zu \u00fcberf\u00fchren. Mit der Umbenennung von Darkcoin in Dash konnte sich der Coin jedoch am Markt etablieren.<br \/>\n<\/strong><\/p>\n<hr \/>\n<h2>Die Netzwerktechnik des Dash<\/h2>\n<p>Der aus Sicht vieler Beh\u00f6rden und Regierungen &#8220;dunkle Charakter&#8221; des Dash wird mit der Tatsache begr\u00fcndet, dass das Dash Protokoll von Anfang an auf Anonymit\u00e4t der Nutzer ausgelegt ist und nicht wie bei anderen Kryptow\u00e4hrungen eine Anaylse der Blockchain und Transaktionverkn\u00fcpfungen und damit die R\u00fcckverfolgung aller Transaktionen m\u00f6glich ist. Zwar wird auch der Dash, wie die meisten Kryptow\u00e4hrungen durch Mining gewonnen und nutzt zur Transaktionsspeicherung ebenfalls die Blockchain, aber es gibt einige gravierende Unterschiede zu den meisten anderen Kryptow\u00e4hrungen :<\/p>\n<p>Das Dash Netzwerk basiert ebenfalls auf Minern, Nodes und Clients, jedoch \u00fcbernehmen die Nodes &#8211; im Dashnetzwerk als Masternodes bezeichnet &#8211; weitreichendere Funktionen als die eines herk\u00f6mmlichen Nodes wie z.B. der eines Bitcoinnetzwerkes um z.B. die Anonymit\u00e4t der Nutzer zu wahren und Transaktionen beschleunigen.<\/p>\n<p>Dash nutzt den X11 Algorithmus und basiert damit wie ein Gro\u00dfteil aller Kryptow\u00e4hrungen auf dem Proof-of-Work Konzept.<\/p>\n<hr \/>\n<h2>Master of the Dash Universe<\/h2>\n<p>Eine Masternode \u00fcbernimmt essentielle Aufgaben der Absicherung und Transaktionsanonymisierung des Netzwerkes. Zum einen durch die vollst\u00e4ndige Speicherung der gesamten Blockchain sowie Bindung von Kapital an das Dash Netzwerk selbst &#8211; \u00c4hnlich wie es mit den Goldreserven zu Deckung der Fiatw\u00e4hrungen bis in die 1980ger Jahre der Fall war. Die Mindestsicherheitseinlage jedes Masternodes bel\u00e4uft sich auf 1000 Dash. Erst ab dieser Einlage gilt ein Masternode im Netzwerk als best\u00e4tigt. Die Finanzierung der Masternodes wird \u00fcber die Miner realisiert und betr\u00e4gt aktuell ca. 2 Dash pro Woche.<\/p>\n<p>Eine weitere Funktion der Masternodes ist das sogenannte mixen der Transaktionen zur Wahrung der Anonymit\u00e4t der Nutzer. Dies wird durch das System PrivateSend ( vormals Darksend ) erm\u00f6glicht. Dabei werden Transaktionen mit denen anderer Personen vermischt und damit verschleiert. In anderen Netzwerken, wie dem Bitcoin z.B. gibt es spezielle Services, die diese Funktion ebenfalls \u00fcbernehmen, k\u00f6nnen aufgrund der externen Netzwerkanbindung, durch Blockchainanalysen jedoch von dem Bitcoin Netzwerk ausgeschlossen werden. Das ist beim Dash nicht m\u00f6glich.<\/p>\n<hr \/>\n<h2>Finanzierung des Dash<\/h2>\n<p>Dash geht im Hinblick auf den Kapitalfluss im Netzwerk zwischen Minern, Masternodes und Entwicklern bzw Weiterentwicklungen einen v\u00f6llig anderen Weg.<\/p>\n<p>Das aus dem Mining gesch\u00fcrfte Kapital, sei es durch Aussch\u00fcttung von Dash bis zum Erreichen der maximal verf\u00fcgbaren Dash Coins und \/oder der Transaktionsgeb\u00fchren, wird zwischen 3 Instanzen aufgeteilt. Jeweils 45 % erhalten Miner und Masternodes, und 10% wird in einen Verwaltungspool investiert, dem sogenannten Treasury ( Schatzkammer ). Das Treasurykapital wiederum wird durch gemeinschaftliche Entscheidungen und Abstimmungen in Entwicklungsarbeit, Community-Projekte, Marketing etc investiert. Dies sichert im Gegensatz zu anderen Kryptow\u00e4hrungen eine st\u00e4ndige Weiterentwicklung, Protokollverberssungen u.v.m. und dient letztendlich auch aufgrund der Masternodes der Sicherheit des Netzwerkes.<\/p>\n<hr \/>\n<h2>Transaktionsm\u00f6glichkeiten<a id=\"transaktionsm\u00f6glichkeiten\"><\/a><\/h2>\n<p>Aufgrund der bereits beschriebenen Masternodes verf\u00fcgt das Dashnetzwerk \u00fcber zus\u00e4tzliche Transaktionsm\u00f6glichkeiten.<\/p>\n<table style=\"height: 247px;\" width=\"1179\">\n<tbody>\n<tr>\n<td><\/td>\n<td><\/td>\n<\/tr>\n<tr>\n<td><img loading=\"lazy\" decoding=\"async\" class=\"size-full wp-image-1411 aligncenter\" src=\"https:\/\/speefak.spdns.de\/www.cc-trade.info\/wp-content\/uploads\/2018\/01\/time_clock.png\" alt=\"\" width=\"75\" height=\"75\" \/><\/td>\n<td><img loading=\"lazy\" decoding=\"async\" class=\"size-full wp-image-1410 aligncenter\" src=\"https:\/\/speefak.spdns.de\/www.cc-trade.info\/wp-content\/uploads\/2018\/01\/schloss2.png\" alt=\"\" width=\"75\" height=\"75\" \/><\/td>\n<\/tr>\n<tr>\n<td><\/td>\n<td><\/td>\n<\/tr>\n<tr>\n<td style=\"text-align: center;\">InstandSend<\/td>\n<td style=\"text-align: center;\">\u00a0PrivateSend<\/td>\n<\/tr>\n<tr>\n<td><\/td>\n<td><\/td>\n<\/tr>\n<tr>\n<td style=\"text-align: center;\">Erm\u00f6glicht sofortige Transaktionen in durchschnittlich 1.21 Sekunden, an jeden Ort der Welt. Dies stellt eine nutzbare alternative zu Bitcoin dar.<\/td>\n<td style=\"text-align: center;\">\u00a0\u00a0Anonyme Transaktionen \u00fcber Masternodes. Dash werden hier gemixt. Es gibt mehrere Stufen der Anonymit\u00e4t. PrivateSend ist nur auf der offiziellen Core Wallet verf\u00fcgbar.<\/td>\n<\/tr>\n<\/tbody>\n<\/table>\n<hr \/>\n","protected":false},"excerpt":{"rendered":"<p>Dash &#8211; Schnell und anonym Der Dash Coin, ein Synonym f\u00fcr Digital Cash, wurde 2014 unter dem Namen Darkcoin von Evan Duffield entwickelt. Dash\/Darkcoin galt lange Zeit als W\u00e4hrung f\u00fcr kriminelle Geldgesch\u00e4fte oder um&#46;&#46;&#46;<\/p>\n","protected":false},"author":1,"featured_media":1428,"parent":140,"menu_order":7,"comment_status":"closed","ping_status":"closed","template":"page-templates\/child-menu.php","meta":{"footnotes":""},"class_list":["post-1407","page","type-page","status-publish","has-post-thumbnail","hentry"],"_links":{"self":[{"href":"https:\/\/speefak.spdns.de\/www.cc-trade.info\/wp-json\/wp\/v2\/pages\/1407","targetHints":{"allow":["GET"]}}],"collection":[{"href":"https:\/\/speefak.spdns.de\/www.cc-trade.info\/wp-json\/wp\/v2\/pages"}],"about":[{"href":"https:\/\/speefak.spdns.de\/www.cc-trade.info\/wp-json\/wp\/v2\/types\/page"}],"author":[{"embeddable":true,"href":"https:\/\/speefak.spdns.de\/www.cc-trade.info\/wp-json\/wp\/v2\/users\/1"}],"replies":[{"embeddable":true,"href":"https:\/\/speefak.spdns.de\/www.cc-trade.info\/wp-json\/wp\/v2\/comments?post=1407"}],"version-history":[{"count":0,"href":"https:\/\/speefak.spdns.de\/www.cc-trade.info\/wp-json\/wp\/v2\/pages\/1407\/revisions"}],"up":[{"embeddable":true,"href":"https:\/\/speefak.spdns.de\/www.cc-trade.info\/wp-json\/wp\/v2\/pages\/140"}],"wp:featuredmedia":[{"embeddable":true,"href":"https:\/\/speefak.spdns.de\/www.cc-trade.info\/wp-json\/wp\/v2\/media\/1428"}],"wp:attachment":[{"href":"https:\/\/speefak.spdns.de\/www.cc-trade.info\/wp-json\/wp\/v2\/media?parent=1407"}],"curies":[{"name":"wp","href":"https:\/\/api.w.org\/{rel}","templated":true}]}}