{"id":140,"date":"2017-04-14T12:08:54","date_gmt":"2017-04-14T10:08:54","guid":{"rendered":"https:\/\/speefak.spdns.de\/www.cc-trade.info\/?page_id=140"},"modified":"2018-05-25T22:22:35","modified_gmt":"2018-05-25T20:22:35","slug":"kryptowaehrungen","status":"publish","type":"page","link":"https:\/\/speefak.spdns.de\/www.cc-trade.info\/","title":{"rendered":"Kryptow\u00e4hrungen"},"content":{"rendered":"<h3>Die faszinierende Idee: Unabh\u00e4ngigkeit vom Bankensystem<\/h3>\n<p><strong>Kryptow\u00e4hrungen sind eine Antwort auf das klassische Bankensystem, dessen krimineller Charakter sich immer mehr Menschen offenbart. Das Bankensystem ist intransparent und besitzt eine zu gro\u00dfe Kontrolle Weniger \u00fcber nahezu den gesamten Planeten und einen Gro\u00dfteil unseres Lebens. Aufgrund des aktuellen Bankensystems besitzen 62 Menschen \u00fcber 50 % des gesamten Planeten.<\/strong><\/p>\n<hr \/>\n<p>Damit nicht l\u00e4nger ein zentrales Organ die Kontrolle besitzt, wurden Kryptow\u00e4hrungen wie Bitcoin erfunden. Sie sind im Gegensatz zu den Fiatw\u00e4hrungen dezentral aufgebaut und haben einige entschiedene Vorteile:<\/p>\n<ul>\n<li>Die Kontrolle liegt nicht bei einem Finanzinstitut, sondern einer weltweiten Gemeinschaft &#8211; den Nutzern der digitalen W\u00e4hrung und der verteilten Datenbank &#8211; der <a href=\"https:\/\/speefak.spdns.de\/www.cc-trade.info\/projekte\/die-blockchain\/\">Blockchain<\/a>.<\/li>\n<li>Es gibt kein Zinssystem durch dessen Funktion eine schleichende Konzentration des Kapitals bei einigen Wenigen entsteht<\/li>\n<li>Die Anzahl der einzelnen Einheiten ist direkt bekannt ( Bitcoin 21 Millionen, 16,3 Millionen bisher gesch\u00fcrft )<\/li>\n<\/ul>\n<p>Dass die fehlende Kontrolle auch Schattenseiten mit sich bringt, wurde in der Vergangenheit immer wieder deutlich. Bitcoin und andere W\u00e4hrungen werden f\u00fcr den Handel auf dem Schwarzmarkt eingesetzt. Zwar hat Bargeld dasselbe Problem, dieses l\u00e4sst sich aber leichter verfolgen.<\/p>\n<hr \/>\n<h3>Warum hei\u00dft es eigentlich Kryptow\u00e4hrung?<\/h3>\n<p>Die gesamte Basis von W\u00e4hrungen wie Bitcoin ist eine Verschl\u00fcsselung (Kryptografie) auf allen Ebenen. Zur Verifizierten Speicherung der Transaktionen, erfolgt eine Pr\u00fcfsummenberechnung um in einem Datenblock gespeicherte Transaktioen an die Blockchain anzuh\u00e4ngen.<\/p>\n<p>Alle Transaktionen, Teilnehmer, und Wallets werden ebenfalls nach bislang sicheren Verfahren verschl\u00fcsselt. Lediglich die zu einem Bitcoin geh\u00f6renden Daten werden \u00f6ffentlich in der Blockchain gespeichert, die jede Transaktion und das Entstehen genau protokolliert.<\/p>\n<p>Es handelt sich bei den angewendeten Verfahren um sogenannte One-Way-Hashes. Das bedeutet, das sich verschl\u00fcsselte Daten nur mit dem richtigen Schl\u00fcssel wieder entziffern lassen. Es ist jedoch unm\u00f6glich, aus den \u00f6ffentlichen Informationen auf den Ursprung zu schlie\u00dfen.<\/p>\n<hr \/>\n<h3>Die Geschichte digitaler W\u00e4hrung<\/h3>\n<p>Das Konzept hinter den digitalen W\u00e4hrungen stammt aus dem Jahr 1998. Wei Dai formulierte den Grundgedanken und machte sie \u00fcber die Cyberpunk Mailingliste publik. Bis die Idee umgesetzt wurde, vergingen zehn Jahre.<\/p>\n<p>Aufgegriffen hat sie Satoshi Nakamato \u2013 ob es sich hierbei um eine Person oder eine Gruppe handelt, ist bis heute nicht wirklich gekl\u00e4rt. Er ver\u00f6ffentlichte 2008 das Werk \u201ePeer-to-Peer Electronic Cash System\u201c \u00fcber ein Bezahlsystem, das von Person zu Person funktioniert, ohne dass eine Autorit\u00e4t wie eine Bank zwischengeschaltet wird. Das Ergebnis war das auf Kryptographie basierende Bitcoin-Protokoll. Am 3. Januar 2009 war es dann schlie\u00dflich soweit: Die ersten Bitcoins erblickten das Licht der Welt und wurden auf elektronischem Wege \u201egesch\u00fcrft\u201c.<\/p>\n<p>Dass ausgerechnet in der Zeit der Finanzkrise eine neue, ausschlie\u00dflich digitale W\u00e4hrung aus der Taufe gehoben wurde, kommt sicher nicht von ungef\u00e4hr. Das Vertrauen in den Finanzsektor war tief ersch\u00fcttert. Banken hatten und haben auch heute noch einen schweren Stand. Da ist eine W\u00e4hrung, bei der Banken ihre Finger nicht im Spiel haben, keine Geb\u00fchren berechnen, nicht spekulieren und sich nicht auf Kosten der Kunden bereichern, gewisserma\u00dfen ein Lichtblick.<\/p>\n<hr \/>\n<h3>Welches Konzept steht hinter einer Kryptow\u00e4hrung?<\/h3>\n<p>Kryptow\u00e4hrungen besitzen mit herk\u00f6mmlichen W\u00e4hrungen viele Gemeinsamkeiten, aber einen grundlegenden Unterschied, der mit ihrer Entstehung zusammenh\u00e4ngt.<\/p>\n<p>Bis zu der ersten erfolgreichen W\u00e4hrung Bitcoin galt, dass Zahlungsmittel von einer zentralen Instanz &#8211; in der Regel einer Staatsbank &#8211; in den Umlauf gebracht und beliebig vervielf\u00e4ltigt werden konnten.<\/p>\n<p>Satoshi Nakamoto plante jedoch von Anfang eine W\u00e4hrung, bei der die Nutzer in ihrer Gesamtheit diese Aufgabe \u00fcbernehmen sollten und die somit frei von einer gezielten Einflussnahme durch einzelne Akteure sein sollte.<\/p>\n<p>Kryptow\u00e4hrungen wie Bitcoin werden deshalb nicht zentral verwaltet, sondern beruhen auf Netzwerken, in denen alle Informationen untereinander getauscht und jede Transaktion gespeichert und \u00f6ffentlich verbreitet wird.<\/p>\n<hr \/>\n<h3>Die Funktionsweise von Kryptow\u00e4hrungen<\/h3>\n<p>Doch wie funktioniert eine solche Kryptow\u00e4hrung \u00fcberhaupt? Wurden von heute auf morgen neue Banknoten gedruckt? Mitnichten. Kryptow\u00e4hrungen existieren rein digital als Datei, wenngleich zeitweise Bitcoin-M\u00fcnzen angeboten wurden. Statt Euro und Cent ins Portemonnaie zu stecken, kommen Bitcoin und Co. in eine digitale Geldb\u00f6rse, Wallet genannt. Folgendes Schaubild stellt den Handel mit Kryptow\u00e4hrungen dar :<\/p>\n<p><a href=\"https:\/\/speefak.spdns.de\/www.cc-trade.info\/wp-content\/uploads\/2018\/02\/bitcoin-_transaktion.jpg\"><img loading=\"lazy\" decoding=\"async\" class=\"alignleft wp-image-1478\" src=\"https:\/\/speefak.spdns.de\/www.cc-trade.info\/wp-content\/uploads\/2018\/02\/bitcoin-_transaktion.jpg\" alt=\"\" width=\"315\" height=\"318\" srcset=\"https:\/\/speefak.spdns.de\/www.cc-trade.info\/wp-content\/uploads\/2018\/02\/bitcoin-_transaktion.jpg 687w, https:\/\/speefak.spdns.de\/www.cc-trade.info\/wp-content\/uploads\/2018\/02\/bitcoin-_transaktion-148x150.jpg 148w, https:\/\/speefak.spdns.de\/www.cc-trade.info\/wp-content\/uploads\/2018\/02\/bitcoin-_transaktion-158x160.jpg 158w, https:\/\/speefak.spdns.de\/www.cc-trade.info\/wp-content\/uploads\/2018\/02\/bitcoin-_transaktion-297x300.jpg 297w\" sizes=\"auto, (max-width: 315px) 100vw, 315px\" \/><\/a><\/p>\n<p>Ein entsprechendes Online-Konto kann jeder binnen Minuten einrichten, ohne einen Namen oder eine Adresse nennen zu m\u00fcssen.<\/p>\n<p>Basis sind ein \u00f6ffentlicher und ein privater Schl\u00fcssel. Damit wird man automatisch Teil des Netzwerks. Der \u00f6ffentliche Schl\u00fcssel wird ben\u00f6tigt, um Transaktionen zuweisen und pr\u00fcfen zu k\u00f6nnen.<\/p>\n<p>Das System gleicht ab, ob die Bitcoins auch tats\u00e4chlich dem geh\u00f6ren, der sie an einen anderen Nutzen schickt. Die Buchung wird in einem \u00f6ffentlichen und damit f\u00fcr jedermann einsehbaren Buchungssystem hinterlegt.<\/p>\n<p>Mit dem privaten Datensch\u00fcssel wird der Vorgang signiert. Damit soll verhindert werden, dass auf dem Weg von A nach B \u00c4nderungen vorgenommen werden.<\/p>\n<p>Die Best\u00e4tigung einer Transaktion \u00fcber das Netzwerk dauert bei Bitcoin aktuell knapp zehn Minuten.<\/p>\n<hr \/>\n<h3>Wie k\u00f6nnen Sie eine Kryptow\u00e4hrung kaufen?<\/h3>\n<p>Wie alle W\u00e4hrungen unterliegen Kryptow\u00e4hrungen dem freien Markt. Es gibt zahlreiche <a href=\"https:\/\/speefak.spdns.de\/www.cc-trade.info\/boersen\/\" target=\"_blank\" rel=\"noopener noreferrer\">Plattformen<\/a>, auf denen unterschiedliche Zahlungsmittel wie Bitcoins, Ethereum uvm. gehandelt werden.<\/p>\n<p>Wie in der bekannten Finanzwelt gibt es zur Aufbewahrung des Kapitals 2 M\u00f6glichkeiten :<\/p>\n<ol>\n<li>in einer eigenen Brieftasche, genannt Wallet, auf dem eigenen Computer.<\/li>\n<li>Von Dritten verwaltete Konten \u00e4hnlich einem Konto oder Depot bei Banken<\/li>\n<\/ol>\n<p>Die Wallet bzw. Depots beinhalten jedoch anders als ein Portemonnaie oder Konto nicht wirklich Geld oder Devisen, sondern lediglich einen geheimen Schl\u00fcssel mit dem Transaktionen abgewickelt werden. Das eigentliche Guthaben jeden Kontostandes ist in der <a href=\"https:\/\/speefak.spdns.de\/www.cc-trade.info\/projekte\/die-blockchain\/\">Blockchain<\/a> &#8211; eine auf hunderten Knoten verteilte, \u00f6ffentlich zug\u00e4ngliche Datenbank &#8211; gespeichert. Der Zugriff auf das Konto ist nur mit dem o.g. Schl\u00fcssel m\u00f6glich. Die Sicherung des o.g. Schl\u00fcssels kann auch offline erfolgen, indem der Schl\u00fcssel ausgedruckt und sicher verwahrt wird.<\/p>\n<p>Eine andere Methode zum Erwerb von virtuellen W\u00e4hrungen wie Bitcoins ist, diese selbst zu erschaffen.<\/p>\n<hr \/>\n<h3>Mining: Lassen Sie den Rechner arbeiten!<\/h3>\n<p>Da eine Kryptow\u00e4hrung nicht einfach vervielf\u00e4ltigt werden kann, andererseits aber eine gewisse Dynamik bestehen muss, hat der Erfinder des Bitcoins Satoshi Nakamoto ein Verfahren f\u00fcr die Neuschaffung entwickelt. Dieses wird bislang von allen Kryptow\u00e4hrungen kopiert und nennt sich Mining.<\/p>\n<p>Um eine neue Einheit wie einen Bitcoin zu erschaffen, muss eine sehr komplizierte Rechenaufgabe gel\u00f6st werden. Es handelt sich um einen festgelegten, mehrfach verschl\u00fcsselten Wert, der gewisserma\u00dfen durch eine entsprechendes Variable erreicht werden muss.<\/p>\n<p>Neue Transaktionen werden durch Miner in der Blockchain gespeichert. Der Miner nimmt Transaktionen aus dem Netzwerk auf, pr\u00fcft diese auf ihre Korrektheit und schreibt sie zur\u00fcck in die Blockchain. Profis verdienen ihr Geld mit dem Mining. Sie kaufen spezielle Hardware, die Transaktionen pr\u00fcft.<\/p>\n<p>Um eine Inflation zu verhindern, wird die Schwierigkeit in regelm\u00e4\u00dfigen Abst\u00e4nden erh\u00f6ht, wenn eine bestimmte Anzahl von W\u00e4hrungseinheiten erreicht ist.<\/p>\n<hr \/>\n<h3>Mengenbegrenzung und Kursschwankungen<\/h3>\n<p>Die Geldmenge, die in Umlauf gebracht wird, ist bei Kryptow\u00e4hrungen zumeist klar umrissen. Bei Bitcoins liegt die Obergrenze bei 21 Millionen. Bis Mai 2017 wurden16,3 Millionen Bitcoins ausgegeben.\u00a0 Diese Zahl halbiert sich alle vier Jahre. Die Begrenzung ist erforderlich, weil ansonsten eine inflation\u00e4re Streuung drohen w\u00fcrde.<\/p>\n<p>Der Wert einer einzelnen Einheit, wobei Bitcoins mit acht Nachkommastellen arbeiten, ergibt sich einzig und allein aus dem Zusammenspiel von Angebot und Nachfrage. Da die Nachfrage in den vergangenen Jahren stetig gestiegen ist, haben Bitcoins stark an Wert gewonnen. Die Gefahr dabei: Da es sich um einen \u00fcberschaubaren Markt handelt, schl\u00e4gt das Pendel selbst bei einem noch so leichten Windhauch extrem stark aus. Himmelhochjauchzend und zu Tode betr\u00fcbt liegen nah beieinander.<\/p>\n<hr \/>\n<h3>Sind Kryptow\u00e4hrungen wie Bitcoin sichere Geldanlagen?<\/h3>\n<p>Nein. Aus folgenden Gr\u00fcnden:<\/p>\n<ul>\n<li>Kryptow\u00e4hrungen schwanken wie jede W\u00e4hrung in ihrem Wechselkurs.<\/li>\n<li>Es gibt keinerlei rechtliche Anspr\u00fcche oder Absicherungen etwa f\u00fcr den Fall, dass eine gravierende Sicherheitsl\u00fccke zu einem Zusammenbruch des Marktes f\u00fchrt.<\/li>\n<li>Der rechtliche Status ist weitgehend ungekl\u00e4rt. Obwohl der Fall sehr unwahrscheinlich ist und sich beispielsweise Bitcoin in sieben Jahren als technisch relativ sicher erwiesen hat, ist theoretisch ein Totalverlust jederzeit m\u00f6glich.<\/li>\n<\/ul>\n<hr \/>\n<h3>Vor- und Nachteile der Kryptow\u00e4hrungen<\/h3>\n<p>Jede W\u00e4hrung &#8211; digital oder nicht &#8211; hat bestimmte Vorteile und Nachteile:<\/p>\n<ul class=\"list-s\">\n<li class=\"yes\">Geringe Transaktionsgeb\u00fchren<\/li>\n<li class=\"yes\">Geldtransfers sind innerhalb kurzer Zeit weltweit m\u00f6glich ( R\u00fcckbuchungen und Stornierungen jedoch schwierig )<\/li>\n<li class=\"no\">Wenn das Internet zusammenbricht, w\u00e4re die W\u00e4hrung nutzlos ( Fiatw\u00e4hrungen wie der Euro, Dollar und co aber auch )<\/li>\n<li class=\"no\">Eingeschr\u00e4nkte Verbreitung oder Akzeptanz ( Lokal trifft dies allerdings f\u00fcr die Fiatw\u00e4hrungen auch zu, in Deutschland mit Yen zu bezahlen wird schwierig )<\/li>\n<\/ul>\n<p>Jeder Mensch kann Kryptow\u00e4hrungen kostenlos nutzen. Er muss die gew\u00fcnschte W\u00e4hrung lediglich auf <a href=\"https:\/\/speefak.spdns.de\/www.cc-trade.info\/boersen\/\" target=\"_blank\" rel=\"noopener noreferrer\">B\u00f6rsen<\/a> erwerben.<\/p>\n<hr \/>\n<p>&nbsp;<\/p>\n","protected":false},"excerpt":{"rendered":"<p>Die faszinierende Idee: Unabh\u00e4ngigkeit vom Bankensystem Kryptow\u00e4hrungen sind eine Antwort auf das klassische Bankensystem, dessen krimineller Charakter sich immer mehr Menschen offenbart. Das Bankensystem ist intransparent und besitzt eine zu gro\u00dfe Kontrolle Weniger \u00fcber&#46;&#46;&#46;<\/p>\n","protected":false},"author":1,"featured_media":1314,"parent":0,"menu_order":5,"comment_status":"closed","ping_status":"closed","template":"","meta":{"footnotes":""},"class_list":["post-140","page","type-page","status-publish","has-post-thumbnail","hentry"],"_links":{"self":[{"href":"https:\/\/speefak.spdns.de\/www.cc-trade.info\/wp-json\/wp\/v2\/pages\/140","targetHints":{"allow":["GET"]}}],"collection":[{"href":"https:\/\/speefak.spdns.de\/www.cc-trade.info\/wp-json\/wp\/v2\/pages"}],"about":[{"href":"https:\/\/speefak.spdns.de\/www.cc-trade.info\/wp-json\/wp\/v2\/types\/page"}],"author":[{"embeddable":true,"href":"https:\/\/speefak.spdns.de\/www.cc-trade.info\/wp-json\/wp\/v2\/users\/1"}],"replies":[{"embeddable":true,"href":"https:\/\/speefak.spdns.de\/www.cc-trade.info\/wp-json\/wp\/v2\/comments?post=140"}],"version-history":[{"count":0,"href":"https:\/\/speefak.spdns.de\/www.cc-trade.info\/wp-json\/wp\/v2\/pages\/140\/revisions"}],"wp:featuredmedia":[{"embeddable":true,"href":"https:\/\/speefak.spdns.de\/www.cc-trade.info\/wp-json\/wp\/v2\/media\/1314"}],"wp:attachment":[{"href":"https:\/\/speefak.spdns.de\/www.cc-trade.info\/wp-json\/wp\/v2\/media?parent=140"}],"curies":[{"name":"wp","href":"https:\/\/api.w.org\/{rel}","templated":true}]}}