{"id":1237,"date":"2018-01-23T20:09:23","date_gmt":"2018-01-23T19:09:23","guid":{"rendered":"https:\/\/speefak.spdns.de\/www.cc-trade.info\/?page_id=1237"},"modified":"2019-02-24T17:17:28","modified_gmt":"2019-02-24T16:17:28","slug":"bitcoin-cash-der-innovative-bitcoin","status":"publish","type":"page","link":"https:\/\/speefak.spdns.de\/www.cc-trade.info\/kryptowaehrungen\/bitcoin-cash-der-innovative-bitcoin\/","title":{"rendered":"Bitcoin Cash &#8211; Der innovative Bitcoin"},"content":{"rendered":"<h2>Bitcoin Cash &#8211; Der innovative Bitcoin<\/h2>\n<p><img loading=\"lazy\" decoding=\"async\" class=\"size-full wp-image-1664 alignright\" src=\"https:\/\/speefak.spdns.de\/www.cc-trade.info\/wp-content\/uploads\/2019\/02\/bch_sw.png\" alt=\"\" width=\"128\" height=\"128\" \/><strong>Am 1. August 2017 spaltete sich der Bitcoin im Zuge einer Hardfork in zwei neue Blockchains auf. Neben dem Bitcoin entstand Bitcoin Cash, der sich mitlerweile als zweit wertvollster Coin auf dem Markt etablieren konnte. Es entstand eine neue unabh\u00e4ngige Blockchain auf Basis der bisherigen Bitcoinblockchain und ein nicht mehr zu Bitcoin kompatibler Code mit vielen in der Bitcoin Gemeinschaft stark diskutierten und bisher nicht oder nur teilweise umgesetzten \u00c4nderungen.<\/strong><\/p>\n<hr \/>\n<h2>Wie entstand der Hardfork und Bitcoincash<\/h2>\n<p>Aufgrund des explosionsartig zugenommenen Transaktionsvolumen auf der Bitcoinblockchain geriet die gesamte Infrastruktur des Bitcoin ins stocken, sodass das Ziel schnelle und g\u00fcnstige Transaktionen zu bieten nicht mehr erreicht werden konnte. Um mit der wachsenden Nachfrage mithalten zu k\u00f6nnen, musste die Gr\u00f6\u00dfe der Bl\u00f6cke erh\u00f6ht werden, was ein Software-Update voraussetzte &#8211; und dieses f\u00fchrte dann aufgrund von Unstimmigkeiten der Bitcoin Entwickler und teilen der Nutzergemeinschaft zu einer Spaltung.<\/p>\n<p>Bitcoin Cash resultiert aus diesem Streit in der Bitcoin-Szene, wie der Bitcoin weiterentwickelt werden soll. Das Problem ist, dass nur sieben Bitcoin-Transaktionen pro Sekunde durchgef\u00fchrt werden k\u00f6nnen. Mehr kann das Bitcoinprotokoll bzw. Blockchain aufgrund der festgelegte Blockgr\u00f6\u00dfe nicht verarbeite.\u00a0 Wegen der wachsenden Beliebtheit mussten deshalb viele Bitcoinnutzer stundenlang warten, bis ihre Transaktion durchgef\u00fchrt wurde. Der enorme Anstieg der Transaktionsgeb\u00fchren machte das Bitcoin Netzwerk f\u00fcr Mikrotransaktionen unrentabel, da die Transaktionsgeb\u00fchren f\u00fcr Mikrotransaktionen den Wert des zu transferierenden Betrages weit \u00fcberschritten. F\u00fcr eine Transaktion von umgerechnet 5 \u20ac musste eine Geb\u00fchr von 10 \u20ac an das Netzwerk entrichtet werden.<\/p>\n<hr \/>\n<h2>Der Unterschied zu Bitcoin<\/h2>\n<p>Das Grundlegende Prinzip beider W\u00e4hrungen ist, wie bei fast allen Kryptow\u00e4hrungen, identisch. Der wesentliche Unterschied besteht in der Verarbeitung der Transaktionen und der daraus resultieren Blockgr\u00f6\u00dfe. Die Bl\u00f6cke der Bitcoinblockchain sind aktuell auf 1 MB limitiert, woraus sich, bei einem Berechnungsintervall von 10 Minuten ca 7 Transaktionen pro Sekunde ergeben. Die Anpassung der Blockgr\u00f6\u00dfe ist im Bitcoincash Code bereits als Variable implementiert und kann somit ohne eine Hardfork automatisch auf\u00a0 Netzwerkfluktuation reagieren bzw. sich der Anzahl der zu verarbeiten Transaktionen anpassen. Dies ist bereits mehrfach geschehen geschehen.<\/p>\n<hr \/>\n<h2>Das Problem der Gr\u00f6\u00dferen Bl\u00f6cke<\/h2>\n<p>Im Visa Transaktionssystem werden Spritzen von bis zu 47.000 Transaktionen pro Sekunde erreicht. Bitcoin, Bitcoin Cash und kaum eine der aktuell existieren Kryptow\u00e4hrungen ist angesichts dieser immensen Verabreitungskapazit\u00e4t nicht ann\u00e4hernd konkurrenzf\u00e4hig. Die o.g. L\u00f6sungsans\u00e4tze zur Steigerung der Leistungsf\u00e4higkeit der Kryptpow\u00e4hrungsinfrastruktur, wie die Anhebung der Blockgr\u00f6\u00dfe, ist nur eine kurzfristige L\u00f6sung.<\/p>\n<p>Die beiden Entwickler Joseph Poon und Tadge Dryja schrieben in ihrem Whitepaper :<\/p>\n<p><em>\u201eWenn wir f\u00fcr eine Bitcoin-Transaktion durchschnittlich 300 Bytes ben\u00f6tigen und eine endlos gro\u00dfe Blockgr\u00f6\u00dfe annehmen, w\u00fcrden 47.000 Transaktionen wie im Fall Visa alle 10 Minuten rund 8 GB pro Block in Anspruch nehmen. Innerhalb von einem Jahr w\u00fcrde sich die Blockchain bei dem Datenvolumen um mehr als 400 Terabyte vergr\u00f6\u00dfern.\u201c<\/em><\/p>\n<p>Somit wird klar, dass eine einfache Anhebung der Blockgr\u00f6\u00dfe keine langfristige L\u00f6sung zur Skalierung von Bitcoin und Co darstellen kann. Die im Schnitt alle 18 Monate verdoppelte Rechen- und Speicherkapazit\u00e4t der weltweiten IT Infrastruktur ist bestenfalls in der Lage den Skalierungseffekt abzumildern &#8211; eine L\u00f6sung ist dies allerdings auch nicht.<\/p>\n<p>Ergo ist der Bitcoin Cash zwar eine aktuelle L\u00f6sung in Bezug auf die Leistungsf\u00e4higkeit des gesamten Systems, jedoch stellt sich Frage ob die technische Entwicklung die Probleme langfristig l\u00f6sen kann oder ob sich eine g\u00e4nzlich andere Methode der Blockchainspeicherung etablieren wird. Unbestritten bleibt jedoch das geniale sowie einfache Konzept der Blockchain an sich.<\/p>\n<hr \/>\n<p>&nbsp;<\/p>\n","protected":false},"excerpt":{"rendered":"<p>Bitcoin Cash &#8211; Der innovative Bitcoin Am 1. August 2017 spaltete sich der Bitcoin im Zuge einer Hardfork in zwei neue Blockchains auf. Neben dem Bitcoin entstand Bitcoin Cash, der sich mitlerweile als zweit&#46;&#46;&#46;<\/p>\n","protected":false},"author":1,"featured_media":1386,"parent":140,"menu_order":2,"comment_status":"closed","ping_status":"closed","template":"page-templates\/child-menu.php","meta":{"footnotes":""},"class_list":["post-1237","page","type-page","status-publish","has-post-thumbnail","hentry"],"_links":{"self":[{"href":"https:\/\/speefak.spdns.de\/www.cc-trade.info\/wp-json\/wp\/v2\/pages\/1237","targetHints":{"allow":["GET"]}}],"collection":[{"href":"https:\/\/speefak.spdns.de\/www.cc-trade.info\/wp-json\/wp\/v2\/pages"}],"about":[{"href":"https:\/\/speefak.spdns.de\/www.cc-trade.info\/wp-json\/wp\/v2\/types\/page"}],"author":[{"embeddable":true,"href":"https:\/\/speefak.spdns.de\/www.cc-trade.info\/wp-json\/wp\/v2\/users\/1"}],"replies":[{"embeddable":true,"href":"https:\/\/speefak.spdns.de\/www.cc-trade.info\/wp-json\/wp\/v2\/comments?post=1237"}],"version-history":[{"count":0,"href":"https:\/\/speefak.spdns.de\/www.cc-trade.info\/wp-json\/wp\/v2\/pages\/1237\/revisions"}],"up":[{"embeddable":true,"href":"https:\/\/speefak.spdns.de\/www.cc-trade.info\/wp-json\/wp\/v2\/pages\/140"}],"wp:featuredmedia":[{"embeddable":true,"href":"https:\/\/speefak.spdns.de\/www.cc-trade.info\/wp-json\/wp\/v2\/media\/1386"}],"wp:attachment":[{"href":"https:\/\/speefak.spdns.de\/www.cc-trade.info\/wp-json\/wp\/v2\/media?parent=1237"}],"curies":[{"name":"wp","href":"https:\/\/api.w.org\/{rel}","templated":true}]}}