{"id":1033,"date":"2017-06-12T13:55:34","date_gmt":"2017-06-12T11:55:34","guid":{"rendered":"https:\/\/speefak.spdns.de\/www.cc-trade.info\/?page_id=1033"},"modified":"2018-01-24T01:50:32","modified_gmt":"2018-01-24T00:50:32","slug":"open-source-software","status":"publish","type":"page","link":"https:\/\/speefak.spdns.de\/www.cc-trade.info\/technik\/open-source-software\/","title":{"rendered":"Open Source Software"},"content":{"rendered":"<p><strong>Open Source Software unterscheidet sich von herstellergebundener (propriet\u00e4rer) <span lang=\"en-GB\" xml:lang=\"en-GB\">Software<\/span> darin grundlegend, dass der Quellcode (Bauplan) frei verf\u00fcgbar ist. Das bedeutet, dass der Anwender das Programm unabh\u00e4ngig von seinen Autoren beliebig ver\u00e4ndern, weitergeben und erkannte Schwachstellen oder Fehler ver\u00f6ffentlichen darf.<\/strong><\/p>\n<hr \/>\n<h3>Was hei\u00dft Open Source Software ?<\/h3>\n<p>Weil der Quellcode jedem offen zug\u00e4nglich ist, wird solche Software Open Source Software genannt. Alternativ wird auch der Begriff Freie Software verwendet, der sich auf die Freiheiten des Anwenders bezieht, das Programm einzusetzen, zu ver\u00e4ndern und weiterzugeben. Im Vergleich dazu kann der Nutzer ein propriet\u00e4res Programm weder pr\u00fcfen noch ver\u00e4ndern. Er kann es noch nicht einmal lesen oder verstehen.<\/p>\n<hr \/>\n<h3>Wann ist Software Open Source Software?<\/h3>\n<p>Es gilt einige Kriterien zu erf\u00fcllen, damit sich eine Software &#8220;Open Source Software\u201c nennen darf.<\/p>\n<ul>\n<li>Das Programm darf ohne Beschr\u00e4nkungen eingesetzt werden.<\/li>\n<li>Es ist erlaubt zu studieren, wie das Programm arbeitet und es an die eigenen Bed\u00fcrfnisse anzupassen. Dazu muss der Quelltext der Software in einer f\u00fcr den Menschen lesbaren und verst\u00e4ndlichen Form vorliegen.<\/li>\n<li>Kopien des Programms d\u00fcrfen weitergegeben werden, so dass auch andere es nutzen k\u00f6nnen.<\/li>\n<li>Das Programm darf verbessert und die Verbesserungen d\u00fcrfen weitergegeben werden.<\/li>\n<\/ul>\n<hr \/>\n<h3>Warum gibt es Open Source Software?<\/h3>\n<p>Die Philosophie von Open Source Software geht zur\u00fcck auf den Grundgedanken des freien Austauschs von Wissen und Gedanken. Software kann, wie auch Ideen, jedem frei zur Verf\u00fcgung gestellt werden \u2013 ohne Verluste. Wird weitergeben, entwickelt sie sich wie in einem evolution\u00e4ren Prozess.<\/p>\n<p>Ein Beispiel:<br \/>\nNehmen wir an, Sie brauchen eine Software, die es aber nicht zu kaufen gibt. Sie m\u00fcssen also selbst eine Software entwickeln, testen und haben allen Aufwand, den so etwas mit sich bringt. Eigentlich w\u00fcrde es Ihnen aber nichts ausmachen, wenn auch andere das Programm benutzen w\u00fcrden. Im Gegenteil, Sie w\u00fcrden sogar von der Erfahrung und von der Beteiligung weiterer Nutzer profitieren. Grund genug, Ihr Software-Projekt zu beginnen und es sobald wie m\u00f6glich als Open Source-Projekt zu ver\u00f6ffentlichen. Sie geben dann Ihr Programm f\u00fcr die Verwendung frei und profitieren im Austausch von der zus\u00e4tzlichen Kapazit\u00e4t und Expertise der anderen Entwickler und Anwender. Dabei kann es Ihnen egal sein, ob nur ein kleiner Teil oder alle Anwender zur weiteren Entwicklung beitragen.<\/p>\n<hr \/>\n<h3>Ist Open Source Software genauso sicher wie propriet\u00e4re Angebote?<\/h3>\n<p>Ja. Weil viele Programmierer in aller Welt \u2013 man nennt sie \u201eCommunity\u201c oder Entwickler-Gemeinschaft \u2013 die M\u00f6glichkeit haben, sich den Quelltext der Software anzusehen. So k\u00f6nnen sie m\u00f6gliche Probleme rasch erkennen und gegebenenfalls sofort beheben. Denn: Viele Augen sehen viel! Die Entwickler sind normalerweise namentlich bekannt. Keiner von ihnen w\u00fcrde sich gerne nachsagen lassen, er habe sch\u00e4dliche Software programmiert.<\/p>\n<p>Bei Open Source Software gibt es zudem immer die M\u00f6glichkeit, Warnmeldungen ins Internet zu stellen, wenn Sicherheitsl\u00fccken gefunden wurden. So existiert praktisch eine Art Fr\u00fchwarnsystem, das dem Nutzer die M\u00f6glichkeit gibt sich abzusichern.<\/p>\n<p>Ein weiterer Sicherheitsaspekt ist, dass Open Source Software bislang selten von Viren befallen wird. Das liegt nat\u00fcrlich zum einen daran, dass sie noch nicht so stark verbreitet ist, wie propriet\u00e4re Software, aber auch daran, dass sicheres Programmieren und Sicherheitsfunktionen im Bereich der Open Source Software traditionell einen hohen Stellenwert haben.<\/p>\n<p>Sicherheitstipp:<\/p>\n<p>Bei Open Source Software gilt jedoch das Gleiche wie bei propriet\u00e4rer Software: Laden Sie nichts einfach aus dem Internet auf Ihre Festplatte. Anbieter stellen in der Regel die M\u00f6glichkeit zur \u00dcberpr\u00fcfung der Echtheit des Programmes zur Verf\u00fcgung. Diese ist in der Installationsanleitung zu finden. Erst nach erfolgreicher Pr\u00fcfung sollte man die Software installieren. Einfacher \u2013 und f\u00fcr den unerfahrenen Nutzer sicherer \u2013 ist es, die Software nach M\u00f6glichkeit aus den Repositories der eingesetzten Distribution (z.\u00a0B. Ubuntu GNU\/Linux) zu beziehen, welche mit Pr\u00fcfsummen und Signaturen versehen sind, die von der eingesetzten Distribution automatisch gepr\u00fcft werden. Im Falle von Ubuntu kann z.\u00a0B. auf das Repository direkt \u00fcber das in die Oberfl\u00e4che des Betriebssystems integrierte \u201eSoftware-Center\u201c zugegriffen werden.<\/p>\n<hr \/>\n<h3>Wer ist bei Problemen mit Open Source Software zust\u00e4ndig?<\/h3>\n<p>Ist ja alles sch\u00f6n und gut, k\u00f6nnten Sie denken, aber was, wenn ich einmal Probleme mit Freier Software habe. F\u00fchlt sich denn da \u00fcberhaupt jemand verantwortlich, wenn eigentlich alle mit entwickeln? Keine Sorge, es gibt sogar Untersuchungen, die beweisen, dass die Unterst\u00fctzung f\u00fcr Open Source Software oft besser ist als die f\u00fcr herstellergebundene Angebote. Anwender erhalten offizielle Unterst\u00fctzung, wenn Sie das zusammengestellte Software-Paket eines Open Source-Distributors (z. B. Ubuntu, SuSE\/Novell, Mandrake, \u2026) \u00fcber den Handel kaufen. Experten k\u00f6nnen allerdings auch komplexe Probleme mit Hilfe der &lt;Community schnell l\u00f6sen. Bei propriet\u00e4rer Software ist es n\u00f6tig, erst das Entwicklungsteam des Herstellers zu kontaktieren.<\/p>\n<hr \/>\n<h3>Beispiele f\u00fcr Open Source Software<\/h3>\n<p>Inzwischen ist Open Source Software eine anerkannte Alternative zu propriet\u00e4ren Angeboten. Besonders die Europ\u00e4ische Union und zahlreiche \u00f6ffentliche Verwaltungen unternehmen erhebliche Anstrengungen, um den Einsatz von Open Source Software zu f\u00f6rdern. Auch gro\u00dfe Konzerne wie etwa Google, IBM, Hewlett Packard oder Intel sind F\u00f6rderer von Open Source Software und Entwicklungen. Selbst prominente Hersteller propriet\u00e4rer Software wie Adobe, Apple, Microsoft, Oracle oder SAP haben zahlreiche Ber\u00fchrungspunkte zur Open Source-Bewegung oder bieten ihre Produkte auch f\u00fcr das Betriebssystem GNU\/Linux an.<\/p>\n<p>Deshalb gibt es mittlerweile auch viele Programme, die als Open Source Software angeboten werden. Neben &lt;Tools f\u00fcr die Programmentwicklung und f\u00fcr die professionelle Betreuung von Servern und Netzwerken gibt es eine F\u00fclle von Anwendungsprogrammen f\u00fcr den t\u00e4glichen Einsatz im Unternehmen oder anderswo.<\/p>\n<hr \/>\n<h3>Einige Beispiele:<\/h3>\n<ul>\n<li>GNU\/Linux ist ein sehr leistungsf\u00e4higes Betriebssystem f\u00fcr eine Vielzahl von Plattformen und ist das Paradebeispiel f\u00fcr ein erfolgreiches Open Source-Projekt. Den Kern hat 1991 der damals 21-j\u00e4hrige Linus Torvalds dazu beigetragen. Seither wird es von einer Vielzahl an Entwicklern aus aller Welt weiterentwickelt. Prominentes Beispiel f\u00fcr den Stellenwert von GNU\/Linux ist der Deutsche Bundestag. Im Serverbereich werden dort GNU\/Linux und andere Open Source Software eingesetzt.<\/li>\n<li>LibreOffice.org ist ein freies Office-Programm, das auf GNU\/Linux- und auf Microsoft-Betriebssystemen, sowie auf MacOS X und weiteren Betriebssystemen l\u00e4uft. Es beinhaltet alle notwendigen Funktionen wie Textverarbeitung-, Tabellenkalkulation- und Pr\u00e4sentationsprogramm. Die Bedienung ist \u00e4hnlich wie bei anderen Office-Programmen und viele offene Dateiformate, aber auch das propriet\u00e4re Format lassen sich damit bearbeiten.<\/li>\n<li>Die Internetbrowser Firefox und Chrome sind ebenfalls f\u00fcr viele verschiedene Betriebssysteme verf\u00fcgbar. Der Quellcode von Firefox stammte urspr\u00fcnglich vonNetscape. Chrome verwendet mit WebKit an zentraler Stelle eine OSS-Komponente, die u.\u00a0a. auch von dem propriet\u00e4ren Browser Safari eingesetzt wird.<\/li>\n<li>DerWeb-Server Apache z\u00e4hlt neben GNU\/Linux zu den erfolgreichsten Open Source-Projekten. Mehr als die H\u00e4lfte aller Web-Server arbeiten mit dieser Software.<\/li>\n<li>Der Bitcoin Quellcode, auf dessen Basis fast alle Kryptow\u00e4hrungen entwickelt wurden.<\/li>\n<\/ul>\n<hr \/>\n<h3>Und zum Schluss: Ist Open Source Software immer kostenlos?<\/h3>\n<p>Fast immer ja, aber genau hier liegen h\u00e4ufig Missverst\u00e4ndnisse in Bezug auf Open Source Software. Prinzipiell kann Freie Software zwar auch verkauft werden, wie z.\u00a0B. einige GNU\/Linux-Distributionen, die als DVD gekauft werden k\u00f6nnen. Aber es m\u00fcssen auch bei kostenpflichtig erworbener Freier Software die oben angef\u00fchrten Bedingungen f\u00fcr Freie Software eingehalten werden, so dass der Verkauf Freier Software eher eine Ausnahme ist und der Preis sich oftmals nahe am Selbstkostenpreis bewegt. M\u00f6chte der Anwender neben der reinen Software aber noch Dienstleistungen wie Handb\u00fccher oder Support in Anspruch nehmen, so muss er die Zusatzleistungen bezahlen. Diese erh\u00e4lt er in Form einer g\u00e4ngigen GNU\/Linux-Distribution (das ist eine Zusammenstellung von Softwarepaketen), die unter anderem im Buchhandel erh\u00e4ltlich ist.<\/p>\n<p>Einige Beispiele anderer kostenloser Vertriebsformen sind:<\/p>\n<ul>\n<li><strong>Freeware<\/strong> ist Software, die kostenlos genutzt werden kann. Andere Kriterien f\u00fcr Freeware gibt es nicht.<\/li>\n<li><strong>Shareware<\/strong> kann zun\u00e4chst kostenfrei installiert und verwendet werden. Sp\u00e4ter kann der Autor f\u00fcr die Nutzung oder f\u00fcr bestimmte Formen der Nutzung Lizenzkosten verlangen. Der Autor verzichtet lediglich auf die Pr\u00fcfung oder auf Ma\u00dfnahmen zur Sicherstellung dieser Lizenzzahlungen. Manchmal steht Anwendern bis zur Bezahlung der Lizenzen \u2013 also bis zur Registrierung \u2013 nur ein reduzierter Funktionsumfang zur Verf\u00fcgung.<\/li>\n<\/ul>\n","protected":false},"excerpt":{"rendered":"<p>Open Source Software unterscheidet sich von herstellergebundener (propriet\u00e4rer) Software darin grundlegend, dass der Quellcode (Bauplan) frei verf\u00fcgbar ist. Das bedeutet, dass der Anwender das Programm unabh\u00e4ngig von seinen Autoren beliebig ver\u00e4ndern, weitergeben und erkannte&#46;&#46;&#46;<\/p>\n","protected":false},"author":1,"featured_media":1326,"parent":239,"menu_order":3,"comment_status":"closed","ping_status":"closed","template":"page-templates\/child-menu.php","meta":{"footnotes":""},"class_list":["post-1033","page","type-page","status-publish","has-post-thumbnail","hentry"],"_links":{"self":[{"href":"https:\/\/speefak.spdns.de\/www.cc-trade.info\/wp-json\/wp\/v2\/pages\/1033","targetHints":{"allow":["GET"]}}],"collection":[{"href":"https:\/\/speefak.spdns.de\/www.cc-trade.info\/wp-json\/wp\/v2\/pages"}],"about":[{"href":"https:\/\/speefak.spdns.de\/www.cc-trade.info\/wp-json\/wp\/v2\/types\/page"}],"author":[{"embeddable":true,"href":"https:\/\/speefak.spdns.de\/www.cc-trade.info\/wp-json\/wp\/v2\/users\/1"}],"replies":[{"embeddable":true,"href":"https:\/\/speefak.spdns.de\/www.cc-trade.info\/wp-json\/wp\/v2\/comments?post=1033"}],"version-history":[{"count":0,"href":"https:\/\/speefak.spdns.de\/www.cc-trade.info\/wp-json\/wp\/v2\/pages\/1033\/revisions"}],"up":[{"embeddable":true,"href":"https:\/\/speefak.spdns.de\/www.cc-trade.info\/wp-json\/wp\/v2\/pages\/239"}],"wp:featuredmedia":[{"embeddable":true,"href":"https:\/\/speefak.spdns.de\/www.cc-trade.info\/wp-json\/wp\/v2\/media\/1326"}],"wp:attachment":[{"href":"https:\/\/speefak.spdns.de\/www.cc-trade.info\/wp-json\/wp\/v2\/media?parent=1033"}],"curies":[{"name":"wp","href":"https:\/\/api.w.org\/{rel}","templated":true}]}}