{"id":1020,"date":"2017-06-12T13:30:17","date_gmt":"2017-06-12T11:30:17","guid":{"rendered":"https:\/\/speefak.spdns.de\/www.cc-trade.info\/?page_id=1020"},"modified":"2018-01-24T01:03:00","modified_gmt":"2018-01-24T00:03:00","slug":"datentraegerverschluesselung","status":"publish","type":"page","link":"https:\/\/speefak.spdns.de\/www.cc-trade.info\/sicherheit\/datentraegerverschluesselung\/","title":{"rendered":"Datentr\u00e4gerverschl\u00fcsselung"},"content":{"rendered":"<header class=\"entry-header\">\n<p class=\"entry-title format-icon\"><strong>Der Schutz vor dem Zugriff auf Daten kann in zwei Bereiche unterteilt werden. Die Grundlage bilden <a href=\"https:\/\/speefak.spdns.de\/www.cc-trade.info\/sicherheit\/sichere-passwoerter-logins\/\">Passw\u00f6rter und Logins<\/a>, durch die Benutzer authentifiziert werden. Besteht allerdings der Zugriff auf das Speichermedium der Daten (z.b. auf die Festplatten eines Computers) und sind diese nicht verschl\u00fcsselt, kann der gesamte auf dem betreffenden Speichermedium hinterlegte Datensatz von ausgelesen werden.<\/strong><\/p>\n<hr class=\"featurette-divider __before_content\" \/>\n<\/header>\n<div class=\"entry-content\">\n<p>Die unter Linux und Windows g\u00e4ngigen Dateisysteme unterst\u00fctzen alle Dateirechte, mit denen man Benutzern den Zugriff auf Dateien erlauben und verbieten kann. Diese Rechte greifen aber nur solange das System l\u00e4uft und diese Rechte erzwingen kann. Falls eine Person physischen Zugriff auf den Rechner hat (Live CDs einlegen oder die Festplatte ausbauen ), k\u00f6nnen diese Schutzmechanismen leicht umgangen werden \u2013 im BIOS des Rechners kann die Bootreihenfolge umgestellt werden und anschlie\u00dfend ein Rettungssystem von CD gestartet werden, oder man kann die Bootloaderkonfiguration so anpassen, dass der Rechner direkt eine Root-Shell l\u00e4dt mit der der Nutzer dann den Vollzugriff auf alle Daten des Systems hat. Falls Sie auch in so einem Fall Ihre Daten sch\u00fctzen m\u00f6chten sind weitere Ma\u00dfnahmen n\u00f6tig, die insbesondere bei mobilen Ger\u00e4ten wie Laptops zum Tragen kommen, da diese leicht entwendet werden k\u00f6nnen.<\/p>\n<p>Die L\u00f6sung f\u00fcr dieses Problem hei\u00dft Kryptographie. Daten werden nicht mehr direkt, sondern nur noch verschl\u00fcsselt auf der Festplatte gespeichert. Hat jemand Zugriff auf den ausgeschalteten Rechner, braucht er so trotzdem noch den Schl\u00fcssel oder das Passwort, um die Daten auf der Festplatte zu entschl\u00fcsseln. Der Aufwand, den Schl\u00fcssel oder das Passwort durch Ausprobieren herauszufinden ist dabei so gro\u00df, dass selbst die Chance, durch jahrelanges systematisches Probieren den passenden Schl\u00fcssel zu finden astronomisch klein bleibt.<\/p>\n<p>Wir bei Itoss Open Source Solutions setzen auf das bew\u00e4hrte DM-Crypt System auf Basis des LVM mit LUKS zur Verwaltung der verschl\u00fcsselten Partitionen.<\/p>\n<p>Sie haben Fragen zu den o.g. Punkten oder Verschl\u00fcsselung allgemein ? Dann Fragen Sie uns :<\/p>\n<p>Videolinks :\u00a0<a href=\"https:\/\/www.youtube.com\/watch?annotation_id=annotation_1020268581&amp;feature=iv&amp;src_vid=OpSUmuG3Bp8&amp;v=jtFc6B5lmIM\" target=\"_blank\" rel=\"noopener\">Daten Verschl\u00fcsseln Einfach Erkl\u00e4rt (Alexander Lehmann)<\/a><\/p>\n<\/div>\n","protected":false},"excerpt":{"rendered":"<p>Der Schutz vor dem Zugriff auf Daten kann in zwei Bereiche unterteilt werden. Die Grundlage bilden Passw\u00f6rter und Logins, durch die Benutzer authentifiziert werden. Besteht allerdings der Zugriff auf das Speichermedium der Daten (z.b.&#46;&#46;&#46;<\/p>\n","protected":false},"author":1,"featured_media":1311,"parent":1012,"menu_order":2,"comment_status":"closed","ping_status":"closed","template":"page-templates\/child-menu.php","meta":{"footnotes":""},"class_list":["post-1020","page","type-page","status-publish","has-post-thumbnail","hentry"],"_links":{"self":[{"href":"https:\/\/speefak.spdns.de\/www.cc-trade.info\/wp-json\/wp\/v2\/pages\/1020","targetHints":{"allow":["GET"]}}],"collection":[{"href":"https:\/\/speefak.spdns.de\/www.cc-trade.info\/wp-json\/wp\/v2\/pages"}],"about":[{"href":"https:\/\/speefak.spdns.de\/www.cc-trade.info\/wp-json\/wp\/v2\/types\/page"}],"author":[{"embeddable":true,"href":"https:\/\/speefak.spdns.de\/www.cc-trade.info\/wp-json\/wp\/v2\/users\/1"}],"replies":[{"embeddable":true,"href":"https:\/\/speefak.spdns.de\/www.cc-trade.info\/wp-json\/wp\/v2\/comments?post=1020"}],"version-history":[{"count":0,"href":"https:\/\/speefak.spdns.de\/www.cc-trade.info\/wp-json\/wp\/v2\/pages\/1020\/revisions"}],"up":[{"embeddable":true,"href":"https:\/\/speefak.spdns.de\/www.cc-trade.info\/wp-json\/wp\/v2\/pages\/1012"}],"wp:featuredmedia":[{"embeddable":true,"href":"https:\/\/speefak.spdns.de\/www.cc-trade.info\/wp-json\/wp\/v2\/media\/1311"}],"wp:attachment":[{"href":"https:\/\/speefak.spdns.de\/www.cc-trade.info\/wp-json\/wp\/v2\/media?parent=1020"}],"curies":[{"name":"wp","href":"https:\/\/api.w.org\/{rel}","templated":true}]}}