{"id":1015,"date":"2017-06-12T12:42:33","date_gmt":"2017-06-12T10:42:33","guid":{"rendered":"https:\/\/speefak.spdns.de\/www.cc-trade.info\/?page_id=1015"},"modified":"2018-01-24T01:48:47","modified_gmt":"2018-01-24T00:48:47","slug":"passwoerter-und-logins","status":"publish","type":"page","link":"https:\/\/speefak.spdns.de\/www.cc-trade.info\/sicherheit\/passwoerter-und-logins\/","title":{"rendered":"Passw\u00f6rter und Logins"},"content":{"rendered":"<p><strong>Im Digitalen Zeitalter sind Passw\u00f6rter, Logins, Pins etc. oft die einzige M\u00f6glichkeit Identit\u00e4ten und Zugangsberechtigungen nachzuweisen oder zu vergeben. Die sichere Speicherung der Daten erfordert hingegen eine komplette <a href=\"https:\/\/speefak.spdns.de\/www.cc-trade.info\/sicherheit\/datentraegerverschluesselung\/\">Verschl\u00fcsselung<\/a> des Speichermediums oder der Containerdatei.<br \/>\n<\/strong><\/p>\n<hr \/>\n<h3>Passw\u00f6rter<\/h3>\n<p>Im Privaten Bereich sind Passw\u00f6rter oft der einzige Schutzmechanismus f\u00fcr Ihre Daten. Die einfachste und g\u00e4ngigste Methode Ihr Passwort herauszufinden, ist es zu raten. Dieses Vorgehen bezeichnet man als W\u00f6rterbuchangriff oder Brute-Force-Attacke. Deshalb sollten sie niemals ein real existierendes Wort verwenden. Oft werden auch einfach nur Namen oder Geburtsdaten der Liebsten, der Familie oder der Haustiere verwendet. Hier k\u00f6nnen Sie sich ein Passwort gleich sparen, denn ausreichende Sicherheit f\u00fcr Ihre Daten vor Hackerangriffen bieten diese Kennw\u00f6rter leider nicht<\/p>\n<hr \/>\n<h3>Zugangscodes<\/h3>\n<p>Neben der Authentifizierung werden Passw\u00f6rter auch dazu verwendet, bestimmte Zugangsberechtigungen nachzuweisen (verifizieren). Die Kenntnis des Passwortes gilt hierbei als Zugangsberechtigung. Zugangscodes werden z.B. zum \u00d6ffnen von Sicherheitst\u00fcren oder Tresoren genutzt.<\/p>\n<hr \/>\n<h3>Der Login<\/h3>\n<p>Eine weitere Funktion von Passw\u00f6rtern in Kombination mit Benutzernamen, auch Login genannt ist die Authentifizierung einer Person oder Gruppe. Hierzu wird ein Name und ein dazugeh\u00f6riges Passwort vereinbart, durch die sich jemand ausweist und dadurch die eigene Identit\u00e4t best\u00e4tigt (authentifiziert).<\/p>\n<p>Die Authentizit\u00e4t des sich so Ausweisenden bleibt nur h\u00f6chstens so lange gewahrt, wie das Passwort geheim bleibt, das hei\u00dft, es Dritten nicht bekannt ist. Der Zusammenhang zwischen Passwort und dessen Nutzer muss gesondert hergestellt und \u00fcberpr\u00fcft werden (zum Beispiel durch die Bank auf dem besonders vor Manipulation gesch\u00fctzten Postweg).<\/p>\n<hr \/>\n<h3>Die folgenden Punkte sollten Sie beim Umgang mit Passw\u00f6rtern beachten :<\/h3>\n<ul>\n<li>Seien sie \u201ezuf\u00e4llig\u201c in der Wahl Ihres Passworts<\/li>\n<li>\u00c4ndern Sie Ihr Passwort regelm\u00e4\u00dfig<\/li>\n<li>Speichern Sie Ihr Passwort nie unverschl\u00fcsselt (in lesbarem Text) auf Ihrer Festplatte<\/li>\n<li>Notieren Sie sich Ihr Passwort nicht auf Zetteln<\/li>\n<li>Verwenden Sie m\u00f6glichst viele unterschiedliche Zeichen<\/li>\n<li>Bringen Sie Sonderzeichen mit ein (s. <a class=\"interwiki interwiki-wikipedia\" href=\"http:\/\/de.wikipedia.org\/wiki\/American_Standard_Code_for_Information_Interchange\">ASCII-Codes<\/a> )<\/li>\n<li>Umlaute und exotische Sonderzeichen in Passw\u00f6rtern vermeiden. ( versch. Zeichenkodierung, UTF-8 oder ISO-8859-15 )<\/li>\n<li>Verzichten Sie auf Namen als Passw\u00f6rter<\/li>\n<li>Verraten sie niemals Ihr Passwort<\/li>\n<\/ul>\n<hr \/>\n<h3>Sonderformen von Passw\u00f6rtern<\/h3>\n<p>Eine besondere Form des Passwortes ist die sogenannte PIN (Pers\u00f6nliche Identifikationsnummer), die ausschlie\u00dflich aus Ziffern besteht.<\/p>\n<p>Eine weitere Sonderform der Passw\u00f6rter ist die eindeutige Zuordnung eines Benutzers anhand verschiedener Merkmale, die die Authentifizierung und Verifizierung in sich vereinen. Als klassische Beispiel sei hier der Irisscanner genannt, da die Iris zweier Menschen niemals identisch ist.<\/p>\n<hr \/>\n<h3>Ein Sicheres Passwort finden \u2013 und nicht vergessen<\/h3>\n<p>Heutzutage besteht oft die M\u00f6glichkeit Passw\u00f6rter im Browser oder durch diverse Passwortprogramme zu speichern. Auf der einen Seite ist das sicher sehr bequem, auf der anderen Seite neigt der Mensch dazu, Dinge, die er nicht oft wiederholt zu vergessen; dies gilt auch f\u00fcr Passw\u00f6rter \u2013 das ist Ihnen vielleicht sogar schon einmal passiert. Aus diesem Grund sind die o.g. Speicherfunktionen mit Vorsicht zu genie\u00dfen, da oft auch nicht sichergestellt ist, dass die in den Speicherprogrammen eingetragenen Passw\u00f6rter nicht an Dritte weitergegeben werden. Die gr\u00f6\u00dftm\u00f6gliche Sicherheit bietet dabei immer noch Ihr Ged\u00e4chtnis. Jetzt werden Sie sagen \u201eWie soll ich mir 10 und mehr stellige Passw\u00f6rter aus Zahlen, Buchstaben Gro\u00df- und Kleinschreibung inklusive Sonderzeichen merken ?\u201c. H\u00f6rt sich kompliziert an ist es aber nicht. Das Ged\u00e4chtnis kann sich Zusammenh\u00e4nge, die ber\u00fcchtigten Eselsbr\u00fccken, wesentlich besser merken als eine nichtssagende Buchstaben- und Zahlenkombination. Deshalb wird statt eines Passwortes auch oft der begriff Passphase (Passwortsatz) verwendet. Nutzen Sie daher S\u00e4tze oder Zitate: <strong>W<\/strong>er <strong>s<\/strong>ichere <strong>S<\/strong>chritte <strong>t<\/strong>un <strong>w<\/strong>ill, <strong>m<\/strong>uss <strong>s<\/strong>ie <strong>l<\/strong>angsam <strong>t<\/strong>un. Das Passwort aus dem Passwortsatz w\u00fcrde dann lauten : <strong>WsStwmslt<\/strong>. Das o.g. Zitat stammt von Johann Wolfgang von Goethe dessen Geburtsjahr<strong> 1749<\/strong> ist. Kombinieren Sie jetzt noch die Zahl mit dem Passwort und bauen sie mindestens ein Sonderzeichen wie <strong>!<\/strong> ein. Ihr sicheres Passwort lautet nun z.B. : <strong>17WsStwmslt49!<\/strong> . Einen Anhaltspunkt f\u00fcr die Sicherheit Ihres Passwortes finden Sie <a href=\"http:\/\/www.wiesicheristmeinpasswort.de\/\" target=\"_blank\" rel=\"noopener noreferrer\">Hier<\/a> oder <a href=\"http:\/\/checkdeinpasswort.de\/\" target=\"_blank\" rel=\"noopener noreferrer\">Hier<\/a>. Ein herk\u00f6mmlicher Computer w\u00fcrde f\u00fcr das Erraten des o.g. Passwortes mittels einer Brutforce Attacke ca. 38 Milliarden Jahre gebrauchen; und selbst wenn er doppelt, dreifach oder 100 mal so schnell w\u00e4re \u2013 es dauert immer noch eine halbe Ewigkeit \u2026<\/p>\n<p>Tauschen Sie ggf. nach dem Pr\u00fcfen des Passwortes mit den genannten Internetseiten ein oder 2 Zeichen aus, da nicht garantiert werden kann, dass Ihre Passw\u00f6rter nicht doch gespeichert werden.<\/p>\n<p>&nbsp;<\/p>\n<p style=\"text-align: center;\"><iframe loading=\"lazy\" src=\"https:\/\/www.youtube.com\/embed\/jtFc6B5lmIM\" width=\"600\" height=\"400\" frameborder=\"0\" allowfullscreen=\"allowfullscreen\"><\/iframe><\/p>\n<p>&nbsp;<\/p>\n<p>&nbsp;<\/p>\n","protected":false},"excerpt":{"rendered":"<p>Im Digitalen Zeitalter sind Passw\u00f6rter, Logins, Pins etc. oft die einzige M\u00f6glichkeit Identit\u00e4ten und Zugangsberechtigungen nachzuweisen oder zu vergeben. Die sichere Speicherung der Daten erfordert hingegen eine komplette Verschl\u00fcsselung des Speichermediums oder der Containerdatei.&#46;&#46;&#46;<\/p>\n","protected":false},"author":1,"featured_media":1325,"parent":1012,"menu_order":1,"comment_status":"closed","ping_status":"closed","template":"page-templates\/child-menu.php","meta":{"footnotes":""},"class_list":["post-1015","page","type-page","status-publish","has-post-thumbnail","hentry"],"_links":{"self":[{"href":"https:\/\/speefak.spdns.de\/www.cc-trade.info\/wp-json\/wp\/v2\/pages\/1015","targetHints":{"allow":["GET"]}}],"collection":[{"href":"https:\/\/speefak.spdns.de\/www.cc-trade.info\/wp-json\/wp\/v2\/pages"}],"about":[{"href":"https:\/\/speefak.spdns.de\/www.cc-trade.info\/wp-json\/wp\/v2\/types\/page"}],"author":[{"embeddable":true,"href":"https:\/\/speefak.spdns.de\/www.cc-trade.info\/wp-json\/wp\/v2\/users\/1"}],"replies":[{"embeddable":true,"href":"https:\/\/speefak.spdns.de\/www.cc-trade.info\/wp-json\/wp\/v2\/comments?post=1015"}],"version-history":[{"count":0,"href":"https:\/\/speefak.spdns.de\/www.cc-trade.info\/wp-json\/wp\/v2\/pages\/1015\/revisions"}],"up":[{"embeddable":true,"href":"https:\/\/speefak.spdns.de\/www.cc-trade.info\/wp-json\/wp\/v2\/pages\/1012"}],"wp:featuredmedia":[{"embeddable":true,"href":"https:\/\/speefak.spdns.de\/www.cc-trade.info\/wp-json\/wp\/v2\/media\/1325"}],"wp:attachment":[{"href":"https:\/\/speefak.spdns.de\/www.cc-trade.info\/wp-json\/wp\/v2\/media?parent=1015"}],"curies":[{"name":"wp","href":"https:\/\/api.w.org\/{rel}","templated":true}]}}