{"id":27,"date":"2019-07-31T14:26:15","date_gmt":"2019-07-31T12:26:15","guid":{"rendered":"http:\/\/192.168.1.100\/www.velo-nature.de\/?page_id=27"},"modified":"2019-07-31T14:29:49","modified_gmt":"2019-07-31T12:29:49","slug":"creative-commons-lizenzen","status":"publish","type":"page","link":"https:\/\/speefak.spdns.de\/www.bike2change.de\/rechtliches\/creative-commons-lizenzen\/","title":{"rendered":"Creative Commons Lizenzen"},"content":{"rendered":"<p><a href=\"http:\/\/itoss.org\/wp-content\/uploads\/2014\/03\/Creative_Commons_Logo.png\"><img loading=\"lazy\" decoding=\"async\" class=\"alignleft size-full wp-image-336\" src=\"http:\/\/itoss.org\/wp-content\/uploads\/2014\/03\/Creative_Commons_Logo.png\" alt=\"Creative_Commons_Logo\" width=\"150\" height=\"39\" \/><\/a><br \/>\nCreative Commons ist eine gemeinn\u00fctzige Organisation, die 2001 gegr\u00fcndet wurde und eine freie Alternative zu dem herk\u00f6mmlichen, veralteten und sehr restriktiven <a href=\"https:\/\/de.wikipedia.org\/wiki\/Copyright\" target=\"_blank\" rel=\"noopener noreferrer\">Copyright<\/a> Lizenzsystem bildet.<\/p>\n<p>Die CC Organisation stellt verschiedene <a href=\"https:\/\/creativecommons.org\/licenses\/\" target=\"_blank\" rel=\"noopener noreferrer\">Standard-Lizenzvertr\u00e4ge<\/a> zur Verf\u00fcgung, mit denen ein Autor der \u00d6ffentlichkeit auf einfache Weise Nutzungsrechte an seinen Werken einr\u00e4umen kann. Diese Lizenzen sind nicht auf einen einzelnen Werkstyp zugeschnitten, sondern f\u00fcr beliebige Werke anwendbar, die unter das Urheberrecht fallen, zum Beispiel Texte, Bilder, Musikst\u00fccke, Videoclips usw. Auf diese Weise entstehen Freie Inhalte und Projekte. Eines davon ist die <a href=\"https:\/\/www.mozilla.org\/de\/\" target=\"_blank\" rel=\"noopener noreferrer\">Mozilla Foundation<\/a> wodurch der Firefox Webbrowser und auch das Thunderbird Emailprogramm entstanden sind.<\/p>\n<p>&nbsp;<\/p>\n<h3>Die Lizenzen im Einzelnen<\/h3>\n<hr \/>\n<h4>Namensnennung<\/h4>\n<p><img loading=\"lazy\" decoding=\"async\" src=\"http:\/\/i.creativecommons.org\/l\/by\/3.0\/88x31.png\" alt=\"\" width=\"88\" height=\"31\" \/> CC BY<\/p>\n<p>Diese Lizenz erlaubt anderen, Ihr Werk zu verbreiten, zu remixen, zu verbessern und darauf aufzubauen, auch kommerziell, solange Sie als Urheber des Originals genannt werden. Dies ist die freieste Lizenz, die angeboten wird, empfohlen f\u00fcr maximale Verbreitung und Nutzung des lizenzierten Werkes.<br \/>\n<a href=\"https:\/\/creativecommons.org\/licenses\/by\/4.0\">Die &#8222;License Deed&#8220; ansehen<\/a> | <a href=\"https:\/\/creativecommons.org\/licenses\/by\/4.0\/legalcode\"> Den rechtsverbindlichen Lizenzvertrag ansehen<\/a><\/p>\n<hr \/>\n<h4>Namensnennung &#8211; Weitergabe unter gleichen Bedingungen<\/h4>\n<p><img loading=\"lazy\" decoding=\"async\" src=\"http:\/\/i.creativecommons.org\/l\/by-sa\/3.0\/88x31.png\" alt=\"\" width=\"88\" height=\"31\" \/> CC BY-SA<\/p>\n<p>Diese Lizenz erlaubt es anderen, Ihr Werk zu verbreiten, zu remixen, zu verbessern und darauf aufzubauen, auch kommerziell, solange Sie als Urheber des Originals genannt werden und die auf Ihrem Werk basierenden neuen Werke unter denselben Bedingungen ver\u00f6ffentlicht werden. Alle neuen Werke, die auf Ihrem aufbauen, werden unter derselben Lizenz stehen, also auch kommerziell nutzbar sein.<br \/>\n<a href=\"https:\/\/creativecommons.org\/licenses\/by-sa\/4.0\">Die &#8222;License Deed&#8220; ansehen<\/a> | <a href=\"https:\/\/creativecommons.org\/licenses\/by-sa\/4.0\/legalcode\"> Den rechtsverbindlichen Lizenzvertrag ansehen<\/a><\/p>\n<hr \/>\n<h4>Namensnennung &#8211; Keine Bearbeitung<\/h4>\n<p><img loading=\"lazy\" decoding=\"async\" src=\"http:\/\/i.creativecommons.org\/l\/by-nd\/3.0\/88x31.png\" alt=\"\" width=\"88\" height=\"31\" \/> CC BY-ND<\/p>\n<p>Diese Lizenz erlaubt anderen die Weiterverbreitung Ihres Werkes, kommerziell wie nicht-kommerziell, solange dies ohne Ver\u00e4nderungen und vollst\u00e4ndig geschieht und Sie als Urheber genannt werden. <a href=\"https:\/\/creativecommons.org\/licenses\/by-nd\/4.0\">Die &#8222;License Deed&#8220; ansehen<\/a> | <a href=\"https:\/\/creativecommons.org\/licenses\/by-nd\/4.0\/legalcode\"> Den rechtsverbindlichen Lizenzvertrag ansehen<\/a><\/p>\n<hr \/>\n<h4>Namensnennung &#8211; Nicht kommerziell<\/h4>\n<p><img loading=\"lazy\" decoding=\"async\" src=\"http:\/\/i.creativecommons.org\/l\/by-nc\/3.0\/88x31.png\" alt=\"\" width=\"88\" height=\"31\" \/> CC BY-NC<\/p>\n<p>Diese Lizenz erlaubt es anderen, Ihr Werk zu verbreiten, zu remixen, zu verbessern und darauf aufzubauen, allerdings nur nicht-kommerziell. Und obwohl auch bei den auf Ihrem Werk basierenden neuen Werken Ihr Namen mit genannt werden muss und sie nur nicht-kommerziell verwendet werden d\u00fcrfen, m\u00fcssen diese neuen Werke nicht unter denselben Bedingungen lizenziert werden.<br \/>\n<a href=\"https:\/\/creativecommons.org\/licenses\/by-nc\/4.0\">Die &#8222;License Deed&#8220; ansehen<\/a> | <a href=\"https:\/\/creativecommons.org\/licenses\/by-nc\/4.0\/legalcode\"> Den rechtsverbindlichen Lizenzvertrag ansehen<\/a><\/p>\n<hr \/>\n<h4>Namensnennung &#8211; Nicht-kommerziell &#8211; Weitergabe unter gleichen Bedingungen<\/h4>\n<p><img loading=\"lazy\" decoding=\"async\" src=\"http:\/\/i.creativecommons.org\/l\/by-nc-sa\/3.0\/88x31.png\" alt=\"\" width=\"88\" height=\"31\" \/> CC BY-NC-SA<\/p>\n<p>Diese Lizenz erlaubt es anderen, Ihr Werk zu verbreiten, zu remixen, zu verbessern und darauf aufzubauen, allerdings nur nicht-kommerziell und solange Sie als Urheber des Originals genannt werden und die auf Ihrem Werk basierenden neuen Werke unter denselben Bedingungen ver\u00f6ffentlicht werden.<br \/>\n<a href=\"https:\/\/creativecommons.org\/licenses\/by-nc-sa\/4.0\">Die &#8222;License Deed&#8220; ansehen<\/a> | <a href=\"https:\/\/creativecommons.org\/licenses\/by-nc-sa\/4.0\/legalcode\"> Den rechtsverbindlichen Lizenzvertrag ansehen<\/a><\/p>\n<hr \/>\n<h4>Namensnennung &#8211; Nicht-kommerziell &#8211; Keine Bearbeitung<\/h4>\n<p><img loading=\"lazy\" decoding=\"async\" src=\"http:\/\/i.creativecommons.org\/l\/by-nc-nd\/3.0\/88x31.png\" alt=\"\" width=\"88\" height=\"31\" \/> CC BY-NC-ND<\/p>\n<p>Dies ist die restriktivste unserer sechs Kernlizenzen. Sie erlaubt lediglich Download und Weiterverteilung des Werkes unter Nennung Ihres Namens, jedoch keinerlei Bearbeitung oder kommerzielle Nutzung.<br \/>\n<a href=\"https:\/\/creativecommons.org\/licenses\/by-nc-nd\/4.0\">Die &#8222;License Deed&#8220; ansehen<\/a> | <a href=\"https:\/\/creativecommons.org\/licenses\/by-nc-nd\/4.0\/legalcode\"> Den rechtsverbindlichen Lizenzvertrag ansehen<\/a><\/p>\n<hr \/>\n","protected":false},"excerpt":{"rendered":"<p>Creative Commons ist eine gemeinn\u00fctzige Organisation, die 2001 gegr\u00fcndet wurde und eine freie Alternative zu dem herk\u00f6mmlichen, veralteten und sehr restriktiven Copyright Lizenzsystem bildet. Die CC Organisation stellt verschiedene Standard-Lizenzvertr\u00e4ge zur Verf\u00fcgung, mit denen ein Autor der \u00d6ffentlichkeit auf einfache Weise Nutzungsrechte an seinen Werken einr\u00e4umen kann. Diese Lizenzen sind nicht auf einen einzelnen Werkstyp [&hellip;]<\/p>\n","protected":false},"author":2,"featured_media":0,"parent":33,"menu_order":2,"comment_status":"closed","ping_status":"closed","template":"","meta":{"footnotes":""},"class_list":["post-27","page","type-page","status-publish","czr-hentry"],"yoast_head":"<!-- This site is optimized with the Yoast SEO plugin v27.0 - https:\/\/yoast.com\/product\/yoast-seo-wordpress\/ -->\n<title>Creative Commons Lizenzen - bike2change<\/title>\n<meta name=\"robots\" content=\"index, follow, max-snippet:-1, max-image-preview:large, max-video-preview:-1\" \/>\n<link rel=\"canonical\" href=\"https:\/\/speefak.spdns.de\/www.bike2change.de\/rechtliches\/creative-commons-lizenzen\/\" \/>\n<meta property=\"og:locale\" content=\"de_DE\" \/>\n<meta property=\"og:type\" content=\"article\" \/>\n<meta property=\"og:title\" content=\"Creative Commons Lizenzen - bike2change\" \/>\n<meta property=\"og:description\" content=\"Creative Commons ist eine gemeinn\u00fctzige Organisation, die 2001 gegr\u00fcndet wurde und eine freie Alternative zu dem herk\u00f6mmlichen, veralteten und sehr restriktiven Copyright Lizenzsystem bildet. Die CC Organisation stellt verschiedene Standard-Lizenzvertr\u00e4ge zur Verf\u00fcgung, mit denen ein Autor der \u00d6ffentlichkeit auf einfache Weise Nutzungsrechte an seinen Werken einr\u00e4umen kann. Diese Lizenzen sind nicht auf einen einzelnen Werkstyp [&hellip;]\" \/>\n<meta property=\"og:url\" content=\"https:\/\/speefak.spdns.de\/www.bike2change.de\/rechtliches\/creative-commons-lizenzen\/\" \/>\n<meta property=\"og:site_name\" content=\"bike2change\" \/>\n<meta property=\"article:modified_time\" content=\"2019-07-31T12:29:49+00:00\" \/>\n<meta property=\"og:image\" content=\"http:\/\/itoss.org\/wp-content\/uploads\/2014\/03\/Creative_Commons_Logo.png\" \/>\n<meta name=\"twitter:card\" content=\"summary_large_image\" \/>\n<meta name=\"twitter:label1\" content=\"Gesch\u00e4tzte Lesezeit\" \/>\n\t<meta name=\"twitter:data1\" content=\"2\u00a0Minuten\" \/>\n<script type=\"application\/ld+json\" class=\"yoast-schema-graph\">{\"@context\":\"https:\/\/schema.org\",\"@graph\":[{\"@type\":\"WebPage\",\"@id\":\"https:\/\/speefak.spdns.de\/www.bike2change.de\/rechtliches\/creative-commons-lizenzen\/\",\"url\":\"https:\/\/speefak.spdns.de\/www.bike2change.de\/rechtliches\/creative-commons-lizenzen\/\",\"name\":\"Creative Commons Lizenzen - bike2change\",\"isPartOf\":{\"@id\":\"https:\/\/speefak.spdns.de\/www.bike2change.de\/#website\"},\"primaryImageOfPage\":{\"@id\":\"https:\/\/speefak.spdns.de\/www.bike2change.de\/rechtliches\/creative-commons-lizenzen\/#primaryimage\"},\"image\":{\"@id\":\"https:\/\/speefak.spdns.de\/www.bike2change.de\/rechtliches\/creative-commons-lizenzen\/#primaryimage\"},\"thumbnailUrl\":\"http:\/\/itoss.org\/wp-content\/uploads\/2014\/03\/Creative_Commons_Logo.png\",\"datePublished\":\"2019-07-31T12:26:15+00:00\",\"dateModified\":\"2019-07-31T12:29:49+00:00\",\"breadcrumb\":{\"@id\":\"https:\/\/speefak.spdns.de\/www.bike2change.de\/rechtliches\/creative-commons-lizenzen\/#breadcrumb\"},\"inLanguage\":\"de\",\"potentialAction\":[{\"@type\":\"ReadAction\",\"target\":[\"https:\/\/speefak.spdns.de\/www.bike2change.de\/rechtliches\/creative-commons-lizenzen\/\"]}]},{\"@type\":\"ImageObject\",\"inLanguage\":\"de\",\"@id\":\"https:\/\/speefak.spdns.de\/www.bike2change.de\/rechtliches\/creative-commons-lizenzen\/#primaryimage\",\"url\":\"http:\/\/itoss.org\/wp-content\/uploads\/2014\/03\/Creative_Commons_Logo.png\",\"contentUrl\":\"http:\/\/itoss.org\/wp-content\/uploads\/2014\/03\/Creative_Commons_Logo.png\"},{\"@type\":\"BreadcrumbList\",\"@id\":\"https:\/\/speefak.spdns.de\/www.bike2change.de\/rechtliches\/creative-commons-lizenzen\/#breadcrumb\",\"itemListElement\":[{\"@type\":\"ListItem\",\"position\":1,\"name\":\"Startseite\",\"item\":\"https:\/\/speefak.spdns.de\/www.bike2change.de\/\"},{\"@type\":\"ListItem\",\"position\":2,\"name\":\"Rechtliches\",\"item\":\"https:\/\/speefak.spdns.de\/www.bike2change.de\/rechtliches\/\"},{\"@type\":\"ListItem\",\"position\":3,\"name\":\"Creative Commons Lizenzen\"}]},{\"@type\":\"WebSite\",\"@id\":\"https:\/\/speefak.spdns.de\/www.bike2change.de\/#website\",\"url\":\"https:\/\/speefak.spdns.de\/www.bike2change.de\/\",\"name\":\"bike2change\",\"description\":\"Respect Nature - Expect Future\",\"publisher\":{\"@id\":\"https:\/\/speefak.spdns.de\/www.bike2change.de\/#organization\"},\"potentialAction\":[{\"@type\":\"SearchAction\",\"target\":{\"@type\":\"EntryPoint\",\"urlTemplate\":\"https:\/\/speefak.spdns.de\/www.bike2change.de\/?s={search_term_string}\"},\"query-input\":{\"@type\":\"PropertyValueSpecification\",\"valueRequired\":true,\"valueName\":\"search_term_string\"}}],\"inLanguage\":\"de\"},{\"@type\":\"Organization\",\"@id\":\"https:\/\/speefak.spdns.de\/www.bike2change.de\/#organization\",\"name\":\"bike2change\",\"url\":\"https:\/\/speefak.spdns.de\/www.bike2change.de\/\",\"logo\":{\"@type\":\"ImageObject\",\"inLanguage\":\"de\",\"@id\":\"https:\/\/speefak.spdns.de\/www.bike2change.de\/#\/schema\/logo\/image\/\",\"url\":\"https:\/\/speefak.spdns.de\/www.bike2change.de\/wp-content\/uploads\/2020\/05\/cropped-bike2change_browser_icon-1.png\",\"contentUrl\":\"https:\/\/speefak.spdns.de\/www.bike2change.de\/wp-content\/uploads\/2020\/05\/cropped-bike2change_browser_icon-1.png\",\"width\":511,\"height\":204,\"caption\":\"bike2change\"},\"image\":{\"@id\":\"https:\/\/speefak.spdns.de\/www.bike2change.de\/#\/schema\/logo\/image\/\"}}]}<\/script>\n<!-- \/ Yoast SEO plugin. -->","yoast_head_json":{"title":"Creative Commons Lizenzen - bike2change","robots":{"index":"index","follow":"follow","max-snippet":"max-snippet:-1","max-image-preview":"max-image-preview:large","max-video-preview":"max-video-preview:-1"},"canonical":"https:\/\/speefak.spdns.de\/www.bike2change.de\/rechtliches\/creative-commons-lizenzen\/","og_locale":"de_DE","og_type":"article","og_title":"Creative Commons Lizenzen - bike2change","og_description":"Creative Commons ist eine gemeinn\u00fctzige Organisation, die 2001 gegr\u00fcndet wurde und eine freie Alternative zu dem herk\u00f6mmlichen, veralteten und sehr restriktiven Copyright Lizenzsystem bildet. Die CC Organisation stellt verschiedene Standard-Lizenzvertr\u00e4ge zur Verf\u00fcgung, mit denen ein Autor der \u00d6ffentlichkeit auf einfache Weise Nutzungsrechte an seinen Werken einr\u00e4umen kann. Diese Lizenzen sind nicht auf einen einzelnen Werkstyp [&hellip;]","og_url":"https:\/\/speefak.spdns.de\/www.bike2change.de\/rechtliches\/creative-commons-lizenzen\/","og_site_name":"bike2change","article_modified_time":"2019-07-31T12:29:49+00:00","og_image":[{"url":"http:\/\/itoss.org\/wp-content\/uploads\/2014\/03\/Creative_Commons_Logo.png","type":"","width":"","height":""}],"twitter_card":"summary_large_image","twitter_misc":{"Gesch\u00e4tzte Lesezeit":"2\u00a0Minuten"},"schema":{"@context":"https:\/\/schema.org","@graph":[{"@type":"WebPage","@id":"https:\/\/speefak.spdns.de\/www.bike2change.de\/rechtliches\/creative-commons-lizenzen\/","url":"https:\/\/speefak.spdns.de\/www.bike2change.de\/rechtliches\/creative-commons-lizenzen\/","name":"Creative Commons Lizenzen - bike2change","isPartOf":{"@id":"https:\/\/speefak.spdns.de\/www.bike2change.de\/#website"},"primaryImageOfPage":{"@id":"https:\/\/speefak.spdns.de\/www.bike2change.de\/rechtliches\/creative-commons-lizenzen\/#primaryimage"},"image":{"@id":"https:\/\/speefak.spdns.de\/www.bike2change.de\/rechtliches\/creative-commons-lizenzen\/#primaryimage"},"thumbnailUrl":"http:\/\/itoss.org\/wp-content\/uploads\/2014\/03\/Creative_Commons_Logo.png","datePublished":"2019-07-31T12:26:15+00:00","dateModified":"2019-07-31T12:29:49+00:00","breadcrumb":{"@id":"https:\/\/speefak.spdns.de\/www.bike2change.de\/rechtliches\/creative-commons-lizenzen\/#breadcrumb"},"inLanguage":"de","potentialAction":[{"@type":"ReadAction","target":["https:\/\/speefak.spdns.de\/www.bike2change.de\/rechtliches\/creative-commons-lizenzen\/"]}]},{"@type":"ImageObject","inLanguage":"de","@id":"https:\/\/speefak.spdns.de\/www.bike2change.de\/rechtliches\/creative-commons-lizenzen\/#primaryimage","url":"http:\/\/itoss.org\/wp-content\/uploads\/2014\/03\/Creative_Commons_Logo.png","contentUrl":"http:\/\/itoss.org\/wp-content\/uploads\/2014\/03\/Creative_Commons_Logo.png"},{"@type":"BreadcrumbList","@id":"https:\/\/speefak.spdns.de\/www.bike2change.de\/rechtliches\/creative-commons-lizenzen\/#breadcrumb","itemListElement":[{"@type":"ListItem","position":1,"name":"Startseite","item":"https:\/\/speefak.spdns.de\/www.bike2change.de\/"},{"@type":"ListItem","position":2,"name":"Rechtliches","item":"https:\/\/speefak.spdns.de\/www.bike2change.de\/rechtliches\/"},{"@type":"ListItem","position":3,"name":"Creative Commons Lizenzen"}]},{"@type":"WebSite","@id":"https:\/\/speefak.spdns.de\/www.bike2change.de\/#website","url":"https:\/\/speefak.spdns.de\/www.bike2change.de\/","name":"bike2change","description":"Respect Nature - Expect Future","publisher":{"@id":"https:\/\/speefak.spdns.de\/www.bike2change.de\/#organization"},"potentialAction":[{"@type":"SearchAction","target":{"@type":"EntryPoint","urlTemplate":"https:\/\/speefak.spdns.de\/www.bike2change.de\/?s={search_term_string}"},"query-input":{"@type":"PropertyValueSpecification","valueRequired":true,"valueName":"search_term_string"}}],"inLanguage":"de"},{"@type":"Organization","@id":"https:\/\/speefak.spdns.de\/www.bike2change.de\/#organization","name":"bike2change","url":"https:\/\/speefak.spdns.de\/www.bike2change.de\/","logo":{"@type":"ImageObject","inLanguage":"de","@id":"https:\/\/speefak.spdns.de\/www.bike2change.de\/#\/schema\/logo\/image\/","url":"https:\/\/speefak.spdns.de\/www.bike2change.de\/wp-content\/uploads\/2020\/05\/cropped-bike2change_browser_icon-1.png","contentUrl":"https:\/\/speefak.spdns.de\/www.bike2change.de\/wp-content\/uploads\/2020\/05\/cropped-bike2change_browser_icon-1.png","width":511,"height":204,"caption":"bike2change"},"image":{"@id":"https:\/\/speefak.spdns.de\/www.bike2change.de\/#\/schema\/logo\/image\/"}}]}},"_links":{"self":[{"href":"https:\/\/speefak.spdns.de\/www.bike2change.de\/wp-json\/wp\/v2\/pages\/27","targetHints":{"allow":["GET"]}}],"collection":[{"href":"https:\/\/speefak.spdns.de\/www.bike2change.de\/wp-json\/wp\/v2\/pages"}],"about":[{"href":"https:\/\/speefak.spdns.de\/www.bike2change.de\/wp-json\/wp\/v2\/types\/page"}],"author":[{"embeddable":true,"href":"https:\/\/speefak.spdns.de\/www.bike2change.de\/wp-json\/wp\/v2\/users\/2"}],"replies":[{"embeddable":true,"href":"https:\/\/speefak.spdns.de\/www.bike2change.de\/wp-json\/wp\/v2\/comments?post=27"}],"version-history":[{"count":0,"href":"https:\/\/speefak.spdns.de\/www.bike2change.de\/wp-json\/wp\/v2\/pages\/27\/revisions"}],"up":[{"embeddable":true,"href":"https:\/\/speefak.spdns.de\/www.bike2change.de\/wp-json\/wp\/v2\/pages\/33"}],"wp:attachment":[{"href":"https:\/\/speefak.spdns.de\/www.bike2change.de\/wp-json\/wp\/v2\/media?parent=27"}],"curies":[{"name":"wp","href":"https:\/\/api.w.org\/{rel}","templated":true}]}}