{"id":8291,"date":"2025-06-05T20:26:44","date_gmt":"2025-06-05T18:26:44","guid":{"rendered":"https:\/\/speefak.spdns.de\/oss_lifestyle\/?page_id=8291"},"modified":"2025-06-05T20:42:17","modified_gmt":"2025-06-05T18:42:17","slug":"iobroker","status":"publish","type":"page","link":"https:\/\/speefak.spdns.de\/oss_lifestyle\/themen\/iobroker\/","title":{"rendered":"ioBroker"},"content":{"rendered":"<style type='text\/css' media='all'>#rt-tpg-container-790673236 .rt-holder .rt-woo-info .price{color:#f4f4f4;}body .rt-tpg-container .rt-tpg-isotope-buttons .selected,\n\t\t\t\t\t#rt-tpg-container-790673236 .layout12 .rt-holder:hover .rt-detail,\n\t\t\t\t\t#rt-tpg-container-790673236 .isotope8 .rt-holder:hover .rt-detail,\n\t\t\t\t\t#rt-tpg-container-790673236 .carousel8 .rt-holder:hover .rt-detail,\n\t\t\t\t\t#rt-tpg-container-790673236 .layout13 .rt-holder .overlay .post-info,\n\t\t\t\t\t#rt-tpg-container-790673236 .isotope9 .rt-holder .overlay .post-info,\n\t\t\t\t\t#rt-tpg-container-790673236.rt-tpg-container .layout4 .rt-holder .rt-detail,\n\t\t\t\t\t.rt-modal-790673236 .md-content,\n\t\t\t\t\t.rt-modal-790673236 .md-content > .rt-md-content-holder .rt-md-content,\n\t\t\t\t\t.rt-popup-wrap-790673236.rt-popup-wrap .rt-popup-navigation-wrap,\n\t\t\t\t\t#rt-tpg-container-790673236 .carousel9 .rt-holder .overlay .post-info{background-color:#f4f4f4;}#rt-tpg-container-790673236 .layout5 .rt-holder .overlay, #rt-tpg-container-790673236 .isotope2 .rt-holder .overlay, #rt-tpg-container-790673236 .carousel2 .rt-holder .overlay,#rt-tpg-container-790673236 .layout15 .rt-holder h3, #rt-tpg-container-790673236 .isotope11 .rt-holder h3, #rt-tpg-container-790673236 .carousel11 .rt-holder h3, #rt-tpg-container-790673236 .layout16 .rt-holder h3,\n\t\t\t\t\t#rt-tpg-container-790673236 .isotope12 .rt-holder h3, #rt-tpg-container-790673236 .carousel12 .rt-holder h3 {background-color:rgba(244,244,244,0.8);}#rt-tpg-container-790673236 .pagination-list li a,\n\t\t\t\t\trt-tpg-container-790673236 .pagination-list li span,\n\t\t\t\t\trt-tpg-container-790673236 .pagination li a,\n\t\t\t\t\t#rt-tpg-container-790673236 .rt-tpg-isotope-buttons button,\n\t\t\t\t\t#rt-tpg-container-790673236 .rt-tpg-utility .rt-tpg-load-more button,\n\t\t\t\t\t#rt-tpg-container-790673236.rt-tpg-container .swiper-navigation .slider-btn,\n\t\t\t\t\t#rt-tpg-container-790673236.rt-tpg-container .swiper-pagination-bullet,\n\t\t\t\t\t#rt-tpg-container-790673236 .wc1 .rt-holder .rt-img-holder .overlay .product-more ul li a,\n\t\t\t\t\t#rt-tpg-container-790673236 .wc2 .rt-detail .rt-wc-add-to-cart,\n\t\t\t\t\t#rt-tpg-container-790673236 .wc3 .rt-detail .rt-wc-add-to-cart,\n\t\t\t\t\t#rt-tpg-container-790673236 .wc4 .rt-detail .rt-wc-add-to-cart,\n\t\t\t\t\t#rt-tpg-container-790673236 .wc-carousel2 .rt-detail .rt-wc-add-to-cart,\n\t\t\t\t\t#rt-tpg-container-790673236 .wc-isotope2 .rt-detail .rt-wc-add-to-cart,\n\t\t\t\t\t#rt-tpg-container-790673236 .rt-layout-filter-container .rt-filter-wrap .rt-filter-item-wrap.rt-filter-dropdown-wrap .rt-filter-dropdown,\n\t\t\t\t\t#rt-tpg-container-790673236 .rt-layout-filter-container .rt-filter-sub-tax.sub-button-group .rt-filter-button-item,\n\t\t\t\t\t#rt-tpg-container-790673236.rt-tpg-container .rt-pagination-wrap .rt-page-numbers .paginationjs .paginationjs-pages ul li>a,\n\t\t\t\t\t#rt-tpg-container-790673236 .rt-filter-item-wrap.rt-filter-button-wrap span.rt-filter-button-item,\n\t\t\t\t\t#rt-tpg-container-790673236.rt-tpg-container .rt-pagination-wrap  .rt-loadmore-btn,\n\t\t\t\t\t#rt-tpg-container-790673236.rt-tpg-container .rt-pagination-wrap .rt-cb-page-prev-next > *,\n\t\t\t\t\t#rt-tpg-container-790673236 .rt-read-more,\n\t\t\t\t\t#rt-tooltip-790673236, #rt-tooltip-790673236 .rt-tooltip-bottom:after{background-color:#dd9933;}#rt-tpg-container-790673236 .rt-filter-item-wrap.rt-filter-button-wrap span.rt-filter-button-item,\n\t\t\t\t\t#rt-tpg-container-790673236 .rt-layout-filter-container .rt-filter-sub-tax.sub-button-group .rt-filter-button-item{border-color:#dd9933;}#rt-tpg-container-790673236.rt-tpg-container .layout17 .rt-holder .overlay a.tpg-zoom .fa{color:#dd9933;}#rt-tpg-container-790673236 .rt-holder .read-more a {background-color:#dd9933;padding: 8px 15px;}#rt-tpg-container-790673236 .pagination li.active span,\n\t\t\t\t\t#rt-tpg-container-790673236 .pagination-list li.active span,\n\t\t\t\t\t#rt-tpg-container-790673236 .rt-tpg-isotope-buttons button.selected,\n\t\t\t\t\t#rt-tpg-container-790673236 .rt-filter-item-wrap.rt-filter-button-wrap span.rt-filter-button-item.selected,\n\t\t\t\t\t#rt-tpg-container-790673236 .rt-layout-filter-container .rt-filter-sub-tax.sub-button-group .rt-filter-button-item.selected,\n\t\t\t\t\t#rt-tpg-container-790673236.rt-tpg-container .rt-pagination-wrap .rt-page-numbers .paginationjs .paginationjs-pages ul li.active>a,\n\t\t\t\t\t#rt-tpg-container-790673236.rt-tpg-container .swiper-pagination-bullet.swiper-pagination-bullet-active-main{background-color:#d37700;}#rt-tpg-container-790673236 .rt-filter-item-wrap.rt-filter-button-wrap span.rt-filter-button-item.selected,\n\t\t\t\t\t#rt-tpg-container-790673236 .rt-layout-filter-container .rt-filter-sub-tax.sub-button-group .rt-filter-button-item.selected,\n\t\t\t\t\t#rt-tpg-container-790673236.rt-tpg-container .rt-pagination-wrap .rt-page-numbers .paginationjs .paginationjs-pages ul li.active>a{border-color:#d37700;}#rt-tpg-container-790673236 .pagination-list li a:hover,\n\t\t\t\t\t#rt-tpg-container-790673236 .pagination li a:hover,\n\t\t\t\t\t#rt-tpg-container-790673236 .rt-tpg-isotope-buttons button:hover,\n\t\t\t\t\t#rt-tpg-container-790673236 .rt-holder .read-more a:hover,\n\t\t\t\t\t#rt-tpg-container-790673236 .rt-tpg-utility .rt-tpg-load-more button:hover,\n\t\t\t\t\t#rt-tpg-container-790673236.rt-tpg-container .swiper-pagination-bullet:hover,\n\t\t\t\t\t#rt-tpg-container-790673236.rt-tpg-container .swiper-navigation .slider-btn:hover,\n\t\t\t\t\t#rt-tpg-container-790673236 .wc1 .rt-holder .rt-img-holder .overlay .product-more ul li a:hover,\n\t\t\t\t\t#rt-tpg-container-790673236 .wc2 .rt-detail .rt-wc-add-to-cart:hover,\n\t\t\t\t\t#rt-tpg-container-790673236 .wc3 .rt-detail .rt-wc-add-to-cart:hover,\n\t\t\t\t\t#rt-tpg-container-790673236 .wc4 .rt-detail .rt-wc-add-to-cart:hover,\n\t\t\t\t\t#rt-tpg-container-790673236 .wc-carousel2 .rt-detail .rt-wc-add-to-cart:hover,\n\t\t\t\t\t#rt-tpg-container-790673236 .wc-isotope2 .rt-detail .rt-wc-add-to-cart:hover,\n\t\t\t\t\t#rt-tpg-container-790673236 .rt-layout-filter-container .rt-filter-wrap .rt-filter-item-wrap.rt-filter-dropdown-wrap .rt-filter-dropdown .rt-filter-dropdown-item:hover,\n\t\t\t\t\t#rt-tpg-container-790673236 .rt-layout-filter-container .rt-filter-wrap .rt-filter-item-wrap.rt-filter-dropdown-wrap .rt-filter-dropdown .rt-filter-dropdown-item.selected,\n\t\t\t\t\t#rt-tpg-container-790673236 .rt-filter-item-wrap.rt-filter-button-wrap span.rt-filter-button-item:hover,\n\t\t\t\t\t#rt-tpg-container-790673236 .rt-layout-filter-container .rt-filter-sub-tax.sub-button-group .rt-filter-button-item:hover,\n\t\t\t\t\t#rt-tpg-container-790673236.rt-tpg-container .rt-pagination-wrap .rt-page-numbers .paginationjs .paginationjs-pages ul li>a:hover,\n\t\t\t\t\t#rt-tpg-container-790673236.rt-tpg-container .rt-pagination-wrap .rt-cb-page-prev-next > *:hover,\n\t\t\t\t\t#rt-tpg-container-790673236.rt-tpg-container .rt-pagination-wrap  .rt-loadmore-btn:hover,\n\t\t\t\t\t#rt-tpg-container-790673236 .rt-read-more:hover,\n\t\t\t\t\t#rt-tpg-container-790673236 .rt-tpg-utility .rt-tpg-load-more button:hover{background-color:#ddcea1;}#rt-tpg-container-790673236 .rt-filter-item-wrap.rt-filter-button-wrap span.rt-filter-button-item:hover,\n\t\t\t\t\t\t#rt-tpg-container-790673236 .rt-layout-filter-container .rt-filter-sub-tax.sub-button-group .rt-filter-button-item:hover,\n\t\t\t\t\t\t#rt-tpg-container-790673236.rt-tpg-container .swiper-navigation .slider-btn:hover,\n\t\t\t\t\t\t#rt-tpg-container-790673236.rt-tpg-container .rt-pagination-wrap .rt-page-numbers .paginationjs .paginationjs-pages ul li>a:hover{border-color:#ddcea1;}#rt-tpg-container-790673236.rt-tpg-container .layout17 .rt-holder .overlay a.tpg-zoom:hover .fa{color:#ddcea1;}#rt-tpg-container-790673236 .pagination-list li a,\n\t\t\t\t\t#rt-tpg-container-790673236 .pagination li a,\n\t\t\t\t\t#rt-tpg-container-790673236 .rt-tpg-isotope-buttons button,\n\t\t\t\t\t#rt-tpg-container-790673236 .rt-holder .read-more a,\n\t\t\t\t\t#rt-tpg-container-790673236 .rt-tpg-utility .rt-tpg-load-more button,\n\t\t\t\t\t#rt-tpg-container-790673236.rt-tpg-container .swiper-navigation .slider-btn,\n\t\t\t\t\t#rt-tpg-container-790673236 .wc1 .rt-holder .rt-img-holder .overlay .product-more ul li a,\n\t\t\t\t\t#rt-tpg-container-790673236 .edd1 .rt-holder .rt-img-holder .overlay .product-more ul li a,\n\t\t\t\t\t#rt-tpg-container-790673236 .wc2 .rt-detail .rt-wc-add-to-cart,\n\t\t\t\t\t#rt-tpg-container-790673236 .wc3 .rt-detail .rt-wc-add-to-cart,\n\t\t\t\t\t#rt-tpg-container-790673236 .edd2 .rt-detail .rt-wc-add-to-cart,\n\t\t\t\t\t#rt-tpg-container-790673236 .wc4 .rt-detail .rt-wc-add-to-cart,\n\t\t\t\t\t#rt-tpg-container-790673236 .edd3 .rt-detail .rt-wc-add-to-cart,\n\t\t\t\t\t#rt-tpg-container-790673236 .wc-carousel2 .rt-detail .rt-wc-add-to-cart,\n\t\t\t\t\t#rt-tpg-container-790673236 .wc-isotope2 .rt-detail .rt-wc-add-to-cart,\n\t\t\t\t\t#rt-tpg-container-790673236 .rt-tpg-utility .rt-tpg-load-more button,\n\t\t\t\t\t#rt-tooltip-790673236,\n\t\t\t\t\t#rt-tpg-container-790673236 .rt-filter-item-wrap.rt-filter-button-wrap span.rt-filter-button-item,\n\t\t\t\t\t#rt-tpg-container-790673236 .rt-layout-filter-container .rt-filter-sub-tax.sub-button-group .rt-filter-button-item,\n\t\t\t\t\t#rt-tpg-container-790673236 .rt-layout-filter-container .rt-filter-wrap .rt-filter-item-wrap.rt-sort-order-action,\n\t\t\t\t\t#rt-tpg-container-790673236 .rt-layout-filter-container .rt-filter-wrap .rt-filter-item-wrap.rt-filter-dropdown-wrap .rt-filter-dropdown .rt-filter-dropdown-item,\n\t\t\t\t\t#rt-tpg-container-790673236.rt-tpg-container .rt-pagination-wrap .rt-page-numbers .paginationjs .paginationjs-pages ul li>a,\n\t\t\t\t\t#rt-tpg-container-790673236.rt-tpg-container .rt-pagination-wrap .rt-cb-page-prev-next > *,\n\t\t\t\t\t#rt-tpg-container-790673236.rt-tpg-container .rt-pagination-wrap  .rt-loadmore-btn,\n\t\t\t\t\t#rt-tpg-container-790673236 .rt-read-more,\n\t\t\t\t\t#rt-tooltip-790673236 .rt-tooltip-bottom:after{color:#020202;}#rt-tpg-container-790673236 .rt-filter-item-wrap.rt-filter-button-wrap span.rt-filter-button-item:hover,\n\t\t\t\t\t#rt-tpg-container-790673236 .rt-holder .read-more a:hover,\n\t\t\t\t\t#rt-tpg-container-790673236.rt-tpg-container .swiper-navigation .slider-btn:hover,\n\t\t\t\t\t#rt-tpg-container-790673236 .rt-layout-filter-container .rt-filter-sub-tax.sub-button-group .rt-filter-button-item:hover,\n\t\t\t\t\t#rt-tpg-container-790673236 .rt-layout-filter-container .rt-filter-wrap .rt-filter-item-wrap.rt-filter-dropdown-wrap .rt-filter-dropdown .rt-filter-dropdown-item:hover,\n\t\t\t\t\t#rt-tpg-container-790673236 .rt-layout-filter-container .rt-filter-wrap .rt-filter-item-wrap.rt-filter-dropdown-wrap .rt-filter-dropdown .rt-filter-dropdown-item.selected,\n\t\t\t\t\t#rt-tpg-container-790673236 .rt-layout-filter-container .rt-filter-wrap .rt-filter-item-wrap.rt-sort-order-action:hover,\n\t\t\t\t\t#rt-tpg-container-790673236.rt-tpg-container .rt-pagination-wrap .rt-page-numbers .paginationjs .paginationjs-pages ul li.active>a:hover,\n\t\t\t\t\t#rt-tpg-container-790673236 .rt-filter-item-wrap.rt-filter-button-wrap span.rt-filter-button-item.selected,\n\t\t\t\t\t#rt-tpg-container-790673236 .rt-layout-filter-container .rt-filter-wrap .rt-filter-item-wrap.rt-sort-order-action,\n\t\t\t\t\t#rt-tpg-container-790673236.rt-tpg-container .rt-pagination-wrap  .rt-loadmore-btn:hover,\n\t\t\t\t\t#rt-tpg-container-790673236 .rt-read-more:hover,\n\t\t\t\t\t#rt-tpg-container-790673236.rt-tpg-container .rt-pagination-wrap .rt-page-numbers .paginationjs .paginationjs-pages ul li.active>a{color:#020202;}#rt-tpg-container-790673236 .read-more a{border-radius:px;}#rt-tpg-container-790673236 .rt-img-holder img.rt-img-responsive,#rt-tpg-container-790673236 .rt-img-holder,\n\t\t\t\t\t#rt-tpg-container-790673236 .rt-post-overlay .post-img,\n\t\t\t\t\t#rt-tpg-container-790673236 .post-sm .post-img,\n\t\t\t\t\t#rt-tpg-container-790673236 .rt-post-grid .post-img,\n\t\t\t\t\t#rt-tpg-container-790673236 .post-img img {border-radius:px;}#rt-tpg-container-790673236 .layout12 .rt-holder h2.entry-title,\n\t\t\t\t\t#rt-tpg-container-790673236 .layout12 .rt-holder h3.entry-title,\n\t\t\t\t\t#rt-tpg-container-790673236 .layout12 .rt-holder h4.entry-title,\n\t\t\t\t\t#rt-tpg-container-790673236 .layout12 .rt-holder h2.entry-title a,\n\t\t\t\t\t#rt-tpg-container-790673236 .layout12 .rt-holder h3.entry-title a,\n\t\t\t\t\t#rt-tpg-container-790673236 .layout12 .rt-holder h4.entry-title a,\n\t\t\t\t\t#rt-tpg-container-790673236 .rt-holder .rt-woo-info h2 a,\n\t\t\t\t\t#rt-tpg-container-790673236 .rt-holder .rt-woo-info h3 a,\n\t\t\t\t\t#rt-tpg-container-790673236 .rt-holder .rt-woo-info h4 a,\n\t\t\t\t\t#rt-tpg-container-790673236 .post-content .post-title,\n\t\t\t\t\t#rt-tpg-container-790673236 .rt-post-grid .post-title,\n\t\t\t\t\t#rt-tpg-container-790673236 .rt-post-grid .post-title a,\n\t\t\t\t\t#rt-tpg-container-790673236 .post-content .post-title a,\n\t\t\t\t\t#rt-tpg-container-790673236 .rt-holder .rt-woo-info h2,\n\t\t\t\t\t#rt-tpg-container-790673236 .rt-holder .rt-woo-info h3,\n\t\t\t\t\t#rt-tpg-container-790673236 .rt-holder .rt-woo-info h4{color:#fdb431;}#rt-tpg-container-790673236 .layout12 .rt-holder h2.entry-title:hover,\n\t\t\t\t\t#rt-tpg-container-790673236 .layout12 .rt-holder h3.entry-title:hover,\n\t\t\t\t\t#rt-tpg-container-790673236 .layout12 .rt-holder h4.entry-title:hover,\n\t\t\t\t\t#rt-tpg-container-790673236 .layout12 .rt-holder h2.entry-title a:hover,\n\t\t\t\t\t#rt-tpg-container-790673236 .layout12 .rt-holder h3.entry-title a:hover,\n\t\t\t\t\t#rt-tpg-container-790673236 .layout12 .rt-holder h4.entry-title a:hover,\n\t\t\t\t\t#rt-tpg-container-790673236 .post-content .post-title a:hover,\n\t\t\t\t\t#rt-tpg-container-790673236 .rt-post-grid .post-title a:hover,\n\t\t\t\t\t#rt-tpg-container-790673236 .rt-holder .rt-woo-info h2 a:hover,\n\t\t\t\t\t#rt-tpg-container-790673236 .rt-holder .rt-woo-info h3 a:hover,\n\t\t\t\t\t#rt-tpg-container-790673236 .rt-holder .rt-woo-info h4 a:hover,\n\t\t\t\t\t#rt-tpg-container-790673236 .rt-holder .rt-woo-info h2:hover,\n\t\t\t\t\t#rt-tpg-container-790673236 .rt-holder .rt-woo-info h3:hover,\n\t\t\t\t\t#rt-tpg-container-790673236 .rt-holder .rt-woo-info h4:hover{color:#dd8500 !important;}#rt-tpg-container-790673236 .layout12 .rt-holder .tpg-excerpt,#rt-tpg-container-790673236 .layout12 .tpg-excerpt,#rt-tpg-container-790673236 .layout12 .rt-holder .post-content,#rt-tpg-container-790673236 .rt-holder .rt-woo-info p,#rt-tpg-container-790673236 .post-content p {color:#020202;}#rt-tpg-container-790673236 .layout12 .rt-holder .post-meta-user,\n\t\t\t\t\t#rt-tpg-container-790673236 .layout12 .rt-meta,\n\t\t\t\t\t#rt-tpg-container-790673236 .layout12 .rt-meta a,\n\t\t\t\t\t#rt-tpg-container-790673236 .layout12 .rt-holder .post-meta-user .meta-data,\n\t\t\t\t\t#rt-tpg-container-790673236 .layout12 .rt-holder .post-meta-user a,\n\t\t\t\t\t#rt-tpg-container-790673236 .layout12 .rt-holder .rt-detail .post-meta .rt-tpg-social-share,\n\t\t\t\t\t#rt-tpg-container-790673236 .rt-post-overlay .post-meta-user span,\n\t\t\t\t\t#rt-tpg-container-790673236 .rt-post-overlay .post-meta-user,\n\t\t\t\t\t#rt-tpg-container-790673236 .rt-post-overlay .post-meta-user a,\n\t\t\t\t\t#rt-tpg-container-790673236 .rt-post-grid .post-meta-user,\n\t\t\t\t\t#rt-tpg-container-790673236 .rt-post-grid .post-meta-user a,\n\t\t\t\t\t#rt-tpg-container-790673236 .rt-post-box-media-style .post-meta-user,\n\t\t\t\t\t#rt-tpg-container-790673236 .rt-post-box-media-style .post-meta-user a,\n\t\t\t\t\t#rt-tpg-container-790673236 .layout12 .post-meta-user i,\n\t\t\t\t\t#rt-tpg-container-790673236 .rt-detail .post-meta-category a,\n\t\t\t\t\t#rt-tpg-container-790673236 .layout12 .post-meta-user a\n\t\t\t\t\t#rt-tpg-container-790673236 .layout12 .post-meta-user a {color:#020202;}<\/style><div class='rt-container-fluid rt-tpg-container tpg-shortcode-main-wrapper  loading' id='rt-tpg-container-790673236'   data-layout='layout12' data-grid-style='even' data-desktop-col='3'  data-tab-col='2'  data-mobile-col='1' data-sc-id='8290'><div id=\"bottom-script-loader\" class=\"bottom-script-loader\"><div class=\"rt-ball-clip-rotate\"><div><\/div><\/div><\/div><div data-title='Loading ...' class='rt-row rt-content-loader   layout12 tpg-even '><div class=\"rt-col-md-4 rt-col-sm-6 rt-col-xs-12 even-grid-item rt-grid-item\" data-id=\"8473\"><div class=\"rt-holder\"><div class='rt-detail'><h3 class=\"entry-title\"><a data-id=\"8473\" class=\"\" href=\"https:\/\/speefak.spdns.de\/oss_lifestyle\/slzb-zigbee-koordinator-mit-iobroker-zigbee-adapter-einrichten\/\">SLZB Zigbee-Koordinator mit ioBroker Zigbee Adapter einrichten<\/a><\/h3><div class='tpg-excerpt'>Ein Zigbee-Koordinator bildet das zentrale Element eines stabilen Zigbee-Netzwerks. Er initialisiert das Mesh, verwaltet die Netzwerkstruktur und stellt sicher, dass Ger\u00e4te zuverl\u00e4ssig miteinander kommunizieren. Ohne einen funktionsf\u00e4higen Koordinator kann kein Zigbee-Netz aufgebaut oder betrieben werden. Die Modelle SLZB-P06 und SLZB-P10 arbeiten \u00fcber die PoE-Schnittstelle nicht zuverl\u00e4ssig. Nach etwa 1\u20132 Wochen...<\/div><\/div><\/div><\/div><div class=\"rt-col-md-4 rt-col-sm-6 rt-col-xs-12 even-grid-item rt-grid-item\" data-id=\"8282\"><div class=\"rt-holder\"><div class='rt-detail'><h3 class=\"entry-title\"><a data-id=\"8282\" class=\"\" href=\"https:\/\/speefak.spdns.de\/oss_lifestyle\/iobroker-tuya-adapter-einrichten\/\">ioBroker &#8211; Tuya Adapter einrichten<\/a><\/h3><div class='tpg-excerpt'>Tuya Smart ist eine herstellerunabh\u00e4ngige IoT-Plattform f\u00fcr Smart-Home-L\u00f6sungen, die seit 2014 besteht. Sie bietet WLAN- und Zigbee-Module sowie eine Cloud-basierte Entwicklungsumgebung. \u00dcber die Tuya Smart App oder die Smart Life App lassen sich Ger\u00e4te verschiedener Hersteller zentral steuern. Tuya kooperiert weltweit mit \u00fcber 10.000 Herstellern und unterst\u00fctzt \u00fcber 400.000 Produkte...<\/div><\/div><\/div><\/div><div class=\"rt-col-md-4 rt-col-sm-6 rt-col-xs-12 even-grid-item rt-grid-item\" data-id=\"8278\"><div class=\"rt-holder\"><div class='rt-detail'><h3 class=\"entry-title\"><a data-id=\"8278\" class=\"\" href=\"https:\/\/speefak.spdns.de\/oss_lifestyle\/iobroker-installieren-und-einrichten\/\">ioBroker &#8211; Installieren und Einrichten<\/a><\/h3><div class='tpg-excerpt'>ioBroker ist eine modulare Open-Source-Plattform zur Hausautomation. Sie dient als zentrale Steuerungseinheit f\u00fcr Smart-Home-Ger\u00e4te unterschiedlichster Hersteller und Protokolle. Die Plattform l\u00e4uft als Serverdienst und ist besonders gut f\u00fcr Linux-Systeme ohne grafische Benutzeroberfl\u00e4che geeignet \u2013 etwa auf einem Raspberry Pi oder einem dedizierten Heimserver. F\u00fcr den Betrieb wird ein Linux-System mit...<\/div><\/div><\/div><\/div><\/div><\/div>\n","protected":false},"excerpt":{"rendered":"","protected":false},"author":1,"featured_media":0,"parent":4698,"menu_order":0,"comment_status":"closed","ping_status":"closed","template":"","meta":{"footnotes":""},"categories":[106],"tags":[],"class_list":["post-8291","page","type-page","status-publish","hentry","category-themen"],"rttpg_featured_image_url":null,"rttpg_author":{"display_name":"speefak","author_link":"https:\/\/speefak.spdns.de\/oss_lifestyle\/author\/speefak_oss\/"},"rttpg_comment":0,"rttpg_category":"<a href=\"https:\/\/speefak.spdns.de\/oss_lifestyle\/category\/themen\/\" rel=\"category tag\">Themen<\/a>","rttpg_excerpt":null,"_links":{"self":[{"href":"https:\/\/speefak.spdns.de\/oss_lifestyle\/wp-json\/wp\/v2\/pages\/8291","targetHints":{"allow":["GET"]}}],"collection":[{"href":"https:\/\/speefak.spdns.de\/oss_lifestyle\/wp-json\/wp\/v2\/pages"}],"about":[{"href":"https:\/\/speefak.spdns.de\/oss_lifestyle\/wp-json\/wp\/v2\/types\/page"}],"author":[{"embeddable":true,"href":"https:\/\/speefak.spdns.de\/oss_lifestyle\/wp-json\/wp\/v2\/users\/1"}],"replies":[{"embeddable":true,"href":"https:\/\/speefak.spdns.de\/oss_lifestyle\/wp-json\/wp\/v2\/comments?post=8291"}],"version-history":[{"count":0,"href":"https:\/\/speefak.spdns.de\/oss_lifestyle\/wp-json\/wp\/v2\/pages\/8291\/revisions"}],"up":[{"embeddable":true,"href":"https:\/\/speefak.spdns.de\/oss_lifestyle\/wp-json\/wp\/v2\/pages\/4698"}],"wp:attachment":[{"href":"https:\/\/speefak.spdns.de\/oss_lifestyle\/wp-json\/wp\/v2\/media?parent=8291"}],"wp:term":[{"taxonomy":"category","embeddable":true,"href":"https:\/\/speefak.spdns.de\/oss_lifestyle\/wp-json\/wp\/v2\/categories?post=8291"},{"taxonomy":"post_tag","embeddable":true,"href":"https:\/\/speefak.spdns.de\/oss_lifestyle\/wp-json\/wp\/v2\/tags?post=8291"}],"curies":[{"name":"wp","href":"https:\/\/api.w.org\/{rel}","templated":true}]}}