{"id":8171,"date":"2025-03-24T18:57:57","date_gmt":"2025-03-24T17:57:57","guid":{"rendered":"https:\/\/speefak.spdns.de\/oss_lifestyle\/?page_id=8171"},"modified":"2025-03-24T19:58:25","modified_gmt":"2025-03-24T18:58:25","slug":"bash","status":"publish","type":"page","link":"https:\/\/speefak.spdns.de\/oss_lifestyle\/themen\/bash\/","title":{"rendered":"Bash"},"content":{"rendered":"<style type='text\/css' media='all'>#rt-tpg-container-1575364520 .rt-holder .rt-woo-info .price{color:#f4f4f4;}body .rt-tpg-container .rt-tpg-isotope-buttons .selected,\n\t\t\t\t\t#rt-tpg-container-1575364520 .layout12 .rt-holder:hover .rt-detail,\n\t\t\t\t\t#rt-tpg-container-1575364520 .isotope8 .rt-holder:hover .rt-detail,\n\t\t\t\t\t#rt-tpg-container-1575364520 .carousel8 .rt-holder:hover .rt-detail,\n\t\t\t\t\t#rt-tpg-container-1575364520 .layout13 .rt-holder .overlay .post-info,\n\t\t\t\t\t#rt-tpg-container-1575364520 .isotope9 .rt-holder .overlay .post-info,\n\t\t\t\t\t#rt-tpg-container-1575364520.rt-tpg-container .layout4 .rt-holder .rt-detail,\n\t\t\t\t\t.rt-modal-1575364520 .md-content,\n\t\t\t\t\t.rt-modal-1575364520 .md-content > .rt-md-content-holder .rt-md-content,\n\t\t\t\t\t.rt-popup-wrap-1575364520.rt-popup-wrap .rt-popup-navigation-wrap,\n\t\t\t\t\t#rt-tpg-container-1575364520 .carousel9 .rt-holder .overlay .post-info{background-color:#f4f4f4;}#rt-tpg-container-1575364520 .layout5 .rt-holder .overlay, #rt-tpg-container-1575364520 .isotope2 .rt-holder .overlay, #rt-tpg-container-1575364520 .carousel2 .rt-holder .overlay,#rt-tpg-container-1575364520 .layout15 .rt-holder h3, #rt-tpg-container-1575364520 .isotope11 .rt-holder h3, #rt-tpg-container-1575364520 .carousel11 .rt-holder h3, #rt-tpg-container-1575364520 .layout16 .rt-holder h3,\n\t\t\t\t\t#rt-tpg-container-1575364520 .isotope12 .rt-holder h3, #rt-tpg-container-1575364520 .carousel12 .rt-holder h3 {background-color:rgba(244,244,244,0.8);}#rt-tpg-container-1575364520 .pagination-list li a,\n\t\t\t\t\trt-tpg-container-1575364520 .pagination-list li span,\n\t\t\t\t\trt-tpg-container-1575364520 .pagination li a,\n\t\t\t\t\t#rt-tpg-container-1575364520 .rt-tpg-isotope-buttons button,\n\t\t\t\t\t#rt-tpg-container-1575364520 .rt-tpg-utility .rt-tpg-load-more button,\n\t\t\t\t\t#rt-tpg-container-1575364520.rt-tpg-container .swiper-navigation .slider-btn,\n\t\t\t\t\t#rt-tpg-container-1575364520.rt-tpg-container .swiper-pagination-bullet,\n\t\t\t\t\t#rt-tpg-container-1575364520 .wc1 .rt-holder .rt-img-holder .overlay .product-more ul li a,\n\t\t\t\t\t#rt-tpg-container-1575364520 .wc2 .rt-detail .rt-wc-add-to-cart,\n\t\t\t\t\t#rt-tpg-container-1575364520 .wc3 .rt-detail .rt-wc-add-to-cart,\n\t\t\t\t\t#rt-tpg-container-1575364520 .wc4 .rt-detail .rt-wc-add-to-cart,\n\t\t\t\t\t#rt-tpg-container-1575364520 .wc-carousel2 .rt-detail .rt-wc-add-to-cart,\n\t\t\t\t\t#rt-tpg-container-1575364520 .wc-isotope2 .rt-detail .rt-wc-add-to-cart,\n\t\t\t\t\t#rt-tpg-container-1575364520 .rt-layout-filter-container .rt-filter-wrap .rt-filter-item-wrap.rt-filter-dropdown-wrap .rt-filter-dropdown,\n\t\t\t\t\t#rt-tpg-container-1575364520 .rt-layout-filter-container .rt-filter-sub-tax.sub-button-group .rt-filter-button-item,\n\t\t\t\t\t#rt-tpg-container-1575364520.rt-tpg-container .rt-pagination-wrap .rt-page-numbers .paginationjs .paginationjs-pages ul li>a,\n\t\t\t\t\t#rt-tpg-container-1575364520 .rt-filter-item-wrap.rt-filter-button-wrap span.rt-filter-button-item,\n\t\t\t\t\t#rt-tpg-container-1575364520.rt-tpg-container .rt-pagination-wrap  .rt-loadmore-btn,\n\t\t\t\t\t#rt-tpg-container-1575364520.rt-tpg-container .rt-pagination-wrap .rt-cb-page-prev-next > *,\n\t\t\t\t\t#rt-tpg-container-1575364520 .rt-read-more,\n\t\t\t\t\t#rt-tooltip-1575364520, #rt-tooltip-1575364520 .rt-tooltip-bottom:after{background-color:#dd9933;}#rt-tpg-container-1575364520 .rt-filter-item-wrap.rt-filter-button-wrap span.rt-filter-button-item,\n\t\t\t\t\t#rt-tpg-container-1575364520 .rt-layout-filter-container .rt-filter-sub-tax.sub-button-group .rt-filter-button-item{border-color:#dd9933;}#rt-tpg-container-1575364520.rt-tpg-container .layout17 .rt-holder .overlay a.tpg-zoom .fa{color:#dd9933;}#rt-tpg-container-1575364520 .rt-holder .read-more a {background-color:#dd9933;padding: 8px 15px;}#rt-tpg-container-1575364520 .pagination li.active span,\n\t\t\t\t\t#rt-tpg-container-1575364520 .pagination-list li.active span,\n\t\t\t\t\t#rt-tpg-container-1575364520 .rt-tpg-isotope-buttons button.selected,\n\t\t\t\t\t#rt-tpg-container-1575364520 .rt-filter-item-wrap.rt-filter-button-wrap span.rt-filter-button-item.selected,\n\t\t\t\t\t#rt-tpg-container-1575364520 .rt-layout-filter-container .rt-filter-sub-tax.sub-button-group .rt-filter-button-item.selected,\n\t\t\t\t\t#rt-tpg-container-1575364520.rt-tpg-container .rt-pagination-wrap .rt-page-numbers .paginationjs .paginationjs-pages ul li.active>a,\n\t\t\t\t\t#rt-tpg-container-1575364520.rt-tpg-container .swiper-pagination-bullet.swiper-pagination-bullet-active-main{background-color:#d37700;}#rt-tpg-container-1575364520 .rt-filter-item-wrap.rt-filter-button-wrap span.rt-filter-button-item.selected,\n\t\t\t\t\t#rt-tpg-container-1575364520 .rt-layout-filter-container .rt-filter-sub-tax.sub-button-group .rt-filter-button-item.selected,\n\t\t\t\t\t#rt-tpg-container-1575364520.rt-tpg-container .rt-pagination-wrap .rt-page-numbers .paginationjs .paginationjs-pages ul li.active>a{border-color:#d37700;}#rt-tpg-container-1575364520 .pagination-list li a:hover,\n\t\t\t\t\t#rt-tpg-container-1575364520 .pagination li a:hover,\n\t\t\t\t\t#rt-tpg-container-1575364520 .rt-tpg-isotope-buttons button:hover,\n\t\t\t\t\t#rt-tpg-container-1575364520 .rt-holder .read-more a:hover,\n\t\t\t\t\t#rt-tpg-container-1575364520 .rt-tpg-utility .rt-tpg-load-more button:hover,\n\t\t\t\t\t#rt-tpg-container-1575364520.rt-tpg-container .swiper-pagination-bullet:hover,\n\t\t\t\t\t#rt-tpg-container-1575364520.rt-tpg-container .swiper-navigation .slider-btn:hover,\n\t\t\t\t\t#rt-tpg-container-1575364520 .wc1 .rt-holder .rt-img-holder .overlay .product-more ul li a:hover,\n\t\t\t\t\t#rt-tpg-container-1575364520 .wc2 .rt-detail .rt-wc-add-to-cart:hover,\n\t\t\t\t\t#rt-tpg-container-1575364520 .wc3 .rt-detail .rt-wc-add-to-cart:hover,\n\t\t\t\t\t#rt-tpg-container-1575364520 .wc4 .rt-detail .rt-wc-add-to-cart:hover,\n\t\t\t\t\t#rt-tpg-container-1575364520 .wc-carousel2 .rt-detail .rt-wc-add-to-cart:hover,\n\t\t\t\t\t#rt-tpg-container-1575364520 .wc-isotope2 .rt-detail .rt-wc-add-to-cart:hover,\n\t\t\t\t\t#rt-tpg-container-1575364520 .rt-layout-filter-container .rt-filter-wrap .rt-filter-item-wrap.rt-filter-dropdown-wrap .rt-filter-dropdown .rt-filter-dropdown-item:hover,\n\t\t\t\t\t#rt-tpg-container-1575364520 .rt-layout-filter-container .rt-filter-wrap .rt-filter-item-wrap.rt-filter-dropdown-wrap .rt-filter-dropdown .rt-filter-dropdown-item.selected,\n\t\t\t\t\t#rt-tpg-container-1575364520 .rt-filter-item-wrap.rt-filter-button-wrap span.rt-filter-button-item:hover,\n\t\t\t\t\t#rt-tpg-container-1575364520 .rt-layout-filter-container .rt-filter-sub-tax.sub-button-group .rt-filter-button-item:hover,\n\t\t\t\t\t#rt-tpg-container-1575364520.rt-tpg-container .rt-pagination-wrap .rt-page-numbers .paginationjs .paginationjs-pages ul li>a:hover,\n\t\t\t\t\t#rt-tpg-container-1575364520.rt-tpg-container .rt-pagination-wrap .rt-cb-page-prev-next > *:hover,\n\t\t\t\t\t#rt-tpg-container-1575364520.rt-tpg-container .rt-pagination-wrap  .rt-loadmore-btn:hover,\n\t\t\t\t\t#rt-tpg-container-1575364520 .rt-read-more:hover,\n\t\t\t\t\t#rt-tpg-container-1575364520 .rt-tpg-utility .rt-tpg-load-more button:hover{background-color:#ddcea1;}#rt-tpg-container-1575364520 .rt-filter-item-wrap.rt-filter-button-wrap span.rt-filter-button-item:hover,\n\t\t\t\t\t\t#rt-tpg-container-1575364520 .rt-layout-filter-container .rt-filter-sub-tax.sub-button-group .rt-filter-button-item:hover,\n\t\t\t\t\t\t#rt-tpg-container-1575364520.rt-tpg-container .swiper-navigation .slider-btn:hover,\n\t\t\t\t\t\t#rt-tpg-container-1575364520.rt-tpg-container .rt-pagination-wrap .rt-page-numbers .paginationjs .paginationjs-pages ul li>a:hover{border-color:#ddcea1;}#rt-tpg-container-1575364520.rt-tpg-container .layout17 .rt-holder .overlay a.tpg-zoom:hover .fa{color:#ddcea1;}#rt-tpg-container-1575364520 .pagination-list li a,\n\t\t\t\t\t#rt-tpg-container-1575364520 .pagination li a,\n\t\t\t\t\t#rt-tpg-container-1575364520 .rt-tpg-isotope-buttons button,\n\t\t\t\t\t#rt-tpg-container-1575364520 .rt-holder .read-more a,\n\t\t\t\t\t#rt-tpg-container-1575364520 .rt-tpg-utility .rt-tpg-load-more button,\n\t\t\t\t\t#rt-tpg-container-1575364520.rt-tpg-container .swiper-navigation .slider-btn,\n\t\t\t\t\t#rt-tpg-container-1575364520 .wc1 .rt-holder .rt-img-holder .overlay .product-more ul li a,\n\t\t\t\t\t#rt-tpg-container-1575364520 .edd1 .rt-holder .rt-img-holder .overlay .product-more ul li a,\n\t\t\t\t\t#rt-tpg-container-1575364520 .wc2 .rt-detail .rt-wc-add-to-cart,\n\t\t\t\t\t#rt-tpg-container-1575364520 .wc3 .rt-detail .rt-wc-add-to-cart,\n\t\t\t\t\t#rt-tpg-container-1575364520 .edd2 .rt-detail .rt-wc-add-to-cart,\n\t\t\t\t\t#rt-tpg-container-1575364520 .wc4 .rt-detail .rt-wc-add-to-cart,\n\t\t\t\t\t#rt-tpg-container-1575364520 .edd3 .rt-detail .rt-wc-add-to-cart,\n\t\t\t\t\t#rt-tpg-container-1575364520 .wc-carousel2 .rt-detail .rt-wc-add-to-cart,\n\t\t\t\t\t#rt-tpg-container-1575364520 .wc-isotope2 .rt-detail .rt-wc-add-to-cart,\n\t\t\t\t\t#rt-tpg-container-1575364520 .rt-tpg-utility .rt-tpg-load-more button,\n\t\t\t\t\t#rt-tooltip-1575364520,\n\t\t\t\t\t#rt-tpg-container-1575364520 .rt-filter-item-wrap.rt-filter-button-wrap span.rt-filter-button-item,\n\t\t\t\t\t#rt-tpg-container-1575364520 .rt-layout-filter-container .rt-filter-sub-tax.sub-button-group .rt-filter-button-item,\n\t\t\t\t\t#rt-tpg-container-1575364520 .rt-layout-filter-container .rt-filter-wrap .rt-filter-item-wrap.rt-sort-order-action,\n\t\t\t\t\t#rt-tpg-container-1575364520 .rt-layout-filter-container .rt-filter-wrap .rt-filter-item-wrap.rt-filter-dropdown-wrap .rt-filter-dropdown .rt-filter-dropdown-item,\n\t\t\t\t\t#rt-tpg-container-1575364520.rt-tpg-container .rt-pagination-wrap .rt-page-numbers .paginationjs .paginationjs-pages ul li>a,\n\t\t\t\t\t#rt-tpg-container-1575364520.rt-tpg-container .rt-pagination-wrap .rt-cb-page-prev-next > *,\n\t\t\t\t\t#rt-tpg-container-1575364520.rt-tpg-container .rt-pagination-wrap  .rt-loadmore-btn,\n\t\t\t\t\t#rt-tpg-container-1575364520 .rt-read-more,\n\t\t\t\t\t#rt-tooltip-1575364520 .rt-tooltip-bottom:after{color:#020202;}#rt-tpg-container-1575364520 .rt-filter-item-wrap.rt-filter-button-wrap span.rt-filter-button-item:hover,\n\t\t\t\t\t#rt-tpg-container-1575364520 .rt-holder .read-more a:hover,\n\t\t\t\t\t#rt-tpg-container-1575364520.rt-tpg-container .swiper-navigation .slider-btn:hover,\n\t\t\t\t\t#rt-tpg-container-1575364520 .rt-layout-filter-container .rt-filter-sub-tax.sub-button-group .rt-filter-button-item:hover,\n\t\t\t\t\t#rt-tpg-container-1575364520 .rt-layout-filter-container .rt-filter-wrap .rt-filter-item-wrap.rt-filter-dropdown-wrap .rt-filter-dropdown .rt-filter-dropdown-item:hover,\n\t\t\t\t\t#rt-tpg-container-1575364520 .rt-layout-filter-container .rt-filter-wrap .rt-filter-item-wrap.rt-filter-dropdown-wrap .rt-filter-dropdown .rt-filter-dropdown-item.selected,\n\t\t\t\t\t#rt-tpg-container-1575364520 .rt-layout-filter-container .rt-filter-wrap .rt-filter-item-wrap.rt-sort-order-action:hover,\n\t\t\t\t\t#rt-tpg-container-1575364520.rt-tpg-container .rt-pagination-wrap .rt-page-numbers .paginationjs .paginationjs-pages ul li.active>a:hover,\n\t\t\t\t\t#rt-tpg-container-1575364520 .rt-filter-item-wrap.rt-filter-button-wrap span.rt-filter-button-item.selected,\n\t\t\t\t\t#rt-tpg-container-1575364520 .rt-layout-filter-container .rt-filter-wrap .rt-filter-item-wrap.rt-sort-order-action,\n\t\t\t\t\t#rt-tpg-container-1575364520.rt-tpg-container .rt-pagination-wrap  .rt-loadmore-btn:hover,\n\t\t\t\t\t#rt-tpg-container-1575364520 .rt-read-more:hover,\n\t\t\t\t\t#rt-tpg-container-1575364520.rt-tpg-container .rt-pagination-wrap .rt-page-numbers .paginationjs .paginationjs-pages ul li.active>a{color:#020202;}#rt-tpg-container-1575364520 .read-more a{border-radius:px;}#rt-tpg-container-1575364520 .rt-img-holder img.rt-img-responsive,#rt-tpg-container-1575364520 .rt-img-holder,\n\t\t\t\t\t#rt-tpg-container-1575364520 .rt-post-overlay .post-img,\n\t\t\t\t\t#rt-tpg-container-1575364520 .post-sm .post-img,\n\t\t\t\t\t#rt-tpg-container-1575364520 .rt-post-grid .post-img,\n\t\t\t\t\t#rt-tpg-container-1575364520 .post-img img {border-radius:px;}#rt-tpg-container-1575364520 .layout12 .rt-holder h2.entry-title,\n\t\t\t\t\t#rt-tpg-container-1575364520 .layout12 .rt-holder h3.entry-title,\n\t\t\t\t\t#rt-tpg-container-1575364520 .layout12 .rt-holder h4.entry-title,\n\t\t\t\t\t#rt-tpg-container-1575364520 .layout12 .rt-holder h2.entry-title a,\n\t\t\t\t\t#rt-tpg-container-1575364520 .layout12 .rt-holder h3.entry-title a,\n\t\t\t\t\t#rt-tpg-container-1575364520 .layout12 .rt-holder h4.entry-title a,\n\t\t\t\t\t#rt-tpg-container-1575364520 .rt-holder .rt-woo-info h2 a,\n\t\t\t\t\t#rt-tpg-container-1575364520 .rt-holder .rt-woo-info h3 a,\n\t\t\t\t\t#rt-tpg-container-1575364520 .rt-holder .rt-woo-info h4 a,\n\t\t\t\t\t#rt-tpg-container-1575364520 .post-content .post-title,\n\t\t\t\t\t#rt-tpg-container-1575364520 .rt-post-grid .post-title,\n\t\t\t\t\t#rt-tpg-container-1575364520 .rt-post-grid .post-title a,\n\t\t\t\t\t#rt-tpg-container-1575364520 .post-content .post-title a,\n\t\t\t\t\t#rt-tpg-container-1575364520 .rt-holder .rt-woo-info h2,\n\t\t\t\t\t#rt-tpg-container-1575364520 .rt-holder .rt-woo-info h3,\n\t\t\t\t\t#rt-tpg-container-1575364520 .rt-holder .rt-woo-info h4{color:#fdb431;}#rt-tpg-container-1575364520 .layout12 .rt-holder h2.entry-title:hover,\n\t\t\t\t\t#rt-tpg-container-1575364520 .layout12 .rt-holder h3.entry-title:hover,\n\t\t\t\t\t#rt-tpg-container-1575364520 .layout12 .rt-holder h4.entry-title:hover,\n\t\t\t\t\t#rt-tpg-container-1575364520 .layout12 .rt-holder h2.entry-title a:hover,\n\t\t\t\t\t#rt-tpg-container-1575364520 .layout12 .rt-holder h3.entry-title a:hover,\n\t\t\t\t\t#rt-tpg-container-1575364520 .layout12 .rt-holder h4.entry-title a:hover,\n\t\t\t\t\t#rt-tpg-container-1575364520 .post-content .post-title a:hover,\n\t\t\t\t\t#rt-tpg-container-1575364520 .rt-post-grid .post-title a:hover,\n\t\t\t\t\t#rt-tpg-container-1575364520 .rt-holder .rt-woo-info h2 a:hover,\n\t\t\t\t\t#rt-tpg-container-1575364520 .rt-holder .rt-woo-info h3 a:hover,\n\t\t\t\t\t#rt-tpg-container-1575364520 .rt-holder .rt-woo-info h4 a:hover,\n\t\t\t\t\t#rt-tpg-container-1575364520 .rt-holder .rt-woo-info h2:hover,\n\t\t\t\t\t#rt-tpg-container-1575364520 .rt-holder .rt-woo-info h3:hover,\n\t\t\t\t\t#rt-tpg-container-1575364520 .rt-holder .rt-woo-info h4:hover{color:#dd8500 !important;}#rt-tpg-container-1575364520 .layout12 .rt-holder .tpg-excerpt,#rt-tpg-container-1575364520 .layout12 .tpg-excerpt,#rt-tpg-container-1575364520 .layout12 .rt-holder .post-content,#rt-tpg-container-1575364520 .rt-holder .rt-woo-info p,#rt-tpg-container-1575364520 .post-content p {color:#020202;}#rt-tpg-container-1575364520 .layout12 .rt-holder .post-meta-user,\n\t\t\t\t\t#rt-tpg-container-1575364520 .layout12 .rt-meta,\n\t\t\t\t\t#rt-tpg-container-1575364520 .layout12 .rt-meta a,\n\t\t\t\t\t#rt-tpg-container-1575364520 .layout12 .rt-holder .post-meta-user .meta-data,\n\t\t\t\t\t#rt-tpg-container-1575364520 .layout12 .rt-holder .post-meta-user a,\n\t\t\t\t\t#rt-tpg-container-1575364520 .layout12 .rt-holder .rt-detail .post-meta .rt-tpg-social-share,\n\t\t\t\t\t#rt-tpg-container-1575364520 .rt-post-overlay .post-meta-user span,\n\t\t\t\t\t#rt-tpg-container-1575364520 .rt-post-overlay .post-meta-user,\n\t\t\t\t\t#rt-tpg-container-1575364520 .rt-post-overlay .post-meta-user a,\n\t\t\t\t\t#rt-tpg-container-1575364520 .rt-post-grid .post-meta-user,\n\t\t\t\t\t#rt-tpg-container-1575364520 .rt-post-grid .post-meta-user a,\n\t\t\t\t\t#rt-tpg-container-1575364520 .rt-post-box-media-style .post-meta-user,\n\t\t\t\t\t#rt-tpg-container-1575364520 .rt-post-box-media-style .post-meta-user a,\n\t\t\t\t\t#rt-tpg-container-1575364520 .layout12 .post-meta-user i,\n\t\t\t\t\t#rt-tpg-container-1575364520 .rt-detail .post-meta-category a,\n\t\t\t\t\t#rt-tpg-container-1575364520 .layout12 .post-meta-user a\n\t\t\t\t\t#rt-tpg-container-1575364520 .layout12 .post-meta-user a {color:#020202;}<\/style><div class='rt-container-fluid rt-tpg-container tpg-shortcode-main-wrapper  loading' id='rt-tpg-container-1575364520'   data-layout='layout12' data-grid-style='even' data-desktop-col='3'  data-tab-col='2'  data-mobile-col='1' data-sc-id='8170'><div id=\"bottom-script-loader\" class=\"bottom-script-loader\"><div class=\"rt-ball-clip-rotate\"><div><\/div><\/div><\/div><div data-title='Loading ...' class='rt-row rt-content-loader   layout12 tpg-even '><div class=\"rt-col-md-4 rt-col-sm-6 rt-col-xs-12 even-grid-item rt-grid-item\" data-id=\"8331\"><div class=\"rt-holder\"><div class='rt-detail'><h3 class=\"entry-title\"><a data-id=\"8331\" class=\"\" href=\"https:\/\/speefak.spdns.de\/oss_lifestyle\/wakeup-durch-usb-verhindern\/\">Wakeup durch USB verhindern<\/a><\/h3><div class='tpg-excerpt'>Viele moderne USB-Ger\u00e4te \u2013 insbesondere Funkempf\u00e4nger f\u00fcr Maus und Tastatur \u2013 k\u00f6nnen den Rechner automatisch aus dem Standby-Modus wecken. Unter Linux ist es m\u00f6glich, dieses Verhalten gezielt f\u00fcr einzelne Ger\u00e4te zu deaktivieren. Dies ist besonders bei drahtlosen Eingabeger\u00e4ten sinnvoll, um unbeabsichtigtes Aufwachen zu verhindern \u2013 etwa durch Bewegungen oder Funkaktivit\u00e4t...<\/div><\/div><\/div><\/div><div class=\"rt-col-md-4 rt-col-sm-6 rt-col-xs-12 even-grid-item rt-grid-item\" data-id=\"5965\"><div class=\"rt-holder\"><div class='rt-detail'><h3 class=\"entry-title\"><a data-id=\"5965\" class=\"\" href=\"https:\/\/speefak.spdns.de\/oss_lifestyle\/unicode-symboltabellen\/\">UniCode Symboltabellen<\/a><\/h3><div class='tpg-excerpt'>Mit Hilfe der Unicodes lassen sich nahezu alle bekannten Zeichen aller Sprachen und Sonderzeichen sowie Symbole darstellen. Die Ausgabe kann mit printf &#8216;u&lt;CODE&gt; oder echo -e u&lt;CODE&gt; erfolgen und ist auch mit verschiedenen Farben m\u00f6glich. Auf den folgenden Seiten sind Unicode Zeichentabellen gelistet. https:\/\/unicode-table.com\/de\/ https:\/\/graphemica.com Codebeispiele Symbol Unicode Hex Code...<\/div><\/div><\/div><\/div><div class=\"rt-col-md-4 rt-col-sm-6 rt-col-xs-12 even-grid-item rt-grid-item\" data-id=\"8257\"><div class=\"rt-holder\"><div class='rt-detail'><h3 class=\"entry-title\"><a data-id=\"8257\" class=\"\" href=\"https:\/\/speefak.spdns.de\/oss_lifestyle\/swap-verwaltung-unter-linux-via-cli\/\">Swap-Verwaltung unter Linux via CLI<\/a><\/h3><div class='tpg-excerpt'>In modernen Systemen wird der Nutzung von Swap-Dateien meist weniger Bedeutung beigemessen als noch vor 20 Jahren \u2013 insbesondere da physischer Arbeitsspeicher (RAM) heute deutlich gro\u00dfz\u00fcgiger dimensioniert ist. Eine Ausnahme stellt etwa das Feature Suspend to Disk (Ruhezustand) dar: Hier muss der verf\u00fcgbare Swap-Speicher mindestens so gro\u00df sein wie der...<\/div><\/div><\/div><\/div><div class=\"rt-col-md-4 rt-col-sm-6 rt-col-xs-12 even-grid-item rt-grid-item\" data-id=\"6061\"><div class=\"rt-holder\"><div class='rt-detail'><h3 class=\"entry-title\"><a data-id=\"6061\" class=\"\" href=\"https:\/\/speefak.spdns.de\/oss_lifestyle\/posix-klammerausdruecke\/\">Posix Klammerausdr\u00fccke<\/a><\/h3><div class='tpg-excerpt'>POSIX-Klammerausdr\u00fccke POSIX-Klammerausdr\u00fccke sind eine besondere Art von Zeichenklassen. POSIX-Klammerausdr\u00fccke entsprechen einem Zeichen aus einer Reihe von Zeichen, genau wie normale Zeichenklassen. Sie verwenden dieselbe Syntax mit eckigen Klammern. Ein Bindestrich erzeugt einen Bereich und ein Caret am Anfang negiert den Klammerausdruck. Ein wesentlicher syntaktischer Unterschied besteht darin, dass der Backslash...<\/div><\/div><\/div><\/div><div class=\"rt-col-md-4 rt-col-sm-6 rt-col-xs-12 even-grid-item rt-grid-item\" data-id=\"4747\"><div class=\"rt-holder\"><div class='rt-detail'><h3 class=\"entry-title\"><a data-id=\"4747\" class=\"\" href=\"https:\/\/speefak.spdns.de\/oss_lifestyle\/findgrep-volltextsuche-fuer-die-shell\/\">Findgrep &#8211; Volltextsuche f\u00fcr die Shell<\/a><\/h3><div class='tpg-excerpt'>Vor einiger Zeit fand ich ein Script, dass die Volltextsuche via Shell erm\u00f6glicht und dabei die letzten Eingaben wie Suchmuster und Pfad speichert. Zum Einsatz kommen dabei find, grep und figlet. Ich konnte den Author des Scriptes nicht mehr ermitteln. #!\/bin\/bash # FINDGREP INFO ######################## PROGRAMINFO=\"findgrep version 6. This Script...<\/div><\/div><\/div><\/div><div class=\"rt-col-md-4 rt-col-sm-6 rt-col-xs-12 even-grid-item rt-grid-item\" data-id=\"4290\"><div class=\"rt-holder\"><div class='rt-detail'><h3 class=\"entry-title\"><a data-id=\"4290\" class=\"\" href=\"https:\/\/speefak.spdns.de\/oss_lifestyle\/email-benachrichtigung-bei-ssh-login\/\">Email Benachrichtigung bei SSH Login<\/a><\/h3><div class='tpg-excerpt'>Eine weitere Methode Linux Server abzusichern, ist der Versandt einer E-Mail bei jedem erfolgreichen SSH Login an eine definierte E-Mail Adresse. Voraussetzung daf\u00fcr ist ein funktionierender Mail-TtransferAgent (MTA) wie z.B. Postfix auf dem Server. Script zum Versandt der E-Mail via eingerichtetem MTA Hierzu wird ein Script unter \/usr\/local\/bin\/mail-ssh-login.sh mit folgendem...<\/div><\/div><\/div><\/div><div class=\"rt-col-md-4 rt-col-sm-6 rt-col-xs-12 even-grid-item rt-grid-item\" data-id=\"6085\"><div class=\"rt-holder\"><div class='rt-detail'><h3 class=\"entry-title\"><a data-id=\"6085\" class=\"\" href=\"https:\/\/speefak.spdns.de\/oss_lifestyle\/bashscripting-grundlagen\/\">Bashscripting Grundlagen<\/a><\/h3><div class='tpg-excerpt'>Original Website This is a quick reference to getting started with Bash scripting. Learn bash in y minutes (learnxinyminutes.com) Bash Guide (mywiki.wooledge.org) Example #!\/usr\/bin\/env bash NAME=\"John\" echo \"Hello $NAME!\" Variables NAME=\"John\" echo $NAME echo \"$NAME\" echo \"${NAME}!\" String quotes NAME=\"John\" echo \"Hi $NAME\" #=&gt; Hi John echo 'Hi $NAME' #=&gt;...<\/div><\/div><\/div><\/div><div class=\"rt-col-md-4 rt-col-sm-6 rt-col-xs-12 even-grid-item rt-grid-item\" data-id=\"6073\"><div class=\"rt-holder\"><div class='rt-detail'><h3 class=\"entry-title\"><a data-id=\"6073\" class=\"\" href=\"https:\/\/speefak.spdns.de\/oss_lifestyle\/bash-inhalte-darstellen-echo-tput-printf\/\">Bash Inhalte darstellen &#8211; Echo, Tput, Printf<\/a><\/h3><div class='tpg-excerpt'>Um Text im Terminal auszugeben, gibt es drei verschiedene Befehle bzw. Programme: echo, printf und tput. Echo und printf geben nur Text aus, mit printf kann die Ausgabe nach einem definierten Muster vorgeben werden. Mit tput besteht die M\u00f6glichkeit den Cursor auf dem Bildschirm zu bewegen oder Informationen \u00fcber den...<\/div><\/div><\/div><\/div><div class=\"rt-col-md-4 rt-col-sm-6 rt-col-xs-12 even-grid-item rt-grid-item\" data-id=\"6067\"><div class=\"rt-holder\"><div class='rt-detail'><h3 class=\"entry-title\"><a data-id=\"6067\" class=\"\" href=\"https:\/\/speefak.spdns.de\/oss_lifestyle\/bash-shell-menus-ncurses-menus\/\">Bash \/ Shell Menus &#8211; NCurses Menus<\/a><\/h3><div class='tpg-excerpt'>Einfache Men\u00fcs oder Auswahloptionen k\u00f6nnen neben den grafischen Werkzeugen wie beispielsweise Zenity auch in rein textbasierter Form f\u00fcr Shells umgesetzt werden. Eine M\u00f6glichkeit ist die Eingabe ein aus dem Men\u00fc aufgezeigten Wertes, eine Andere die direkte Auswahl der Men\u00fceintr\u00e4ge. M\u00f6glichkeit 1 &#8211; Darstellung eines Men\u00fcs mit direkter Eingabe Die Darstellung\/Formatierung...<\/div><\/div><\/div><\/div><div class=\"rt-col-md-4 rt-col-sm-6 rt-col-xs-12 even-grid-item rt-grid-item\" data-id=\"1549\"><div class=\"rt-holder\"><div class='rt-detail'><h3 class=\"entry-title\"><a data-id=\"1549\" class=\"\" href=\"https:\/\/speefak.spdns.de\/oss_lifestyle\/bash-bourne-again-shell-history-konfigurieren\/\">Bash ( Bourne Again SHell ) History konfigurieren<\/a><\/h3><div class='tpg-excerpt'>Die bash-Shell ist inzwischen die meist genutzte Consolen-Shell unter Linux\/Unix. Das geht schon so weit, dass Start-Scripte direkt f\u00fcr die Bash geschrieben sind, oder gar der Befehl \/bin\/sh nur noch ein Link auf \/bin\/bash ist. Bash-History richtig nutzen Die Bash verf\u00fcgt \u00fcber eine Art Erinnerungsverm\u00f6gen: Sie merkt sich, welche Befehle...<\/div><\/div><\/div><\/div><\/div><\/div>\n","protected":false},"excerpt":{"rendered":"","protected":false},"author":1,"featured_media":0,"parent":4698,"menu_order":0,"comment_status":"closed","ping_status":"closed","template":"","meta":{"footnotes":""},"categories":[9],"tags":[],"class_list":["post-8171","page","type-page","status-publish","hentry","category-bash"],"rttpg_featured_image_url":null,"rttpg_author":{"display_name":"speefak","author_link":"https:\/\/speefak.spdns.de\/oss_lifestyle\/author\/speefak_oss\/"},"rttpg_comment":0,"rttpg_category":"<a href=\"https:\/\/speefak.spdns.de\/oss_lifestyle\/category\/bash\/\" rel=\"category tag\">Bash<\/a>","rttpg_excerpt":null,"_links":{"self":[{"href":"https:\/\/speefak.spdns.de\/oss_lifestyle\/wp-json\/wp\/v2\/pages\/8171","targetHints":{"allow":["GET"]}}],"collection":[{"href":"https:\/\/speefak.spdns.de\/oss_lifestyle\/wp-json\/wp\/v2\/pages"}],"about":[{"href":"https:\/\/speefak.spdns.de\/oss_lifestyle\/wp-json\/wp\/v2\/types\/page"}],"author":[{"embeddable":true,"href":"https:\/\/speefak.spdns.de\/oss_lifestyle\/wp-json\/wp\/v2\/users\/1"}],"replies":[{"embeddable":true,"href":"https:\/\/speefak.spdns.de\/oss_lifestyle\/wp-json\/wp\/v2\/comments?post=8171"}],"version-history":[{"count":0,"href":"https:\/\/speefak.spdns.de\/oss_lifestyle\/wp-json\/wp\/v2\/pages\/8171\/revisions"}],"up":[{"embeddable":true,"href":"https:\/\/speefak.spdns.de\/oss_lifestyle\/wp-json\/wp\/v2\/pages\/4698"}],"wp:attachment":[{"href":"https:\/\/speefak.spdns.de\/oss_lifestyle\/wp-json\/wp\/v2\/media?parent=8171"}],"wp:term":[{"taxonomy":"category","embeddable":true,"href":"https:\/\/speefak.spdns.de\/oss_lifestyle\/wp-json\/wp\/v2\/categories?post=8171"},{"taxonomy":"post_tag","embeddable":true,"href":"https:\/\/speefak.spdns.de\/oss_lifestyle\/wp-json\/wp\/v2\/tags?post=8171"}],"curies":[{"name":"wp","href":"https:\/\/api.w.org\/{rel}","templated":true}]}}