{"id":4698,"date":"2015-11-19T12:56:47","date_gmt":"2015-11-19T11:56:47","guid":{"rendered":"http:\/\/speefak.spdns.de\/oss_lifestyle\/?page_id=4698"},"modified":"2025-03-24T17:08:45","modified_gmt":"2025-03-24T16:08:45","slug":"themen","status":"publish","type":"page","link":"https:\/\/speefak.spdns.de\/oss_lifestyle\/themen\/","title":{"rendered":"Themen"},"content":{"rendered":"<style type='text\/css' media='all'>#rt-tpg-container-2500774778 .rt-holder .rt-woo-info .price{color:#f4f4f4;}body .rt-tpg-container .rt-tpg-isotope-buttons .selected,\n\t\t\t\t\t#rt-tpg-container-2500774778 .layout12 .rt-holder:hover .rt-detail,\n\t\t\t\t\t#rt-tpg-container-2500774778 .isotope8 .rt-holder:hover .rt-detail,\n\t\t\t\t\t#rt-tpg-container-2500774778 .carousel8 .rt-holder:hover .rt-detail,\n\t\t\t\t\t#rt-tpg-container-2500774778 .layout13 .rt-holder .overlay .post-info,\n\t\t\t\t\t#rt-tpg-container-2500774778 .isotope9 .rt-holder .overlay .post-info,\n\t\t\t\t\t#rt-tpg-container-2500774778.rt-tpg-container .layout4 .rt-holder .rt-detail,\n\t\t\t\t\t.rt-modal-2500774778 .md-content,\n\t\t\t\t\t.rt-modal-2500774778 .md-content > .rt-md-content-holder .rt-md-content,\n\t\t\t\t\t.rt-popup-wrap-2500774778.rt-popup-wrap .rt-popup-navigation-wrap,\n\t\t\t\t\t#rt-tpg-container-2500774778 .carousel9 .rt-holder .overlay .post-info{background-color:#f4f4f4;}#rt-tpg-container-2500774778 .layout5 .rt-holder .overlay, #rt-tpg-container-2500774778 .isotope2 .rt-holder .overlay, #rt-tpg-container-2500774778 .carousel2 .rt-holder .overlay,#rt-tpg-container-2500774778 .layout15 .rt-holder h3, #rt-tpg-container-2500774778 .isotope11 .rt-holder h3, #rt-tpg-container-2500774778 .carousel11 .rt-holder h3, #rt-tpg-container-2500774778 .layout16 .rt-holder h3,\n\t\t\t\t\t#rt-tpg-container-2500774778 .isotope12 .rt-holder h3, #rt-tpg-container-2500774778 .carousel12 .rt-holder h3 {background-color:rgba(244,244,244,0.8);}#rt-tpg-container-2500774778 .pagination-list li a,\n\t\t\t\t\trt-tpg-container-2500774778 .pagination-list li span,\n\t\t\t\t\trt-tpg-container-2500774778 .pagination li a,\n\t\t\t\t\t#rt-tpg-container-2500774778 .rt-tpg-isotope-buttons button,\n\t\t\t\t\t#rt-tpg-container-2500774778 .rt-tpg-utility .rt-tpg-load-more button,\n\t\t\t\t\t#rt-tpg-container-2500774778.rt-tpg-container .swiper-navigation .slider-btn,\n\t\t\t\t\t#rt-tpg-container-2500774778.rt-tpg-container .swiper-pagination-bullet,\n\t\t\t\t\t#rt-tpg-container-2500774778 .wc1 .rt-holder .rt-img-holder .overlay .product-more ul li a,\n\t\t\t\t\t#rt-tpg-container-2500774778 .wc2 .rt-detail .rt-wc-add-to-cart,\n\t\t\t\t\t#rt-tpg-container-2500774778 .wc3 .rt-detail .rt-wc-add-to-cart,\n\t\t\t\t\t#rt-tpg-container-2500774778 .wc4 .rt-detail .rt-wc-add-to-cart,\n\t\t\t\t\t#rt-tpg-container-2500774778 .wc-carousel2 .rt-detail .rt-wc-add-to-cart,\n\t\t\t\t\t#rt-tpg-container-2500774778 .wc-isotope2 .rt-detail .rt-wc-add-to-cart,\n\t\t\t\t\t#rt-tpg-container-2500774778 .rt-layout-filter-container .rt-filter-wrap .rt-filter-item-wrap.rt-filter-dropdown-wrap .rt-filter-dropdown,\n\t\t\t\t\t#rt-tpg-container-2500774778 .rt-layout-filter-container .rt-filter-sub-tax.sub-button-group .rt-filter-button-item,\n\t\t\t\t\t#rt-tpg-container-2500774778.rt-tpg-container .rt-pagination-wrap .rt-page-numbers .paginationjs .paginationjs-pages ul li>a,\n\t\t\t\t\t#rt-tpg-container-2500774778 .rt-filter-item-wrap.rt-filter-button-wrap span.rt-filter-button-item,\n\t\t\t\t\t#rt-tpg-container-2500774778.rt-tpg-container .rt-pagination-wrap  .rt-loadmore-btn,\n\t\t\t\t\t#rt-tpg-container-2500774778.rt-tpg-container .rt-pagination-wrap .rt-cb-page-prev-next > *,\n\t\t\t\t\t#rt-tpg-container-2500774778 .rt-read-more,\n\t\t\t\t\t#rt-tooltip-2500774778, #rt-tooltip-2500774778 .rt-tooltip-bottom:after{background-color:#dd9933;}#rt-tpg-container-2500774778 .rt-filter-item-wrap.rt-filter-button-wrap span.rt-filter-button-item,\n\t\t\t\t\t#rt-tpg-container-2500774778 .rt-layout-filter-container .rt-filter-sub-tax.sub-button-group .rt-filter-button-item{border-color:#dd9933;}#rt-tpg-container-2500774778.rt-tpg-container .layout17 .rt-holder .overlay a.tpg-zoom .fa{color:#dd9933;}#rt-tpg-container-2500774778 .rt-holder .read-more a {background-color:#dd9933;padding: 8px 15px;}#rt-tpg-container-2500774778 .pagination li.active span,\n\t\t\t\t\t#rt-tpg-container-2500774778 .pagination-list li.active span,\n\t\t\t\t\t#rt-tpg-container-2500774778 .rt-tpg-isotope-buttons button.selected,\n\t\t\t\t\t#rt-tpg-container-2500774778 .rt-filter-item-wrap.rt-filter-button-wrap span.rt-filter-button-item.selected,\n\t\t\t\t\t#rt-tpg-container-2500774778 .rt-layout-filter-container .rt-filter-sub-tax.sub-button-group .rt-filter-button-item.selected,\n\t\t\t\t\t#rt-tpg-container-2500774778.rt-tpg-container .rt-pagination-wrap .rt-page-numbers .paginationjs .paginationjs-pages ul li.active>a,\n\t\t\t\t\t#rt-tpg-container-2500774778.rt-tpg-container .swiper-pagination-bullet.swiper-pagination-bullet-active-main{background-color:#d37700;}#rt-tpg-container-2500774778 .rt-filter-item-wrap.rt-filter-button-wrap span.rt-filter-button-item.selected,\n\t\t\t\t\t#rt-tpg-container-2500774778 .rt-layout-filter-container .rt-filter-sub-tax.sub-button-group .rt-filter-button-item.selected,\n\t\t\t\t\t#rt-tpg-container-2500774778.rt-tpg-container .rt-pagination-wrap .rt-page-numbers .paginationjs .paginationjs-pages ul li.active>a{border-color:#d37700;}#rt-tpg-container-2500774778 .pagination-list li a:hover,\n\t\t\t\t\t#rt-tpg-container-2500774778 .pagination li a:hover,\n\t\t\t\t\t#rt-tpg-container-2500774778 .rt-tpg-isotope-buttons button:hover,\n\t\t\t\t\t#rt-tpg-container-2500774778 .rt-holder .read-more a:hover,\n\t\t\t\t\t#rt-tpg-container-2500774778 .rt-tpg-utility .rt-tpg-load-more button:hover,\n\t\t\t\t\t#rt-tpg-container-2500774778.rt-tpg-container .swiper-pagination-bullet:hover,\n\t\t\t\t\t#rt-tpg-container-2500774778.rt-tpg-container .swiper-navigation .slider-btn:hover,\n\t\t\t\t\t#rt-tpg-container-2500774778 .wc1 .rt-holder .rt-img-holder .overlay .product-more ul li a:hover,\n\t\t\t\t\t#rt-tpg-container-2500774778 .wc2 .rt-detail .rt-wc-add-to-cart:hover,\n\t\t\t\t\t#rt-tpg-container-2500774778 .wc3 .rt-detail .rt-wc-add-to-cart:hover,\n\t\t\t\t\t#rt-tpg-container-2500774778 .wc4 .rt-detail .rt-wc-add-to-cart:hover,\n\t\t\t\t\t#rt-tpg-container-2500774778 .wc-carousel2 .rt-detail .rt-wc-add-to-cart:hover,\n\t\t\t\t\t#rt-tpg-container-2500774778 .wc-isotope2 .rt-detail .rt-wc-add-to-cart:hover,\n\t\t\t\t\t#rt-tpg-container-2500774778 .rt-layout-filter-container .rt-filter-wrap .rt-filter-item-wrap.rt-filter-dropdown-wrap .rt-filter-dropdown .rt-filter-dropdown-item:hover,\n\t\t\t\t\t#rt-tpg-container-2500774778 .rt-layout-filter-container .rt-filter-wrap .rt-filter-item-wrap.rt-filter-dropdown-wrap .rt-filter-dropdown .rt-filter-dropdown-item.selected,\n\t\t\t\t\t#rt-tpg-container-2500774778 .rt-filter-item-wrap.rt-filter-button-wrap span.rt-filter-button-item:hover,\n\t\t\t\t\t#rt-tpg-container-2500774778 .rt-layout-filter-container .rt-filter-sub-tax.sub-button-group .rt-filter-button-item:hover,\n\t\t\t\t\t#rt-tpg-container-2500774778.rt-tpg-container .rt-pagination-wrap .rt-page-numbers .paginationjs .paginationjs-pages ul li>a:hover,\n\t\t\t\t\t#rt-tpg-container-2500774778.rt-tpg-container .rt-pagination-wrap .rt-cb-page-prev-next > *:hover,\n\t\t\t\t\t#rt-tpg-container-2500774778.rt-tpg-container .rt-pagination-wrap  .rt-loadmore-btn:hover,\n\t\t\t\t\t#rt-tpg-container-2500774778 .rt-read-more:hover,\n\t\t\t\t\t#rt-tpg-container-2500774778 .rt-tpg-utility .rt-tpg-load-more button:hover{background-color:#ddcea1;}#rt-tpg-container-2500774778 .rt-filter-item-wrap.rt-filter-button-wrap span.rt-filter-button-item:hover,\n\t\t\t\t\t\t#rt-tpg-container-2500774778 .rt-layout-filter-container .rt-filter-sub-tax.sub-button-group .rt-filter-button-item:hover,\n\t\t\t\t\t\t#rt-tpg-container-2500774778.rt-tpg-container .swiper-navigation .slider-btn:hover,\n\t\t\t\t\t\t#rt-tpg-container-2500774778.rt-tpg-container .rt-pagination-wrap .rt-page-numbers .paginationjs .paginationjs-pages ul li>a:hover{border-color:#ddcea1;}#rt-tpg-container-2500774778.rt-tpg-container .layout17 .rt-holder .overlay a.tpg-zoom:hover .fa{color:#ddcea1;}#rt-tpg-container-2500774778 .pagination-list li a,\n\t\t\t\t\t#rt-tpg-container-2500774778 .pagination li a,\n\t\t\t\t\t#rt-tpg-container-2500774778 .rt-tpg-isotope-buttons button,\n\t\t\t\t\t#rt-tpg-container-2500774778 .rt-holder .read-more a,\n\t\t\t\t\t#rt-tpg-container-2500774778 .rt-tpg-utility .rt-tpg-load-more button,\n\t\t\t\t\t#rt-tpg-container-2500774778.rt-tpg-container .swiper-navigation .slider-btn,\n\t\t\t\t\t#rt-tpg-container-2500774778 .wc1 .rt-holder .rt-img-holder .overlay .product-more ul li a,\n\t\t\t\t\t#rt-tpg-container-2500774778 .edd1 .rt-holder .rt-img-holder .overlay .product-more ul li a,\n\t\t\t\t\t#rt-tpg-container-2500774778 .wc2 .rt-detail .rt-wc-add-to-cart,\n\t\t\t\t\t#rt-tpg-container-2500774778 .wc3 .rt-detail .rt-wc-add-to-cart,\n\t\t\t\t\t#rt-tpg-container-2500774778 .edd2 .rt-detail .rt-wc-add-to-cart,\n\t\t\t\t\t#rt-tpg-container-2500774778 .wc4 .rt-detail .rt-wc-add-to-cart,\n\t\t\t\t\t#rt-tpg-container-2500774778 .edd3 .rt-detail .rt-wc-add-to-cart,\n\t\t\t\t\t#rt-tpg-container-2500774778 .wc-carousel2 .rt-detail .rt-wc-add-to-cart,\n\t\t\t\t\t#rt-tpg-container-2500774778 .wc-isotope2 .rt-detail .rt-wc-add-to-cart,\n\t\t\t\t\t#rt-tpg-container-2500774778 .rt-tpg-utility .rt-tpg-load-more button,\n\t\t\t\t\t#rt-tooltip-2500774778,\n\t\t\t\t\t#rt-tpg-container-2500774778 .rt-filter-item-wrap.rt-filter-button-wrap span.rt-filter-button-item,\n\t\t\t\t\t#rt-tpg-container-2500774778 .rt-layout-filter-container .rt-filter-sub-tax.sub-button-group .rt-filter-button-item,\n\t\t\t\t\t#rt-tpg-container-2500774778 .rt-layout-filter-container .rt-filter-wrap .rt-filter-item-wrap.rt-sort-order-action,\n\t\t\t\t\t#rt-tpg-container-2500774778 .rt-layout-filter-container .rt-filter-wrap .rt-filter-item-wrap.rt-filter-dropdown-wrap .rt-filter-dropdown .rt-filter-dropdown-item,\n\t\t\t\t\t#rt-tpg-container-2500774778.rt-tpg-container .rt-pagination-wrap .rt-page-numbers .paginationjs .paginationjs-pages ul li>a,\n\t\t\t\t\t#rt-tpg-container-2500774778.rt-tpg-container .rt-pagination-wrap .rt-cb-page-prev-next > *,\n\t\t\t\t\t#rt-tpg-container-2500774778.rt-tpg-container .rt-pagination-wrap  .rt-loadmore-btn,\n\t\t\t\t\t#rt-tpg-container-2500774778 .rt-read-more,\n\t\t\t\t\t#rt-tooltip-2500774778 .rt-tooltip-bottom:after{color:#020202;}#rt-tpg-container-2500774778 .rt-filter-item-wrap.rt-filter-button-wrap span.rt-filter-button-item:hover,\n\t\t\t\t\t#rt-tpg-container-2500774778 .rt-holder .read-more a:hover,\n\t\t\t\t\t#rt-tpg-container-2500774778.rt-tpg-container .swiper-navigation .slider-btn:hover,\n\t\t\t\t\t#rt-tpg-container-2500774778 .rt-layout-filter-container .rt-filter-sub-tax.sub-button-group .rt-filter-button-item:hover,\n\t\t\t\t\t#rt-tpg-container-2500774778 .rt-layout-filter-container .rt-filter-wrap .rt-filter-item-wrap.rt-filter-dropdown-wrap .rt-filter-dropdown .rt-filter-dropdown-item:hover,\n\t\t\t\t\t#rt-tpg-container-2500774778 .rt-layout-filter-container .rt-filter-wrap .rt-filter-item-wrap.rt-filter-dropdown-wrap .rt-filter-dropdown .rt-filter-dropdown-item.selected,\n\t\t\t\t\t#rt-tpg-container-2500774778 .rt-layout-filter-container .rt-filter-wrap .rt-filter-item-wrap.rt-sort-order-action:hover,\n\t\t\t\t\t#rt-tpg-container-2500774778.rt-tpg-container .rt-pagination-wrap .rt-page-numbers .paginationjs .paginationjs-pages ul li.active>a:hover,\n\t\t\t\t\t#rt-tpg-container-2500774778 .rt-filter-item-wrap.rt-filter-button-wrap span.rt-filter-button-item.selected,\n\t\t\t\t\t#rt-tpg-container-2500774778 .rt-layout-filter-container .rt-filter-wrap .rt-filter-item-wrap.rt-sort-order-action,\n\t\t\t\t\t#rt-tpg-container-2500774778.rt-tpg-container .rt-pagination-wrap  .rt-loadmore-btn:hover,\n\t\t\t\t\t#rt-tpg-container-2500774778 .rt-read-more:hover,\n\t\t\t\t\t#rt-tpg-container-2500774778.rt-tpg-container .rt-pagination-wrap .rt-page-numbers .paginationjs .paginationjs-pages ul li.active>a{color:#020202;}#rt-tpg-container-2500774778 .read-more a{border-radius:px;}#rt-tpg-container-2500774778 .rt-img-holder img.rt-img-responsive,#rt-tpg-container-2500774778 .rt-img-holder,\n\t\t\t\t\t#rt-tpg-container-2500774778 .rt-post-overlay .post-img,\n\t\t\t\t\t#rt-tpg-container-2500774778 .post-sm .post-img,\n\t\t\t\t\t#rt-tpg-container-2500774778 .rt-post-grid .post-img,\n\t\t\t\t\t#rt-tpg-container-2500774778 .post-img img {border-radius:px;}#rt-tpg-container-2500774778 .layout12 .rt-holder h2.entry-title,\n\t\t\t\t\t#rt-tpg-container-2500774778 .layout12 .rt-holder h3.entry-title,\n\t\t\t\t\t#rt-tpg-container-2500774778 .layout12 .rt-holder h4.entry-title,\n\t\t\t\t\t#rt-tpg-container-2500774778 .layout12 .rt-holder h2.entry-title a,\n\t\t\t\t\t#rt-tpg-container-2500774778 .layout12 .rt-holder h3.entry-title a,\n\t\t\t\t\t#rt-tpg-container-2500774778 .layout12 .rt-holder h4.entry-title a,\n\t\t\t\t\t#rt-tpg-container-2500774778 .rt-holder .rt-woo-info h2 a,\n\t\t\t\t\t#rt-tpg-container-2500774778 .rt-holder .rt-woo-info h3 a,\n\t\t\t\t\t#rt-tpg-container-2500774778 .rt-holder .rt-woo-info h4 a,\n\t\t\t\t\t#rt-tpg-container-2500774778 .post-content .post-title,\n\t\t\t\t\t#rt-tpg-container-2500774778 .rt-post-grid .post-title,\n\t\t\t\t\t#rt-tpg-container-2500774778 .rt-post-grid .post-title a,\n\t\t\t\t\t#rt-tpg-container-2500774778 .post-content .post-title a,\n\t\t\t\t\t#rt-tpg-container-2500774778 .rt-holder .rt-woo-info h2,\n\t\t\t\t\t#rt-tpg-container-2500774778 .rt-holder .rt-woo-info h3,\n\t\t\t\t\t#rt-tpg-container-2500774778 .rt-holder .rt-woo-info h4{color:#fdb431;}#rt-tpg-container-2500774778 .layout12 .rt-holder h2.entry-title:hover,\n\t\t\t\t\t#rt-tpg-container-2500774778 .layout12 .rt-holder h3.entry-title:hover,\n\t\t\t\t\t#rt-tpg-container-2500774778 .layout12 .rt-holder h4.entry-title:hover,\n\t\t\t\t\t#rt-tpg-container-2500774778 .layout12 .rt-holder h2.entry-title a:hover,\n\t\t\t\t\t#rt-tpg-container-2500774778 .layout12 .rt-holder h3.entry-title a:hover,\n\t\t\t\t\t#rt-tpg-container-2500774778 .layout12 .rt-holder h4.entry-title a:hover,\n\t\t\t\t\t#rt-tpg-container-2500774778 .post-content .post-title a:hover,\n\t\t\t\t\t#rt-tpg-container-2500774778 .rt-post-grid .post-title a:hover,\n\t\t\t\t\t#rt-tpg-container-2500774778 .rt-holder .rt-woo-info h2 a:hover,\n\t\t\t\t\t#rt-tpg-container-2500774778 .rt-holder .rt-woo-info h3 a:hover,\n\t\t\t\t\t#rt-tpg-container-2500774778 .rt-holder .rt-woo-info h4 a:hover,\n\t\t\t\t\t#rt-tpg-container-2500774778 .rt-holder .rt-woo-info h2:hover,\n\t\t\t\t\t#rt-tpg-container-2500774778 .rt-holder .rt-woo-info h3:hover,\n\t\t\t\t\t#rt-tpg-container-2500774778 .rt-holder .rt-woo-info h4:hover{color:#dd8500 !important;}#rt-tpg-container-2500774778 .layout12 .rt-holder .tpg-excerpt,#rt-tpg-container-2500774778 .layout12 .tpg-excerpt,#rt-tpg-container-2500774778 .layout12 .rt-holder .post-content,#rt-tpg-container-2500774778 .rt-holder .rt-woo-info p,#rt-tpg-container-2500774778 .post-content p {color:#020202;}#rt-tpg-container-2500774778 .layout12 .rt-holder .post-meta-user,\n\t\t\t\t\t#rt-tpg-container-2500774778 .layout12 .rt-meta,\n\t\t\t\t\t#rt-tpg-container-2500774778 .layout12 .rt-meta a,\n\t\t\t\t\t#rt-tpg-container-2500774778 .layout12 .rt-holder .post-meta-user .meta-data,\n\t\t\t\t\t#rt-tpg-container-2500774778 .layout12 .rt-holder .post-meta-user a,\n\t\t\t\t\t#rt-tpg-container-2500774778 .layout12 .rt-holder .rt-detail .post-meta .rt-tpg-social-share,\n\t\t\t\t\t#rt-tpg-container-2500774778 .rt-post-overlay .post-meta-user span,\n\t\t\t\t\t#rt-tpg-container-2500774778 .rt-post-overlay .post-meta-user,\n\t\t\t\t\t#rt-tpg-container-2500774778 .rt-post-overlay .post-meta-user a,\n\t\t\t\t\t#rt-tpg-container-2500774778 .rt-post-grid .post-meta-user,\n\t\t\t\t\t#rt-tpg-container-2500774778 .rt-post-grid .post-meta-user a,\n\t\t\t\t\t#rt-tpg-container-2500774778 .rt-post-box-media-style .post-meta-user,\n\t\t\t\t\t#rt-tpg-container-2500774778 .rt-post-box-media-style .post-meta-user a,\n\t\t\t\t\t#rt-tpg-container-2500774778 .layout12 .post-meta-user i,\n\t\t\t\t\t#rt-tpg-container-2500774778 .rt-detail .post-meta-category a,\n\t\t\t\t\t#rt-tpg-container-2500774778 .layout12 .post-meta-user a\n\t\t\t\t\t#rt-tpg-container-2500774778 .layout12 .post-meta-user a {color:#020202;}<\/style><div class='rt-container-fluid rt-tpg-container tpg-shortcode-main-wrapper  loading' id='rt-tpg-container-2500774778'   data-layout='layout12' data-grid-style='even' data-desktop-col='2'  data-tab-col='2'  data-mobile-col='1' data-sc-id='8127'><div id=\"bottom-script-loader\" class=\"bottom-script-loader\"><div class=\"rt-ball-clip-rotate\"><div><\/div><\/div><\/div><div data-title='Loading ...' class='rt-row rt-content-loader   layout12 tpg-even '><div class=\"rt-col-md-6 rt-col-sm-6 rt-col-xs-12 even-grid-item rt-grid-item\" data-id=\"8132\"><div class=\"rt-holder\"><div class='rt-detail'><h3 class=\"entry-title\"><a data-id=\"8132\" class=\"\" href=\"https:\/\/speefak.spdns.de\/oss_lifestyle\/anleitungen\/\">Anleitungen<\/a><\/h3><div class='tpg-excerpt'><p>Ob technische Tutorials, handwerkliche Anleitungen, kreative DIY-Projekte oder digitale Tools \u2013 hier finden Leser klar strukturierte Erkl\u00e4rungen, erg\u00e4nzt durch n\u00fctzliche Tipps und anschauliche Beispiele. Ziel ist es, auch komplexe Themen f\u00fcr alle verst\u00e4ndlich und umsetzbar zu machen.<\/p>\n<\/div><\/div><\/div><\/div><div class=\"rt-col-md-6 rt-col-sm-6 rt-col-xs-12 even-grid-item rt-grid-item\" data-id=\"8139\"><div class=\"rt-holder\"><div class='rt-detail'><h3 class=\"entry-title\"><a data-id=\"8139\" class=\"\" href=\"https:\/\/speefak.spdns.de\/oss_lifestyle\/grundlagen\/\">Grundlagen<\/a><\/h3><div class='tpg-excerpt'><p>Dieser Bereich vermittelt grundlegendes Wissen und Einf\u00fchrungen in verschiedene Themenbereiche. Hier finden Einsteiger kompakte und verst\u00e4ndliche Erkl\u00e4rungen, die das Fundament f\u00fcr weiterf\u00fchrendes Lernen legen. Von Basisbegriffen \u00fcber Kernkonzepte bis hin zu grundlegenden Methoden und Techniken.<\/p>\n<\/div><\/div><\/div><\/div><div class=\"rt-col-md-6 rt-col-sm-6 rt-col-xs-12 even-grid-item rt-grid-item\" data-id=\"8154\"><div class=\"rt-holder\"><div class='rt-detail'><h3 class=\"entry-title\"><a data-id=\"8154\" class=\"\" href=\"https:\/\/speefak.spdns.de\/oss_lifestyle\/sicherheit\/\">Sicherheit<\/a><\/h3><div class='tpg-excerpt'><p>Der Bereich &#8220;Sicherheit&#8221; behandelt den Schutz in digitalen, physischen und pers\u00f6nlichen Bereichen. Er bietet Tipps, Anleitungen und Strategien, um Risiken zu erkennen, passende Ma\u00dfnahmen umzusetzen und ein sicheres Umfeld zu schaffen. Die Inhalte sind praxisnah und f\u00fcr verschiedene Erfahrungsstufen geeignet.<\/p>\n<p>&nbsp;<\/p>\n<p>&nbsp;<\/p>\n<\/div><\/div><\/div><\/div><div class=\"rt-col-md-6 rt-col-sm-6 rt-col-xs-12 even-grid-item rt-grid-item\" data-id=\"8183\"><div class=\"rt-holder\"><div class='rt-detail'><h3 class=\"entry-title\"><a data-id=\"8183\" class=\"\" href=\"https:\/\/speefak.spdns.de\/oss_lifestyle\/proxmox-ve\/\">Proxmox VE<\/a><\/h3><div class='tpg-excerpt'><p>Dieser Bereich bietet Anleitungen und Informationen zur Virtualisierungsplattform Proxmox. Themenschwerpunkte sind Installation, Verwaltung von virtuellen Maschinen und Containern sowie Cluster- und Backup-Strategien. Die Inhalte richten sich an IT-Administratoren und Technikinteressierte.<\/p>\n<\/div><\/div><\/div><\/div><div class=\"rt-col-md-6 rt-col-sm-6 rt-col-xs-12 even-grid-item rt-grid-item\" data-id=\"8142\"><div class=\"rt-holder\"><div class='rt-detail'><h3 class=\"entry-title\"><a data-id=\"8142\" class=\"\" href=\"https:\/\/speefak.spdns.de\/oss_lifestyle\/skripte\/\">Skripte<\/a><\/h3><div class='tpg-excerpt'><p>Ob f\u00fcr die Webentwicklung, Datenanalyse, Systemadministration oder andere technische Aufgaben \u2013 diese Inhalte bieten effiziente L\u00f6sungen, die leicht angepasst und direkt eingesetzt werden k\u00f6nnen. Die Skripte sind klar kommentiert, gut strukturiert und richten sich an Anf\u00e4nger wie Fortgeschrittene, die zeitsparend arbeiten oder Inspiration f\u00fcr eigene Projekte suchen.<\/p>\n<\/div><\/div><\/div><\/div><div class=\"rt-col-md-6 rt-col-sm-6 rt-col-xs-12 even-grid-item rt-grid-item\" data-id=\"8191\"><div class=\"rt-holder\"><div class='rt-detail'><h3 class=\"entry-title\"><a data-id=\"8191\" class=\"\" href=\"https:\/\/speefak.spdns.de\/oss_lifestyle\/server\/\">Server<\/a><\/h3><div class='tpg-excerpt'><p>Dieses Thema bietet Informationen zur Einrichtung, Konfiguration und Verwaltung von Servern. Behandelt werden Aspekte wie Hardware-Auswahl, Betriebssysteme, Sicherheitskonzepte und Backup-Strategien. Die Inhalte richten sich an IT-Administratoren und Technikinteressierte.<\/p>\n<\/div><\/div><\/div><\/div><div class=\"rt-col-md-6 rt-col-sm-6 rt-col-xs-12 even-grid-item rt-grid-item\" data-id=\"8149\"><div class=\"rt-holder\"><div class='rt-detail'><h3 class=\"entry-title\"><a data-id=\"8149\" class=\"\" href=\"https:\/\/speefak.spdns.de\/oss_lifestyle\/lyrik\/\">Lyrik<\/a><\/h3><div class='tpg-excerpt'><p>Texte, die sich mit poetischen Ausdrucksformen besch\u00e4ftigen und durch Sprache, Klang und Rhythmus tiefere Emotionen und Gedanken vermitteln. Die Inhalte umfassen Gedichte, Analysen und kreative Ans\u00e4tze, die den Zugang zur Poesie erleichtern und deren Vielfalt erlebbar machen.<\/p>\n<\/div><\/div><\/div><\/div><div class=\"rt-col-md-6 rt-col-sm-6 rt-col-xs-12 even-grid-item rt-grid-item\" data-id=\"8173\"><div class=\"rt-holder\"><div class='rt-detail'><h3 class=\"entry-title\"><a data-id=\"8173\" class=\"\" href=\"https:\/\/speefak.spdns.de\/oss_lifestyle\/bash\/\">Bash<\/a><\/h3><div class='tpg-excerpt'><p>Dieses Thema umfasst die Grundlagen und die praktische Nutzung der Bash-Shell. Es werden Themen wie Skripterstellung, Automatisierung von Aufgaben und effiziente Nutzung von Kommandozeilenbefehlen behandelt. Ziel ist es, ein fundiertes Verst\u00e4ndnis f\u00fcr die Arbeit mit der Bash-Shell zu vermitteln.<\/p>\n<\/div><\/div><\/div><\/div><\/div><\/div>\n","protected":false},"excerpt":{"rendered":"","protected":false},"author":1,"featured_media":0,"parent":0,"menu_order":21,"comment_status":"closed","ping_status":"closed","template":"","meta":{"footnotes":""},"categories":[],"tags":[],"class_list":["post-4698","page","type-page","status-publish","hentry"],"rttpg_featured_image_url":null,"rttpg_author":{"display_name":"speefak","author_link":"https:\/\/speefak.spdns.de\/oss_lifestyle\/author\/speefak_oss\/"},"rttpg_comment":0,"rttpg_category":"Allgemein","rttpg_excerpt":null,"_links":{"self":[{"href":"https:\/\/speefak.spdns.de\/oss_lifestyle\/wp-json\/wp\/v2\/pages\/4698","targetHints":{"allow":["GET"]}}],"collection":[{"href":"https:\/\/speefak.spdns.de\/oss_lifestyle\/wp-json\/wp\/v2\/pages"}],"about":[{"href":"https:\/\/speefak.spdns.de\/oss_lifestyle\/wp-json\/wp\/v2\/types\/page"}],"author":[{"embeddable":true,"href":"https:\/\/speefak.spdns.de\/oss_lifestyle\/wp-json\/wp\/v2\/users\/1"}],"replies":[{"embeddable":true,"href":"https:\/\/speefak.spdns.de\/oss_lifestyle\/wp-json\/wp\/v2\/comments?post=4698"}],"version-history":[{"count":0,"href":"https:\/\/speefak.spdns.de\/oss_lifestyle\/wp-json\/wp\/v2\/pages\/4698\/revisions"}],"wp:attachment":[{"href":"https:\/\/speefak.spdns.de\/oss_lifestyle\/wp-json\/wp\/v2\/media?parent=4698"}],"wp:term":[{"taxonomy":"category","embeddable":true,"href":"https:\/\/speefak.spdns.de\/oss_lifestyle\/wp-json\/wp\/v2\/categories?post=4698"},{"taxonomy":"post_tag","embeddable":true,"href":"https:\/\/speefak.spdns.de\/oss_lifestyle\/wp-json\/wp\/v2\/tags?post=4698"}],"curies":[{"name":"wp","href":"https:\/\/api.w.org\/{rel}","templated":true}]}}