{"id":1165,"date":"2014-01-31T00:51:32","date_gmt":"2014-01-30T23:51:32","guid":{"rendered":"http:\/\/speefak.spdns.de\/oss_lifestyle\/?page_id=1165"},"modified":"2014-01-31T00:51:32","modified_gmt":"2014-01-30T23:51:32","slug":"software","status":"publish","type":"page","link":"https:\/\/speefak.spdns.de\/oss_lifestyle\/informatik\/software\/","title":{"rendered":"Software"},"content":{"rendered":"<h2>Software allgemein<\/h2>\n<p>Im Gegensatz zu Hardware ist Software immateriell und besteht aus den Sprachen und Notationen, in denen sie formuliert ist.<sup id=\"cite_ref-dpunkt_3-2\"><\/sup> Software kann zwar auf bestimmten Medien gespeichert, gedruckt, angezeigt oder transportiert werden. Diese sind aber nicht die Software, sondern enthalten sie nur.<\/p>\n<p>Es ist zwar vorstellbar, Bits sichtbar und greifbar auf einem Tr\u00e4germedium zu hinterlegen, doch grunds\u00e4tzlich ist Software ein abstrakter, von Tr\u00e4germedien unabh\u00e4ngiger Begriff. Das trifft f\u00fcr den Gattungsbegriff ohnehin zu, aber auch f\u00fcr konkrete Auspr\u00e4gungen wie ein bestimmtes Anwendungsprogramm. Als Analogie dazu ist es f\u00fcr den Begriff \u201aOper\u2018 oder \u201aZauberfl\u00f6te\u2018 nicht begriffsbestimmend, ob sie im Theater aufgef\u00fchrt, \u00fcber Radio\/TV \u00fcbertragen oder als CD verkauft oder geh\u00f6rt wird, ob sie im Opernf\u00fchrer beschrieben oder in der Partitur aufgezeichnet ist.<\/p>\n<p>Software bezeichnet allgemein hin den Teil von datenverarbeiteten Systemen, die Konfigurations- und Instruktionsdaten bereitstellen und verarbeiten &#8211; bei weniger komplexen Ger\u00e4ten, wo lediglich Strukturen und einfache Abl\u00e4ufe festgelegt werden, wird sie meist Firmware genannt. Die Software dient dazu, Aufgaben zu erledigen, indem sie von einem <a title=\"Prozessor\" href=\"https:\/\/de.wikipedia.org\/wiki\/Prozessor\">Prozessor<\/a> ausgewertet wird und so softwaregesteuerte <a title=\"Ger\u00e4t\" href=\"https:\/\/de.wikipedia.org\/wiki\/Ger%C3%A4t\">Ger\u00e4te<\/a> in ihrer Arbeit beeinflusst. Dabei wird Sie heutzutage nicht nur in klassischen Computern angewendet, sondern auch in vielen <a title=\"Eingebettetes System\" href=\"https:\/\/de.wikipedia.org\/wiki\/Eingebettetes_System\">eingebetteten Systemen<\/a>, wie beispielsweise in Waschmaschinen, Mobiltelefonen, Navigationssystemen und modernen Fernsehger\u00e4ten.<\/p>\n<h2>Das Betriebssystem<\/h2>\n<p>Ein Betriebssystem ist eine Zusammenstellung von <a title=\"Computerprogramm\" href=\"https:\/\/de.wikipedia.org\/wiki\/Computerprogramm\">Computerprogrammen<\/a>, die die <a title=\"Hardware\" href=\"http:\/\/speefak.spdns.de\/oss_lifestyle\/hardware\/\" target=\"_blank\" rel=\"noopener noreferrer\">Hardware<\/a> verwaltet und diese <a title=\"Anwendungsprogramm\" href=\"https:\/\/de.wikipedia.org\/wiki\/Anwendungsprogramm\">Anwendungsprogrammen<\/a> zur Verf\u00fcgung stellt und somit die <a title=\"Schnittstelle\" href=\"https:\/\/de.wikipedia.org\/wiki\/Schnittstelle\">Schnittstelle<\/a> zwischen den <a title=\"Hardware\" href=\"http:\/\/speefak.spdns.de\/oss_lifestyle\/hardware\/\" target=\"_blank\" rel=\"noopener noreferrer\">Hardwarekomponenten<\/a> und der Anwendungssoftware des Benutzers bildet.<sup id=\"cite_ref-1\"><\/sup><\/p>\n<p>Betriebssysteme bestehen in der Regel aus einem <a title=\"Kernel (Betriebssystem)\" href=\"https:\/\/de.wikipedia.org\/wiki\/Kernel_%28Betriebssystem%29\">Kernel<\/a> (deutsch: Kern), der die Hardware des Computers verwaltet, sowie speziellen Programmen, die beim Start unterschiedliche Aufgaben \u00fcbernehmen. Zu diesen Aufgaben geh\u00f6rt unter anderem das Laden von <a title=\"Ger\u00e4tetreiber\" href=\"https:\/\/de.wikipedia.org\/wiki\/Ger%C3%A4tetreiber\">Ger\u00e4tetreibern<\/a>. Betriebssysteme finden sich in fast allen Computern: Als <a title=\"Echtzeitbetriebssystem\" href=\"https:\/\/de.wikipedia.org\/wiki\/Echtzeitbetriebssystem\">Echtzeitbetriebssysteme<\/a> auf <a title=\"Prozessrechner\" href=\"https:\/\/de.wikipedia.org\/wiki\/Prozessrechner\">Prozessrechnern<\/a>, auf <a title=\"Personal Computer\" href=\"https:\/\/de.wikipedia.org\/wiki\/Personal_Computer\">PCs<\/a>, <a title=\"Tablet Computer\" href=\"https:\/\/de.wikipedia.org\/wiki\/Tablet_Computer\">Tablet Computern<\/a>, <a title=\"Smartphone\" href=\"https:\/\/de.wikipedia.org\/wiki\/Smartphone\">Smartphones<\/a> und auf <a title=\"Mehrprozessorsystem\" href=\"https:\/\/de.wikipedia.org\/wiki\/Mehrprozessorsystem\">Mehrprozessorsystemen<\/a> wie z.\u00a0B. <a title=\"Host (Informationstechnik)\" href=\"https:\/\/de.wikipedia.org\/wiki\/Host_%28Informationstechnik%29\">Hosts<\/a> und <a title=\"Gro\u00dfrechner\" href=\"https:\/\/de.wikipedia.org\/wiki\/Gro%C3%9Frechner\">Gro\u00dfrechnern<\/a>.<\/p>\n<p>Die <a title=\"Betriebssystem\" href=\"https:\/\/de.wikipedia.org\/wiki\/Betriebssystem#Aufgaben\">Aufgaben eines Betriebssystems<\/a> lassen sich wie folgt zusammenfassen: Benutzerkommunikation; Laden, Ausf\u00fchren, Unterbrechen und Beenden von Programmen; Verwaltung und Zuteilung der Prozessorzeit; Verwaltung des internen Speicherplatzes f\u00fcr Anwendungen; Verwaltung und Betrieb der angeschlossenen Ger\u00e4te; Schutzfunktionen z.\u00a0B. durch Zugriffsbeschr\u00e4nkungen.<\/p>\n<p>Die Gewichtung zwischen diesen Aufgaben wandelte sich im Laufe der Zeit, insbesondere wird dem Schutz (vor allem von Servern kritischer Infrastrukturen) heute eine h\u00f6here Bedeutung zugemessen als noch vor 20 Jahren. Allerdings wird im Privat-, und Endbenutzerbereich noch nicht so viel Wert auf die Sicherheit gelegt wie in dem o.g. Serverbereich. (s. <a title=\"Betriebsystemsicherheit \u2013 Allgemeine Grundlagen\" href=\"http:\/\/speefak.spdns.de\/oss_lifestyle\/betriebsystemsicherheit-allgemeine-grundlagen\/\" target=\"_blank\" rel=\"noopener noreferrer\">Betriebsystemsicherheit \u2013 Allgemeine Grundlagen<\/a> und <a title=\"Warum Daten \u00fcberhaupt verschl\u00fcsseln ?\" href=\"http:\/\/speefak.spdns.de\/oss_lifestyle\/warum-daten-ueberhaupt-verschluesseln-seln\/\" target=\"_blank\" rel=\"noopener noreferrer\">Verschl\u00fcsselung<\/a>)<\/p>\n","protected":false},"excerpt":{"rendered":"<p>Software allgemein Im Gegensatz zu Hardware ist Software immateriell und besteht aus den Sprachen und Notationen, in denen sie formuliert ist. Software kann zwar auf bestimmten Medien gespeichert, gedruckt, angezeigt oder transportiert werden. Diese sind aber nicht die Software, sondern enthalten sie nur. Es ist zwar vorstellbar, Bits sichtbar und greifbar auf einem Tr\u00e4germedium zu [&hellip;]<\/p>\n","protected":false},"author":1,"featured_media":0,"parent":1216,"menu_order":3,"comment_status":"closed","ping_status":"closed","template":"","meta":{"footnotes":""},"categories":[],"tags":[],"class_list":["post-1165","page","type-page","status-publish","hentry"],"rttpg_featured_image_url":null,"rttpg_author":{"display_name":"speefak","author_link":"https:\/\/speefak.spdns.de\/oss_lifestyle\/author\/speefak_oss\/"},"rttpg_comment":0,"rttpg_category":false,"rttpg_excerpt":"Software allgemein Im Gegensatz zu Hardware ist Software immateriell und besteht aus den Sprachen und Notationen, in denen sie formuliert ist. Software kann zwar auf bestimmten Medien gespeichert, gedruckt, angezeigt oder transportiert werden. Diese sind aber nicht die Software, sondern enthalten sie nur. Es ist zwar vorstellbar, Bits sichtbar und greifbar auf einem Tr\u00e4germedium zu&hellip;","_links":{"self":[{"href":"https:\/\/speefak.spdns.de\/oss_lifestyle\/wp-json\/wp\/v2\/pages\/1165","targetHints":{"allow":["GET"]}}],"collection":[{"href":"https:\/\/speefak.spdns.de\/oss_lifestyle\/wp-json\/wp\/v2\/pages"}],"about":[{"href":"https:\/\/speefak.spdns.de\/oss_lifestyle\/wp-json\/wp\/v2\/types\/page"}],"author":[{"embeddable":true,"href":"https:\/\/speefak.spdns.de\/oss_lifestyle\/wp-json\/wp\/v2\/users\/1"}],"replies":[{"embeddable":true,"href":"https:\/\/speefak.spdns.de\/oss_lifestyle\/wp-json\/wp\/v2\/comments?post=1165"}],"version-history":[{"count":0,"href":"https:\/\/speefak.spdns.de\/oss_lifestyle\/wp-json\/wp\/v2\/pages\/1165\/revisions"}],"up":[{"embeddable":true,"href":"https:\/\/speefak.spdns.de\/oss_lifestyle\/wp-json\/wp\/v2\/pages\/1216"}],"wp:attachment":[{"href":"https:\/\/speefak.spdns.de\/oss_lifestyle\/wp-json\/wp\/v2\/media?parent=1165"}],"wp:term":[{"taxonomy":"category","embeddable":true,"href":"https:\/\/speefak.spdns.de\/oss_lifestyle\/wp-json\/wp\/v2\/categories?post=1165"},{"taxonomy":"post_tag","embeddable":true,"href":"https:\/\/speefak.spdns.de\/oss_lifestyle\/wp-json\/wp\/v2\/tags?post=1165"}],"curies":[{"name":"wp","href":"https:\/\/api.w.org\/{rel}","templated":true}]}}