{"id":1163,"date":"2014-01-31T00:51:15","date_gmt":"2014-01-30T23:51:15","guid":{"rendered":"http:\/\/speefak.spdns.de\/oss_lifestyle\/?page_id=1163"},"modified":"2023-05-21T10:44:13","modified_gmt":"2023-05-21T08:44:13","slug":"hardware","status":"publish","type":"page","link":"https:\/\/speefak.spdns.de\/oss_lifestyle\/informatik\/hardware\/","title":{"rendered":"Hardware"},"content":{"rendered":"<h2>Hardware allgemein<\/h2>\n<p>Hardware bezeichnet den Oberbegriff f\u00fcr die mechanische und elektrotechnische Ausr\u00fcstung eines Systems. In der Regel f\u00e4llt darunter alles was man &#8220;anfassen&#8221; kann.<\/p>\n<p>Sehr einfache Systeme k\u00f6nnen direkt in unver\u00e4nderlicher Hardware implementiert werden (Schwingquarze als taktgebendes Element f\u00fcr die digitale Elektronik). Die Funktion dieser Systeme ist dann fest durch die Struktur der Hardware vorgegeben. Komplexere Hardwaresysteme enthalten aber meist auch programmierbare Elemente, z. B. Prozessoren. Diese in ihrer Struktur ebenfalls festgelegten Bauelemente f\u00fchren eine Abfolge von Instruktionen aus, die ver\u00e4ndert werden k\u00f6nnen (Uhrzeit einer Digitaluhr, jedoch nicht der Taktgeber selber).<\/p>\n<p>Heutzutage ist eine Aufteilung, zum Verst\u00e4ndnis der Struktur eines Rechners und seiner Komponenten sehr sinnvoll und notwendig. Unterschieden wird dabei zwischen den zum Betriebs n\u00f6tigen Bauteilen eines Rechners und verschiedenen Elementen zur Datenein-, und ausgabe, wie z.B. Maus, Tastatur, Tochpad, Drucker, Monitore, Laufwerke etc., die als <a href=\"https:\/\/de.wikipedia.org\/wiki\/Peripherieger%C3%A4t\" target=\"_blank\" rel=\"noopener\">Peripherieger\u00e4te<\/a> bezeichnet werden. Zur Rechner Hardware z\u00e4hlt man im allgemeinen Komponenten wie Netzteil, Geh\u00e4use, L\u00fcfter, Arbeitsspeicher und Hauptplatine.<br \/>\nDas Herzst\u00fcck der meisten Rechner bildet hierbei die Platine, welche im allgemeinen Sprachgebrauch Motherboard oder Mainboard genannt wird. Auf ihr befinden sich weitere Steckpl\u00e4tze durch Diese weitere Komponenten wie Arbeitsreicher, Festplatten, Grafikkarten u.a in das System eingebunden werden k\u00f6nnen.<\/p>\n<h2>Peripherieger\u00e4te<\/h2>\n<p>Peripherieger\u00e4te und Baugruppen eines Computers sind gro\u00dfteils mit logischen Schaltungen aufgebaut. Auch hier gibt es eine Einteilung der Hardware.<\/p>\n<p>Erweiterungskarten (Grafikkarte, Soundkarte, Netzwerkkarte, TV-Karte, ISDN-Karte, USB-Karte, \u2026)<br \/>\nAusgabeger\u00e4te (Drucker, Bildschirm, Beamer, Lautsprecher, \u2026)<br \/>\nEingabeger\u00e4te (Tastatur, Maus, Joystick, \u2026)<br \/>\nEinleseger\u00e4te (verschiedene Arten von Scannern, Mikrofone, Kartenleseger\u00e4te, \u2026)<\/p>\n<h2>Firmware<\/h2>\n<p>Die Hardware eines Computers wird von der Firmware (z. B. BIOS oder EFI) angesprochen. Prinzipiell ist die Firmware eine Art Software, die allerdings nur Basisfunktionen zum Verwalten der Hardware bereitstellt, die dann wiederum von der <a title=\"Software\" href=\"http:\/\/speefak.spdns.de\/oss_lifestyle\/software\/\" target=\"_blank\" rel=\"noopener\">Software<\/a> f\u00fcr h\u00f6here Aufgaben verwendet werden. Am Beispiel der Digitaluhr w\u00e4re der Schwingquarz die Hardware, der Teil der Software die die Schwingungen des Quarzes z\u00e4hlt die Firmware, das Display die Peripherie und das Programm das auf Basis der Firmware die Uhrzeit errechnet die Software. Da eine Digitaluhr aber &#8220;Alles in einem&#8221; ist bezeichnet man diese auch als <a href=\"Eingebettetes_System\" target=\"_blank\" rel=\"noopener\">Eingebettetes_System<\/a><\/p>\n<h2>Eingebettetes System<\/h2>\n<p>Bei sogenannten embedded Prozessoren\/Systemen f\u00fcr z. B. PDAs findet man im gleichen Geh\u00e4use noch ein Ein-\/Ausgabewerk in Form serieller Schnittstellen (z. B. USB), digitalem I\/O (Input\/Ouput) z. B. f\u00fcr L\u00e4mpchen und analogem I\/O f\u00fcr z. B. einen Touch-Screen.<\/p>\n","protected":false},"excerpt":{"rendered":"<p>Hardware allgemein Hardware bezeichnet den Oberbegriff f\u00fcr die mechanische und elektrotechnische Ausr\u00fcstung eines Systems. In der Regel f\u00e4llt darunter alles was man &#8220;anfassen&#8221; kann. Sehr einfache Systeme k\u00f6nnen direkt in unver\u00e4nderlicher Hardware implementiert werden (Schwingquarze als taktgebendes Element f\u00fcr die digitale Elektronik). Die Funktion dieser Systeme ist dann fest durch die Struktur der Hardware vorgegeben. [&hellip;]<\/p>\n","protected":false},"author":1,"featured_media":0,"parent":1216,"menu_order":1,"comment_status":"closed","ping_status":"closed","template":"","meta":{"footnotes":""},"categories":[],"tags":[],"class_list":["post-1163","page","type-page","status-publish","hentry"],"rttpg_featured_image_url":null,"rttpg_author":{"display_name":"speefak","author_link":"https:\/\/speefak.spdns.de\/oss_lifestyle\/author\/speefak_oss\/"},"rttpg_comment":0,"rttpg_category":false,"rttpg_excerpt":"Hardware allgemein Hardware bezeichnet den Oberbegriff f\u00fcr die mechanische und elektrotechnische Ausr\u00fcstung eines Systems. In der Regel f\u00e4llt darunter alles was man &#8220;anfassen&#8221; kann. Sehr einfache Systeme k\u00f6nnen direkt in unver\u00e4nderlicher Hardware implementiert werden (Schwingquarze als taktgebendes Element f\u00fcr die digitale Elektronik). Die Funktion dieser Systeme ist dann fest durch die Struktur der Hardware vorgegeben.&hellip;","_links":{"self":[{"href":"https:\/\/speefak.spdns.de\/oss_lifestyle\/wp-json\/wp\/v2\/pages\/1163","targetHints":{"allow":["GET"]}}],"collection":[{"href":"https:\/\/speefak.spdns.de\/oss_lifestyle\/wp-json\/wp\/v2\/pages"}],"about":[{"href":"https:\/\/speefak.spdns.de\/oss_lifestyle\/wp-json\/wp\/v2\/types\/page"}],"author":[{"embeddable":true,"href":"https:\/\/speefak.spdns.de\/oss_lifestyle\/wp-json\/wp\/v2\/users\/1"}],"replies":[{"embeddable":true,"href":"https:\/\/speefak.spdns.de\/oss_lifestyle\/wp-json\/wp\/v2\/comments?post=1163"}],"version-history":[{"count":0,"href":"https:\/\/speefak.spdns.de\/oss_lifestyle\/wp-json\/wp\/v2\/pages\/1163\/revisions"}],"up":[{"embeddable":true,"href":"https:\/\/speefak.spdns.de\/oss_lifestyle\/wp-json\/wp\/v2\/pages\/1216"}],"wp:attachment":[{"href":"https:\/\/speefak.spdns.de\/oss_lifestyle\/wp-json\/wp\/v2\/media?parent=1163"}],"wp:term":[{"taxonomy":"category","embeddable":true,"href":"https:\/\/speefak.spdns.de\/oss_lifestyle\/wp-json\/wp\/v2\/categories?post=1163"},{"taxonomy":"post_tag","embeddable":true,"href":"https:\/\/speefak.spdns.de\/oss_lifestyle\/wp-json\/wp\/v2\/tags?post=1163"}],"curies":[{"name":"wp","href":"https:\/\/api.w.org\/{rel}","templated":true}]}}